{"id":1365,"date":"2021-05-13T08:52:19","date_gmt":"2021-05-13T06:52:19","guid":{"rendered":"https:\/\/szpital.hhd.pl\/?page_id=1365"},"modified":"2021-08-24T12:34:54","modified_gmt":"2021-08-24T10:34:54","slug":"oddzial-chorob-wewnetrznych","status":"publish","type":"page","link":"https:\/\/szpital.hhd.pl\/?page_id=1365","title":{"rendered":"Oddzia\u0142 Chor\u00f3b Wewn\u0119trznych"},"content":{"rendered":"\n<\/div><\/div><\/div><\/div>\n<style>\n.page-wrap {\n    padding-bottom: 0px;\n}\n<\/style>\n<div class=\"everyPageHead\">\n\n\n\n<section id=\"everyPageHead\" class=\"wp-block-gutentor-m3 section-gma3dcd18 gutentor-module gutentor-container-cover has-image-bg has-custom-bg has-gutentor-block-shape-top has-gutentor-block-shape-bottom\"><div class=\"gutentor-block-shape-top\"><span><svg viewBox=\"0 0 1280 140\" preserveAspectRatio=\"none\" xmlns=\"http:\/\/www.w3.org\/2000\/svg\"><g><path d=\"M0 47.44L170 0l626.48 94.89L1110 87.11l170-39.67V140H0V47.44z\" fill-opacity=\".5\" style=\"fill-rule:evenodd; transform: rotate(180deg); transform-origin:50% 50%;\"\/><path d=\"M0 90.72l140-28.28 315.52 24.14L796.48 65.8 1140 104.89l140-14.17V140H0V90.72z\" style=\"fill-rule:evenodd; transform: rotate(180deg); transform-origin:50% 50%;\"\/><\/g><\/svg><\/span><\/div><div class=\"grid-container\">\n<div style=\"height:200px\" aria-hidden=\"true\" class=\"wp-block-spacer\"><\/div>\n\n\n\n<div id=\"section-g236f10\" class=\"wp-block-gutentor-e1 section-g236f10 gutentor-element gutentor-element-advanced-text text-align-center-desktop\"><div class=\"gutentor-text-wrap\"><h1 class=\"gutentor-text\"><strong>Oddzia\u0142 Chor\u00f3b Wewn\u0119trznych<\/strong><\/h1><\/div><\/div>\n\n\n\n<div style=\"height:200px\" aria-hidden=\"true\" class=\"wp-block-spacer\"><\/div>\n<\/div><div class=\"gutentor-block-shape-bottom\"><span><svg viewBox=\"0 0 1280 140\" preserveAspectRatio=\"none\" xmlns=\"http:\/\/www.w3.org\/2000\/svg\"><g><path d=\"M0 47.44L170 0l626.48 94.89L1110 87.11l170-39.67V140H0V47.44z\" fill-opacity=\".5\" style=\"fill-rule:evenodd; transform: rotate(180deg); transform-origin:50% 50%;\"\/><path d=\"M0 90.72l140-28.28 315.52 24.14L796.48 65.8 1140 104.89l140-14.17V140H0V90.72z\" style=\"fill-rule:evenodd; transform: rotate(180deg); transform-origin:50% 50%;\"\/><\/g><\/svg><\/span><\/div><\/section>\n\n\n\n<\/div>\n<div class=\"container content-wrapper\">\n<div class=\"row>\n<div id=\"primary\" class=\"fp-content-area\">\n<div class=\"entry-content\">\n\n\n\n<section id=\"gm58cce56\" class=\"wp-block-gutentor-m3 section-gm58cce56 gutentor-module gutentor-container-cover\"><div class=\"grid-container\">\n<section id=\"gm9d841b2\" class=\"wp-block-gutentor-m4 section-gm9d841b2 gutentor-module gutentor-advanced-columns\"><div class=\"grid-container\"><div class=\"grid-row\">\n<div id=\"col-gm6d0cd3\" class=\"wp-block-gutentor-m4-col col-gm6d0cd3 gutentor-single-column  grid-lg-2 grid-md-4 grid-5\"><div id=\"section-gm6d0cd3\" class=\"section-gm6d0cd3 gutentor-col-wrap\">\n<section id=\"gm8660e92\" class=\"wp-block-gutentor-m3 section-gm8660e92 gutentor-module gutentor-container-cover\"><div class=\"grid-container gutentor-rm-ct-space-d gutentor-rm-ct-space-t gutentor-rm-ct-space\">\n<div class=\"wp-block-uagb-advanced-heading uagb-block-5dfb8377\"><h4 class=\"uagb-heading-text\">Wa\u017cne Informacje<\/h4><div class=\"uagb-separator-wrap\"><div class=\"uagb-separator\"><\/div><\/div><p class=\"uagb-desc-text\"><\/p><\/div>\n\n\n\n<section id=\"gm0b830eb\" class=\"wp-block-gutentor-m3 section-gm0b830eb gutentor-module gutentor-container-cover\"><div class=\"grid-container gutentor-rm-ct-space-d gutentor-rm-ct-space-t gutentor-rm-ct-space\">\n<section id=\"gmf92a57f\" class=\"wp-block-gutentor-m3 section-gmf92a57f gutentor-module gutentor-container-cover\"><div class=\"grid-container gutentor-rm-ct-space-d gutentor-rm-ct-space-t gutentor-rm-ct-space\">\n<div id=\"section-g1dccb0\" class=\"wp-block-gutentor-e1 section-g1dccb0 gutentor-element gutentor-element-advanced-text\"><div class=\"gutentor-text-wrap\"><p class=\"gutentor-text\">Przyj\u0119cia na Oddzia\u0142 Chor\u00f3b Wewn\u0119trznych odbywaj\u0105 si\u0119 codziennie przez ca\u0142\u0105 dob\u0119.<\/p><\/div><\/div>\n<\/div><\/section>\n<\/div><\/section>\n\n\n\n<div style=\"height:35px\" aria-hidden=\"true\" class=\"wp-block-spacer\"><\/div>\n\n\n\n<div class=\"wp-block-uagb-advanced-heading uagb-block-601b73cc\"><h4 class=\"uagb-heading-text\">Kierownik:<\/h4><div class=\"uagb-separator-wrap\"><div class=\"uagb-separator\"><\/div><\/div><p class=\"uagb-desc-text\">Andrzej Grzelka<\/p><\/div>\n\n\n\n<div id=\"section-g72c08e\" class=\"wp-block-gutentor-e6 section-g72c08e gutentor-element gutentor-element-image gutentor-enabled-width text-align-center-desktop\"><div class=\"gutentor-element-image-box\"><div class=\"gutentor-image-thumb\"><img class=\"normal-image\" src=\"https:\/\/szpital.hhd.pl\/wp-content\/uploads\/2021\/05\/unknown.jpg\"\/><\/div><\/div><\/div>\n\n\n\n<div style=\"height:35px\" aria-hidden=\"true\" class=\"wp-block-spacer\"><\/div>\n\n\n\n<div class=\"wp-block-uagb-advanced-heading uagb-block-414817a5\"><h4 class=\"uagb-heading-text\">Kontakt:<\/h4><div class=\"uagb-separator-wrap\"><div class=\"uagb-separator\"><\/div><\/div><p class=\"uagb-desc-text\"><\/p><\/div>\n\n\n\n<div id=\"section-g9d7b3f\" class=\"wp-block-gutentor-e1 section-g9d7b3f gutentor-element gutentor-element-advanced-text\"><div class=\"gutentor-text-wrap\"><p class=\"gutentor-text\">Gabinet lekarzy:<br>61 281 55 05, <br>61 281 55 80<br><br>Punkt piel\u0119gniarski: <br>61 281 55 10<br><br>Sekretariatu oddzia\u0142u: <br>61 281 54 99<\/p><\/div><\/div>\n<\/div><\/section>\n<\/div><\/div>\n\n\n\n<div id=\"col-gme530c2\" class=\"wp-block-gutentor-m4-col col-gme530c2 gutentor-single-column  grid-lg-10 grid-md-8 grid-7\"><div id=\"section-gme530c2\" class=\"section-gme530c2 gutentor-col-wrap\">\n<div id=\"section-gee99cd\" class=\"wp-block-gutentor-e1 section-gee99cd gutentor-element gutentor-element-advanced-text\"><div class=\"gutentor-text-wrap\"><p class=\"gutentor-text\"><strong>Oddzia\u0142 Chor\u00f3b Wewn\u0119trznych<\/strong> (tzw. Interna) jest jednym z najstarszych oddzia\u0142\u00f3w Szpitala w \u015aremie. Mie\u015bci si\u0119 na II pi\u0119trze, dysponuje 27 \u0142\u00f3\u017ckami.<br><br>Oddzia\u0142 zajmuje si\u0119 diagnoz\u0105 i leczeniem schorze\u0144 narz\u0105d\u00f3w wewn\u0119trznych w zakresie:<br>&#8211; chor\u00f3b uk\u0142adu oddechowego,<br>&#8211; chor\u00f3b serca i uk\u0142adu kr\u0105\u017cenia,<br>&#8211; chor\u00f3b uk\u0142adu pokarmowego,<br>&#8211; chor\u00f3b uk\u0142adu krwiotw\u00f3rczego,<br>&#8211; chor\u00f3b uk\u0142adu moczowego,<br>&#8211; chor\u00f3b uk\u0142adu wewn\u0105trzwydzielniczego,<br>oraz otacza opiek\u0105 pacjent\u00f3w z chorobami nowotworowymi oraz zajmuje si\u0119 chorymi z zatruciami nie wymagaj\u0105cymi hospitalizacji na oddziale intensywnej terapii.<br>W cz\u0119\u015bci oddzia\u0142u wyodr\u0119bniona jest sala intensywnego nadzoru kardiologicznego.<br>Wszystkie procedury medyczne wykonywane s\u0105 na bazie najnowszych mo\u017cliwo\u015bci terapeutycznych i aktualnej wiedzy.<br>Nad pacjentami czuwa profesjonalny zesp\u00f3\u0142 medyczny, w sk\u0142ad kt\u00f3rego wchodz\u0105 :<br>&#8211; lekarz Andrzej Grzelka &#8211; Kierownik<br>&#8211; lekarz Danuta Zdrojowa &#8211; Gawe\u0142<br>&#8211; dr n. med. Ewa Ciesi\u00f3\u0142ka<br>&#8211; lekarz Janusz Abram<br>&#8211; lekarz Maciej Bartz<br>&#8211; lekarz Sylwia Dziurda &#8211; Bielawska<br>&#8211; lekarz Maria Nowak<br>&#8211; lekarz S\u0142awomir Rybka<br>&#8211; lekarz Rados\u0142aw Siwak<br>&#8211; lekarz Natalia Sochacka &#8211; rezydentka<br>Od strony piel\u0119gniarskiej czuwa Miros\u0142awa Wasik &#8211; Piel\u0119gniarka Oddzia\u0142owa, kieruj\u0105ca prac\u0105 zespo\u0142u<br>wykwalifikowanych piel\u0119gniarek i pozosta\u0142ego personelu medycznego.<br>Wa\u017cnym aspektem w procesie leczenia jest szybka diagnostyka. W przypadku Szpitala w \u015aremie&nbsp; wszystkie badania diagnostyczne wykonywane s\u0105 w pracowniach przez wykwalifikowany personel i przy pomocy sprz\u0119tu znajduj\u0105cego si\u0119 na terenie Szpitala, tj. m.in.:<br>&#8211; badania laboratoryjne,<br>&#8211; tomografia komputerowa,<br>&#8211; RTG,<br>&#8211; echokardiografia,<br>&#8211; EKG<br>&#8211; 24-godzinne monitorowanie EKG i ci\u015bnienia t\u0119tniczego metod\u0105 Holtera,<br>&#8211; pr\u00f3by wysi\u0142kowe,<br>&#8211; spirometria,<br>&#8211; endoskopia przewodu pokarmowego,<br>&#8211; ultrasonografia.<\/p><\/div><\/div>\n<\/div><\/div>\n<\/div><\/div><\/section>\n<\/div><\/section>\n","protected":false},"excerpt":{"rendered":"","protected":false},"author":1,"featured_media":3140,"parent":0,"menu_order":0,"comment_status":"closed","ping_status":"closed","template":"template-gutentor-full-width.php","meta":[],"uagb_featured_image_src":{"full":["https:\/\/szpital.hhd.pl\/wp-content\/uploads\/2021\/09\/rysunek-1.svg",50,50,false],"thumbnail":["https:\/\/szpital.hhd.pl\/wp-content\/uploads\/2021\/09\/rysunek-1.svg",150,150,true],"medium":["https:\/\/szpital.hhd.pl\/wp-content\/uploads\/2021\/09\/rysunek-1.svg",300,300,true],"medium_large":["https:\/\/szpital.hhd.pl\/wp-content\/uploads\/2021\/09\/rysunek-1.svg",768,1,true],"large":["https:\/\/szpital.hhd.pl\/wp-content\/uploads\/2021\/09\/rysunek-1.svg",1024,1024,true],"1536x1536":["https:\/\/szpital.hhd.pl\/wp-content\/uploads\/2021\/09\/rysunek-1.svg",50,50,true],"2048x2048":["https:\/\/szpital.hhd.pl\/wp-content\/uploads\/2021\/09\/rysunek-1.svg",50,50,true],"sydney-large-thumb":["https:\/\/szpital.hhd.pl\/wp-content\/uploads\/2021\/09\/rysunek-1.svg",50,50,true],"sydney-medium-thumb":["https:\/\/szpital.hhd.pl\/wp-content\/uploads\/2021\/09\/rysunek-1.svg",50,50,true],"sydney-small-thumb":["https:\/\/szpital.hhd.pl\/wp-content\/uploads\/2021\/09\/rysunek-1.svg",50,50,true],"sydney-service-thumb":["https:\/\/szpital.hhd.pl\/wp-content\/uploads\/2021\/09\/rysunek-1.svg",50,50,true],"sydney-mas-thumb":["https:\/\/szpital.hhd.pl\/wp-content\/uploads\/2021\/09\/rysunek-1.svg",50,50,true]},"uagb_author_info":{"display_name":"zandeckiw","author_link":"https:\/\/szpital.hhd.pl\/?author=1"},"uagb_comment_info":0,"uagb_excerpt":null,"_links":{"self":[{"href":"https:\/\/szpital.hhd.pl\/index.php?rest_route=\/wp\/v2\/pages\/1365"}],"collection":[{"href":"https:\/\/szpital.hhd.pl\/index.php?rest_route=\/wp\/v2\/pages"}],"about":[{"href":"https:\/\/szpital.hhd.pl\/index.php?rest_route=\/wp\/v2\/types\/page"}],"author":[{"embeddable":true,"href":"https:\/\/szpital.hhd.pl\/index.php?rest_route=\/wp\/v2\/users\/1"}],"replies":[{"embeddable":true,"href":"https:\/\/szpital.hhd.pl\/index.php?rest_route=%2Fwp%2Fv2%2Fcomments&post=1365"}],"version-history":[{"count":0,"href":"https:\/\/szpital.hhd.pl\/index.php?rest_route=\/wp\/v2\/pages\/1365\/revisions"}],"wp:featuredmedia":[{"embeddable":true,"href":"https:\/\/szpital.hhd.pl\/index.php?rest_route=\/wp\/v2\/media\/3140"}],"wp:attachment":[{"href":"https:\/\/szpital.hhd.pl\/index.php?rest_route=%2Fwp%2Fv2%2Fmedia&parent=1365"}],"curies":[{"name":"wp","href":"https:\/\/api.w.org\/{rel}","templated":true}]}}