{"id":1397,"date":"2021-05-13T10:34:42","date_gmt":"2021-05-13T08:34:42","guid":{"rendered":"https:\/\/szpital.hhd.pl\/?page_id=1397"},"modified":"2021-07-01T12:37:23","modified_gmt":"2021-07-01T10:37:23","slug":"izba-przyjec","status":"publish","type":"page","link":"https:\/\/szpital.hhd.pl\/?page_id=1397","title":{"rendered":"Izba Przyj\u0119\u0107"},"content":{"rendered":"\n<\/div><\/div><\/div><\/div>\n<style>\n.page-wrap {\n    padding-bottom: 0px;\n}\n<\/style>\n<div class=\"everyPageHead\">\n\n\n\n<section id=\"everyPageHead\" class=\"wp-block-gutentor-m3 section-gm891725d gutentor-module gutentor-container-cover has-image-bg has-custom-bg has-gutentor-block-shape-top has-gutentor-block-shape-bottom\"><div class=\"gutentor-block-shape-top\"><span><svg viewBox=\"0 0 1280 140\" preserveAspectRatio=\"none\" xmlns=\"http:\/\/www.w3.org\/2000\/svg\"><g><path d=\"M0 47.44L170 0l626.48 94.89L1110 87.11l170-39.67V140H0V47.44z\" fill-opacity=\".5\" style=\"fill-rule:evenodd; transform: rotate(180deg); transform-origin:50% 50%;\"\/><path d=\"M0 90.72l140-28.28 315.52 24.14L796.48 65.8 1140 104.89l140-14.17V140H0V90.72z\" style=\"fill-rule:evenodd; transform: rotate(180deg); transform-origin:50% 50%;\"\/><\/g><\/svg><\/span><\/div><div class=\"grid-container\">\n<div style=\"height:200px\" aria-hidden=\"true\" class=\"wp-block-spacer\"><\/div>\n\n\n\n<div id=\"section-ga29d6a\" class=\"wp-block-gutentor-e1 section-ga29d6a gutentor-element gutentor-element-advanced-text text-align-center-desktop\"><div class=\"gutentor-text-wrap\"><h1 class=\"gutentor-text\"><strong>Izba Przyj\u0119\u0107<\/strong><\/h1><\/div><\/div>\n\n\n\n<div style=\"height:200px\" aria-hidden=\"true\" class=\"wp-block-spacer\"><\/div>\n<\/div><div class=\"gutentor-block-shape-bottom\"><span><svg viewBox=\"0 0 1280 140\" preserveAspectRatio=\"none\" xmlns=\"http:\/\/www.w3.org\/2000\/svg\"><g><path d=\"M0 47.44L170 0l626.48 94.89L1110 87.11l170-39.67V140H0V47.44z\" fill-opacity=\".5\" style=\"fill-rule:evenodd; transform: rotate(180deg); transform-origin:50% 50%;\"\/><path d=\"M0 90.72l140-28.28 315.52 24.14L796.48 65.8 1140 104.89l140-14.17V140H0V90.72z\" style=\"fill-rule:evenodd; transform: rotate(180deg); transform-origin:50% 50%;\"\/><\/g><\/svg><\/span><\/div><\/section>\n\n\n\n<\/div>\n<div class=\"container content-wrapper\">\n<div class=\"row>\n<div id=\"primary\" class=\"fp-content-area\">\n<div class=\"entry-content\">\n\n\n\n<section id=\"gm38de5d9\" class=\"wp-block-gutentor-m3 section-gm38de5d9 gutentor-module gutentor-container-cover\"><div class=\"grid-container\">\n<section id=\"gme0a94e1\" class=\"wp-block-gutentor-m4 section-gme0a94e1 gutentor-module gutentor-advanced-columns gutentor-enable-sticky-column\" data-top=\"120\" data-bottom=\"\"><div class=\"grid-container\"><div class=\"grid-row\">\n<div id=\"col-gm364166\" class=\"wp-block-gutentor-m4-col col-gm364166 gutentor-single-column  grid-lg-2 grid-md-4 grid-5\"><div id=\"section-gm364166\" class=\"section-gm364166 gutentor-col-wrap\">\n<section id=\"gmc7bdad5\" class=\"wp-block-gutentor-m3 section-gmc7bdad5 gutentor-module gutentor-container-cover\"><div class=\"grid-container gutentor-rm-ct-space-d gutentor-rm-ct-space-t gutentor-rm-ct-space\">\n<div class=\"wp-block-uagb-advanced-heading uagb-block-75d056f9\"><h4 class=\"uagb-heading-text\">Wa\u017cne Informacje<\/h4><div class=\"uagb-separator-wrap\"><div class=\"uagb-separator\"><\/div><\/div><p class=\"uagb-desc-text\"><\/p><\/div>\n\n\n\n<section id=\"gm2940075\" class=\"wp-block-gutentor-m3 section-gm2940075 gutentor-module gutentor-container-cover\"><div class=\"grid-container\">\n<div id=\"section-g1c8063\" class=\"wp-block-gutentor-e1 section-g1c8063 gutentor-element gutentor-element-advanced-text text-align-center-desktop\"><div class=\"gutentor-text-wrap\"><p class=\"gutentor-text\">Osoby zaszcepione 2 dawkami przeciw COVID (min 8 dni od podania 2 dawki) nie s\u0105 zobowi\u0105zane do wymazu przed przyj\u0119ciem na oddzia\u0142 szpitalny. <strong>Wymagany dow\u00f3d przebytego szczepienia<\/strong><\/p><\/div><\/div>\n<\/div><\/section>\n\n\n\n<div style=\"height:35px\" aria-hidden=\"true\" class=\"wp-block-spacer\"><\/div>\n\n\n\n<div class=\"wp-block-uagb-advanced-heading uagb-block-dc81a1b5\"><h4 class=\"uagb-heading-text\">Kontakt:<\/h4><div class=\"uagb-separator-wrap\"><div class=\"uagb-separator\"><\/div><\/div><p class=\"uagb-desc-text\"><\/p><\/div>\n\n\n\n<div id=\"section-g94c1e2\" class=\"wp-block-gutentor-e1 section-g94c1e2 gutentor-element gutentor-element-advanced-text text-align-center-desktop\"><div class=\"gutentor-text-wrap\"><p class=\"gutentor-text\"><strong>Izba Przyj\u0119\u0107:<\/strong><br>612 815 624<br><br><strong>Zg\u0142oszenia \u015bwiadcze\u0144 piel\u0119gniarskich do realizacji w domu:<\/strong><br>612 815 641<br>lub<br>504 122 025<\/p><\/div><\/div>\n<\/div><\/section>\n<\/div><\/div>\n\n\n\n<div id=\"col-gm646080\" class=\"wp-block-gutentor-m4-col col-gm646080 gutentor-single-column  grid-lg-10 grid-md-8 grid-7\"><div id=\"section-gm646080\" class=\"section-gm646080 gutentor-col-wrap\">\n<div id=\"section-gdcb3f8\" class=\"wp-block-gutentor-e1 section-gdcb3f8 gutentor-element gutentor-element-advanced-text\"><div class=\"gutentor-text-wrap\"><h4 class=\"gutentor-text\">Odno\u015bniki:<\/h4><\/div><\/div>\n\n\n\n<div class=\"wp-container-4 wp-block-group\"><div class=\"wp-block-group__inner-container\">\n<section id=\"gm7193062\" class=\"wp-block-gutentor-m4 section-gm7193062 gutentor-module gutentor-advanced-columns\"><div class=\"grid-container\"><div class=\"grid-row\">\n<div id=\"col-gm6e88ac\" class=\"wp-block-gutentor-m4-col col-gm6e88ac gutentor-single-column  grid-lg-6 grid-md-12 grid-12\"><div id=\"section-gm6e88ac\" class=\"section-gm6e88ac gutentor-col-wrap\">\n<div id=\"section-g1ee145\" class=\"wp-block-gutentor-e1 section-g1ee145 gutentor-element gutentor-element-advanced-text\"><div class=\"gutentor-text-wrap\"><h5 class=\"gutentor-text\"><strong><strong>Przyj\u0119cia w trybie planowym ze skierowaniem<\/strong><\/strong><\/h5><\/div><\/div>\n\n\n\n<div class=\"wp-container-1 wp-block-buttons is-content-justification-left\">\n<div class=\"wp-block-button\"><a class=\"wp-block-button__link has-background\" href=\"#planowy\" style=\"background-color:#008cd2\">Przejd\u017a<\/a><\/div>\n<\/div>\n<\/div><\/div>\n\n\n\n<div id=\"col-gmcaca25\" class=\"wp-block-gutentor-m4-col col-gmcaca25 gutentor-single-column  grid-lg-6 grid-md-12 grid-12\"><div id=\"section-gmcaca25\" class=\"section-gmcaca25 gutentor-col-wrap\">\n<div id=\"section-gf79204\" class=\"wp-block-gutentor-e1 section-gf79204 gutentor-element gutentor-element-advanced-text\"><div class=\"gutentor-text-wrap\"><h5 class=\"gutentor-text\"><strong><strong>Przyj\u0119cia w trybie nieplanowym ze skierowaniem<\/strong><\/strong><\/h5><\/div><\/div>\n\n\n\n<div class=\"wp-container-2 wp-block-buttons is-content-justification-left\">\n<div class=\"wp-block-button\"><a class=\"wp-block-button__link has-background\" href=\"#nieplanowy\" style=\"background-color:#008cd2\">Przejd\u017a<\/a><\/div>\n<\/div>\n<\/div><\/div>\n<\/div><\/div><\/section>\n\n\n\n<div class=\"wp-container-3 wp-block-group\"><div class=\"wp-block-group__inner-container\"><\/div><\/div>\n<\/div><\/div>\n\n\n\n<hr class=\"wp-block-separator\"\/>\n\n\n\n<div style=\"height:100px\" aria-hidden=\"true\" class=\"wp-block-spacer\"><\/div>\n\n\n\n<div class=\"wp-block-uagb-advanced-heading uagb-block-ee3afe52\"><h2 class=\"uagb-heading-text\"><strong>Izba Przyj\u0119\u0107<\/strong><\/h2><div class=\"uagb-separator-wrap\"><div class=\"uagb-separator\"><\/div><\/div><p class=\"uagb-desc-text\"><\/p><\/div>\n\n\n\n<div id=\"section-gb8c97c\" class=\"wp-block-gutentor-e1 section-gb8c97c gutentor-element gutentor-element-advanced-text\"><div class=\"gutentor-text-wrap\"><p class=\"gutentor-text\"><strong>UWAGA<br><br>Pacjent przyjmowany do planowej hospitalizacji b\u0119d\u0105cy zaszczepiony I i II dawk\u0105 szczepionki przeciw COVID<br>nie musi by\u0107 wymazywany przed przyj\u0119ciem w oddzia\u0142 szpitalny .<br>Zwolnienie pacjenta\u00a0 z wymazu nast\u0119puje od 8 doby wyszczepienia II dawk\u0105 szczepionki.<br><br>Zadaniem pacjenta przed przyj\u0119ciem do szpitala jest udokumentowanie przebytego szczepienia.<\/strong><br><strong><br><\/strong><br><strong><br><\/strong><br><strong>Biuro Przyj\u0119\u0107 Planowych Szpitala Powiatowego im. Tadeusza Mali\u0144skiego w \u015aremie sp. z o.o. czynna jest od poniedzia\u0142ku do pi\u0105tku w godzinach od 7.00 do 11.30.<\/strong><br><strong>Podstawowym zadaniem Biura\u00a0 Przyj\u0119\u0107 planowych\u00a0 jest przyjmowanie chorych do leczenia szpitalnego Przyj\u0119cia <a href=\"http:\/\/www.szpital-srem.pl\/index\/show\/id\/67\/mi\/68\">planowe na podstawie skierowania<\/a> &#8211; wszelkich informacji udziela na miejscu personel Biura Izby Przyj\u0119\u0107).<\/strong><br><br>W przypadku nag\u0142ego zachorowania lub pogorszenia si\u0119 stanu zdrowia nale\u017cy skorzysta\u0107 z porad lekarza rodzinnego do godz. 18.00. W godzinach p\u00f3\u017aniejszych mo\u017cna skorzysta\u0107 z porady lekarskiej w ramach Nocnej i \u015awi\u0105ecznej Opieki Zdrowotnej. Gabinet znajduje si\u0119 na parterze, w cz\u0119\u015bci przychodnianej &#8211; pok\u00f3j nr 15. Realizacja \u015bwiadcze\u0144 odbywa si\u0119 od pn. do pt. w godz. od 18.00 do 8.00 dnia nast\u0119pnego, tak\u017ce w soboty, niedziele i \u015bwi\u0119ta, ca\u0142odobowo.<br>Zg\u0142oszenia \u015bwiadcze\u0144 piel\u0119gniarskich do realizacji w domu mo\u017cna zg\u0142osi\u0107 pod numerem telefonu 61 281 5641 (od godz. 18.00) lub pod numerem kom\u00f3rkowym 504 122 025 (ca\u0142odobowo)<br><br><br><strong>Dokumenty<\/strong><br><strong>uprawniaj\u0105ce do uzyskania bezp\u0142atnych \u015bwiadcze\u0144 zdrowotnych:<\/strong><br>\u00a0<br>Numer PESEL jest niezb\u0119dny do potwierdzenia prawa pacjenta do uzyskania bezp\u0142atnych \u015bwiadcze\u0144 zdrowotnych.\u00a0<br>Potwierdzenie to\u017csamo\u015bci pacjenta &#8211; w przypadku osoby doros\u0142ej, nast\u0119puje poprzez okazanie jednego z n\/w dokument\u00f3w:<br>&#8211; dowodu osobistego,<br>&#8211; paszportu<br>&#8211; lub prawa jazdy.<br>Je\u017celi pacjentem jest:<br>&#8211; ucz\u0105ce si\u0119 dziecko do 18 roku \u017cycia &#8211; dokumentem potwierdzaj\u0105cym to\u017csamo\u015b\u0107 jest legitymacja szkolna, w razie jej nie posiadania &#8211; jeden z dokument\u00f3w takich, jak w przypadku osoby doros\u0142ej,<br>&#8211; dziecko do 6 roku \u017cycia &#8211; dokumentem potwierdzaj\u0105cym to\u017csamo\u015b\u0107 dziecka jest paszport lub dow\u00f3d biometryczny, w przypadku jego braku pisemne o\u015bwiadczenie rodzica lub opiekuna dziecka,<br>&#8211; dziecko do 3 miesi\u0105ca \u017cycia, kt\u00f3re nie ma jeszcze nadanego w\u0142asnego numeru PESEL, prawo do \u015bwiadcze\u0144 powinno zosta\u0107 potwierdzone numerem PESEL rodzica lub opiekuna dziecka.\u00a0<br>W przypadku, gdy system eWU\u015a nie potwierdza uprawnie\u0144 pacjenta do \u015bwiadcze\u0144, a pacjent ma pewno\u015b\u0107, \u017ce takie uprawnienia posiada, mo\u017ce je potwierdzi\u0107 za pomoc\u0105 odpowiedniego aktualnego dokumentu, b\u0105d\u017a poprzez z\u0142o\u017cenie odpowiedniego o\u015bwiadczenia (tj. &#8222;O\u015bwiadczenie o przys\u0142uguj\u0105cym \u015bwiadczeniobiorcy prawie do \u015bwiadcze\u0144 opieki zdrowotnej&#8221; lub &#8222;O\u015bwiadczenie o przys\u0142uguj\u0105cym \u015bwiadczeniobiorcy prawie do \u015bwiadcze\u0144 opieki zdrowotnej sk\u0142adane przez przedstawiciela ustawowego albo opiekuna prawnego lub faktycznego&#8221;).<br><strong><em>Spis dokument\u00f3w,<\/em><\/strong> kt\u00f3rymi pacjent posiadaj\u0105cy prawo do leczenia na podstawie polskich przepis\u00f3w prawa mo\u017ce potwierdzi\u0107 swoje aktualne prawo do \u015bwiadcze\u0144 opieki zdrowotnej finansowanych ze \u015brodk\u00f3w publicznych (dotyczy sytuacji, w kt\u00f3rej system eWU\u015a nie potwierdza prawa pacjenta do \u015bwiadcze\u0144 i nie zostaje podpisane przez pacjenta odpowiednie o\u015bwiadczenie):<br>&#8211; Zg\u0142oszenie do ubezpieczenia z dowodem op\u0142acania sk\u0142adek.<br>&#8211; Za\u015bwiadczenie potwierdzaj\u0105ce prawo do \u015bwiadcze\u0144.<br>&#8211; Imienny raport miesi\u0119czny dla osoby ubezpieczonej &#8211; RMUA.<br>&#8211; Legitymacja ubezpieczeniowa.<br>&#8211; Legitymacja rencisty\/emeryta.<br>&#8211; Decyzja w\u00f3jta, burmistrza, prezydenta miasta.<br>&#8211; Dokument potwierdzaj\u0105cy dodatkowe uprawnienia, np. za\u015bwiadczenie lekarskie potwierdzaj\u0105ce chorob\u0119 zaka\u017an\u0105 (gru\u017alica, HIV).<br>&#8211; Inny dokument potwierdzaj\u0105cy uprawnienia, np. odcinek renty lub emerytury.<br>&#8211; Dokument UE (tj. Europejska Karta Ubezpieczenia Zdrowotnego &#8211; EKUZ, Certyfikat tymczasowo zast\u0119puj\u0105cy EKUZ, Po\u015bwiadczenie potwierdzaj\u0105ce prawo do \u015bwiadcze\u0144 opieki zdrowotnej na terytorium RP, Formularz z serii E, Dokument przeno\u015bny S lub DA1).\u00a0<br><em><strong>Poza kolejno\u015bci\u0105 ze \u015bwiadcze\u0144 opieki zdrowotnej oraz z us\u0142ug farmaceutycznych udzielanych w aptekach mog\u0105 korzysta\u0107:<\/strong><\/em><br>&#8211; pacjenci posiadaj\u0105cy tytu\u0142 &#8222;Zas\u0142u\u017conego Honorowego Dawcy Krwi&#8221; lub &#8222;Zas\u0142u\u017conego Dawcy Przeszczepu&#8221;,<br>&#8211; inwalidzi wojenni i wojskowi oraz kombatanci<br>&#8211; uprawnieni \u017co\u0142nierze i pracownicy oraz weterani poszkodowani &#8211; w zakresie leczenia uraz\u00f3w i chor\u00f3b nabytych podczas wykonywania zada\u0144 poza granicami pa\u0144stwa<br>&#8211; kobiety w ci\u0105\u017cy (od 01.01.2017)<br>&#8211; \u015bwiadczeniobiorcy do 18 r.\u017c., u kt\u00f3rych stwierdzono ci\u0105\u017ckie i nieodwracalne upo\u015bledzenie albo nieuleczaln\u0105 chorob\u0119 zagra\u017caj\u0105c\u0105 \u017cyciu, kt\u00f3re powsta\u0142y w prenatalnym okresie rozwoju dziecka lub w czasie porodu (od 01.01.2017)<br>&#8211; dzia\u0142acze opozycji antykomunistycznej i osoby represjonowane z powod\u00f3w politycznych (od 31.08.2017),<br>&#8211; osoby posiadaj\u0105ce orzeczenie o znacznym stopniu niepe\u0142nosprawno\u015bci (od 01.07.2018)<br>&#8211; osoby deportowane do pracy przymusowej oraz osadzone w obozach pracy przez III Rzesz\u0119 i ZSRS (od 30.10.2018).<br><em><strong>Inwalidzi wojenni i wojskowi, osoby represjonowane oraz kombatanci uprawnieni s\u0105 do ambulatoryjnych \u015bwiadcze\u0144 specjalistycznych bez skierowania lekarza ubezpieczenia zdrowotnego.<\/strong><\/em><br>Podstaw\u0105 do uzyskania \u015bwiadcze\u0144 opieki zdrowotnej przez osoby korzystaj\u0105ce ze wskazanych przywilej\u00f3w jest okazanie dowodu ubezpieczenia oraz dokumentu potwierdzaj\u0105cego uprawnienia tj. odpowiednio:<br>&#8211; Legitymacji Zas\u0142u\u017conego Dawcy Przeszczepu wydanej przez Ministra Zdrowia,<br>&#8211; Legitymacji Zas\u0142u\u017conego Honorowego Dawcy Krwi wydanej przez Zarz\u0105d Okr\u0119gowy Polskiego Czerwonego Krzy\u017ca,<br>&#8211; Legitymacji inwalidy wojennego i wojskowego wydanej przez Zak\u0142ad Ubezpiecze\u0144 Spo\u0142ecznych,<br>&#8211; Legitymacji osoby represjonowanej wydanej przez Zak\u0142ad Ubezpiecze\u0144 Spo\u0142ecznych,<br>&#8211; Legitymacji Kombatanta wydawanej przez Urz\u0105d ds. Kombatant\u00f3w i Os\u00f3b Represjonowanych.<br><strong><em>Korzystanie poza kolejno\u015bci\u0105 za \u015bwiadcze\u0144 opieki zdrowotnej w szpitalach oraz ze \u015bwiadcze\u0144 specjalistycznych w ambulatoryjnej opiece zdrowotnej oznacza \u017ce:<\/em><\/strong><br>&#8211; \u015bwidczeniodawca udziela tych \u015bwiadcze\u0144 poza kolejno\u015bci\u0105 przyj\u0119\u0107 wynikaj\u0105c\u0105 z prowadzonej przez niego\u00a0 listy oczekuj\u0105cych<br>&#8211; \u015bwiadczeniodawca udziela tych \u015bwiadcze\u0144 w dniu zg\u0142oszenia<br>&#8211; w przypadku gdy udzielenie \u015bwiadczenia nie jest mo\u017cliwe w dniu zg\u0142oszenia \u015bwiadczenidawca wyznacza inny termin poza kolejno\u015bci\u0105 przyj\u0119\u0107 wynikaj\u0105c\u0105 z prowadzonej przez niego listy oczekuj\u0105cych<br>&#8211; \u015bwiadczenia z zakresu ambulatoryjnej opieki zdrowotnej nie mo\u017ce by\u0107 udzielone w terminie p\u00f3\u017aniejszym ni\u017c w ci\u0105gu 7 dni roboczych od dnia zg\u0142oszenia<br>&#8211; osoby uprawnione korzystaj\u0105 ze \u015bwiadcze\u0144 opieki zdrowotnej po okazaniu w\u0142a\u015bciwego dokumentu potwierdzaj\u0105cego uprawnienia.<\/p><\/div><\/div>\n\n\n\n<hr class=\"wp-block-separator\" id=\"planowy\"\/>\n\n\n\n<div style=\"height:100px\" aria-hidden=\"true\" class=\"wp-block-spacer\"><\/div>\n\n\n\n<div class=\"wp-block-uagb-advanced-heading uagb-block-46429c0d\"><h2 class=\"uagb-heading-text\"><strong>Przyj\u0119cia w trybie planowym ze skierowaniem<\/strong><\/h2><div class=\"uagb-separator-wrap\"><div class=\"uagb-separator\"><\/div><\/div><p class=\"uagb-desc-text\"><\/p><\/div>\n\n\n\n<p>W przypadku przyj\u0119cia planowego, czyli zgodnego z wyznaczon\u0105 wcze\u015bniej dat\u0105 i godzin\u0105 oraz nazw\u0105 oddzia\u0142u, <strong>pacjent powinien<\/strong> <strong>zg\u0142osi\u0107 si\u0119 na<\/strong><strong> Izb\u0119 Przyj\u0119\u0107, kt\u00f3ra&nbsp; czynna jest od&nbsp; poniedzia\u0142ku do pi\u0105tku od 7.00-11.30. Pacjenci z wyznaczon\u0105 dat\u0105 przyj\u0119cia i skierowaniem w niedziele i \u015bwi\u0119ta przyjmowani s\u0105 w Szpitalnym Oddziale Ratunkowym &#8211; w godzinach 9.00-15.00.<\/strong><\/p>\n\n\n\n<p><strong>Pacjent powinien zg\u0142osi\u0107 si\u0119&nbsp; z nast\u0119puj\u0105cymi dokumentami:<\/strong><br>&#8211; skierowanie do szpitala,<br>&#8211; dokument potwierdzaj\u0105cy to\u017csamo\u015b\u0107 &#8211; dow\u00f3d osobisty, prawo jazdy lub paszport,<br>&#8211; obcokrajowcy powinni przedstawi\u0107 rodzaj i numer karty pobytu oraz numer identyfikacyjny Unii Europejskiej,<br>&#8211; dokumenty dot. stanu zdrowia lub wcze\u015bniejszych pobyt\u00f3w w szpitalu, np. karta informacyjna z wcze\u015bniejszego leczenia szpitalnego, wyniki bada\u0144, konsultacji, itp.<\/p>\n\n\n\n<p>Nast\u0119pnie pacjent badany jest przez odpowiedniego lekarza z oddzia\u0142u, kt\u00f3ry dokonuje kwalifikacji do leczenia (kwalifikacja do leczenia szpitalnego lub inna decyzja).<br>Je\u015bli pacjent zostaje zakwalifikowany do leczenia szpitalnego, powinien potwierdzi\u0107 ten fakt podpisem na poni\u017cszych dokumentach:<br>&#8211; zgod\u0119 na hospitalizacj\u0119,<br>&#8211; o\u015bwiadczenie o wyra\u017ceniu (b\u0105d\u017a nie wyra\u017ceniu) zgody na udzielanie informacji o jego stanie zdrowia, udost\u0119pnianie dokumentacji medycznej, wyznaczenia os\u00f3b do kontaktu oraz o poinformowaniu o przys\u0142uguj\u0105cych prawach i zapoznaniu si\u0119 z Kart\u0105 Praw Pacjenta.<br><br>Po za\u0142atwieniu cz\u0119\u015bci formalnej, pacjent kierowany jest do przebieralni, gdzie pozostawia rzeczy w Depozycie odzie\u017cy przej\u015b\u0107, a nast\u0119pnie w towarzystwie personelu szpitalnego trafia na w\u0142a\u015bciwy oddzia\u0142.<br><br><strong>Zg\u0142aszaj\u0105c si\u0119 do Szpitala pacjent powinien zabra\u0107 ze sob\u0105:<\/strong><br>&#8211; pi\u017cam\u0119 i kapcie,<br>&#8211; bielizn\u0119 osobist\u0105,<br>&#8211; szlafrok,<br>&#8211; r\u0119cznik,<br>&#8211; przybory toaletowe,<br>&#8211; sztu\u0107ce.<\/p>\n\n\n\n<p><strong>Uwaga!<\/strong><\/p>\n\n\n\n<p>1. O kolejno\u015bci przyjmowania na poszczeg\u00f3lne oddzia\u0142y decyduje kolejno\u015b\u0107 zg\u0142aszania si\u0119 do Izby Przyj\u0119\u0107, za wyj\u0105tkiem os\u00f3b wymagaj\u0105cych szybkiego dokonania procedury przyj\u0119cia.<br><br>2. W przypadku os\u00f3b, kt\u00f3re nie uko\u0144czy\u0142y 16 roku \u017cycia, wszystkie dokumenty podpisywane s\u0105 przez rodzic\u00f3w b\u0105d\u017a prawomocnych opiekun\u00f3w. Osoby w wieku 16-18 lat podpisuj\u0105 dokumenty wraz z rodzicami b\u0105d\u017a prawomocnymi opiekunami. Samodzielnie podpisuj\u0105 dokumenty osoby, kt\u00f3re uko\u0144czy\u0142y 18 lat.<br>W przypadku os\u00f3b chorych psychicznie b\u0105d\u017a ubezw\u0142asnowolnionych wymagane s\u0105 podpisy prawnych opiekun\u00f3w.<br><br>3. Izba Przyj\u0119\u0107 czynna jest od poniedzia\u0142ku do pi\u0105tku w godzinach 7.00-11.30. Przyj\u0119cia w SOR &#8211; soboty, niedziele i \u015bwi\u0119ta &#8211; ca\u0142\u0105 dob\u0119.<\/p>\n\n\n\n<p>4.Kontakt telefoniczny do Izby Przyj\u0119\u0107: 61 281 56 24.SOR: 61 281 56 18.<\/p>\n\n\n\n<hr class=\"wp-block-separator\" id=\"nieplanowy\"\/>\n\n\n\n<div style=\"height:100px\" aria-hidden=\"true\" class=\"wp-block-spacer\"><\/div>\n\n\n\n<div class=\"wp-block-uagb-advanced-heading uagb-block-5035833d\"><h2 class=\"uagb-heading-text\"><strong>Przyj\u0119cia w trybie nieplanowym ze skierowaniem<\/strong><\/h2><div class=\"uagb-separator-wrap\"><div class=\"uagb-separator\"><\/div><\/div><p class=\"uagb-desc-text\"><\/p><\/div>\n\n\n\n<div id=\"section-g0c1e6f\" class=\"wp-block-gutentor-e1 section-g0c1e6f gutentor-element gutentor-element-advanced-text\"><div class=\"gutentor-text-wrap\"><p class=\"gutentor-text\">W przypadku przyj\u0119cia nieplanowego, czyli bez wyznaczonej wcze\u015bniej daty i godziny,\u00a0z zaznaczon\u0105 na skierowaniu nazw\u0105 oddzia\u0142u,\u00a0pacjent powinien zg\u0142osi\u0107 si\u0119 w godzinach od 7.00 &#8211; 7.00 dnia nast\u0119pnego do Szpitalnego Oddzia\u0142u Ratunkowego z nast\u0119puj\u0105cymi dokumentami:<br>&#8211; skierowanie do szpitala<br>&#8211; dokument potwierdzaj\u0105cy to\u017csamo\u015b\u0107 &#8211; dow\u00f3d osobisty, prawo jazdy lub paszport,<br>-dokumenty dot. stanu zdrowia lub wcze\u015bniejszych pobyt\u00f3w w szpitalu, np. karta informacyjna z leczenia szpitalnego, wyniki bada\u0144, konsultacji, itp.<br><br>Nast\u0119pnie pacjent badany jest przez odpowiedniego lekarza z oddzia\u0142u, kt\u00f3ry dokonuje kwalifikacji do leczenia (kwalifikacja do leczenia szpitalnego lub inna decyzja).<br>Je\u015bli pacjent zostaje zakwalifikowany do leczenia szpitalnego, powinien potwierdzi\u0107 ten fakt podpisem na poni\u017cszych dokumentach:<br>&#8211; zgod\u0119 (b\u0105d\u017a jej brak) na hospitalizacj\u0119,<br>&#8211; o\u015bwiadczenie o wyra\u017ceniu (b\u0105d\u017a nie wyra\u017ceniu) zgody na udzielanie informacji o jego stanie zdrowia, udost\u0119pnianie dokumentacji medycznej, wyznaczenia os\u00f3b do kontaktu oraz o poinformowaniu o przys\u0142uguj\u0105cych prawach i zapoznaniu si\u0119 z Kart\u0105 Praw Pacjenta.<br><br>Po za\u0142atwieniu cz\u0119\u015bci formalnej i w przypadku, gdy pacjent pozostaje w szpitalu, kierowany jest do przebieralni, gdzie mo\u017ce po pozostawieniu rzeczy w Depozycie odzie\u017cy przej\u015b\u0107 w towarzystwie personelu szpitalnego na w\u0142a\u015bciwie oddzia\u0142.<br><br>Zg\u0142aszaj\u0105c si\u0119 do Szpitala pacjent powinien zabra\u0107 ze sob\u0105:<br>&#8211; pi\u017cam\u0119 i kapcie,<br>&#8211; bielizn\u0119 osobist\u0105,<br>&#8211; szlafrok,<br>&#8211; r\u0119cznik,<br>&#8211; przybory toaletowe,<br>&#8211; sztu\u0107ce.<br><br><br><strong>Uwaga!<br><br><\/strong><br>1. O kolejno\u015bci przyjmowania na poszczeg\u00f3lne oddzia\u0142y <strong>decyduje kolejno\u015b\u0107 <\/strong>zg\u0142aszania si\u0119 do Szpitalnego Oddzia\u0142u Ratunkowego za wyj\u0105tkiem os\u00f3b wymagaj\u0105cych szybkiego dokonania procedury przyj\u0119cia.<br><br>2. W przypadku os\u00f3b, kt\u00f3re nie uko\u0144czy\u0142y 16 roku \u017cycia, wszystkie dokumenty podpisywane s\u0105 przez rodzic\u00f3w b\u0105d\u017a prawomocnych opiekun\u00f3w. Osoby w wieku 16-18 lat podpisuj\u0105 dokumenty wraz z rodzicami b\u0105d\u017a prawomocnymi opiekunami. Samodzielnie podpisuj\u0105 dokumenty osoby, kt\u00f3re uko\u0144czy\u0142y 18 lat.<br>W przypadku os\u00f3b chorych psychicznie b\u0105d\u017a ubezw\u0142asnowolnionych wymagane s\u0105 podpisy prawnych opiekun\u00f3w.<br><br>3. Szpitalny Oddzia\u0142 Ratunkowy\u00a0 przyjmuje pacjent\u00f3w\u00a0 od poniedzia\u0142ku do pi\u0105tku oraz w weekendy i \u015bwi\u0119ta 24h\/dob\u0119<strong>.<\/strong><br>4. Kontakt telefoniczny do SOR -u : 61 281 56 18<\/p><\/div><\/div>\n<\/div><\/div>\n<\/div><\/div><\/section>\n<\/div><\/section>\n","protected":false},"excerpt":{"rendered":"","protected":false},"author":1,"featured_media":3140,"parent":0,"menu_order":0,"comment_status":"closed","ping_status":"closed","template":"template-gutentor-full-width.php","meta":[],"uagb_featured_image_src":{"full":["https:\/\/szpital.hhd.pl\/wp-content\/uploads\/2021\/09\/rysunek-1.svg",50,50,false],"thumbnail":["https:\/\/szpital.hhd.pl\/wp-content\/uploads\/2021\/09\/rysunek-1.svg",150,150,true],"medium":["https:\/\/szpital.hhd.pl\/wp-content\/uploads\/2021\/09\/rysunek-1.svg",300,300,true],"medium_large":["https:\/\/szpital.hhd.pl\/wp-content\/uploads\/2021\/09\/rysunek-1.svg",768,1,true],"large":["https:\/\/szpital.hhd.pl\/wp-content\/uploads\/2021\/09\/rysunek-1.svg",1024,1024,true],"1536x1536":["https:\/\/szpital.hhd.pl\/wp-content\/uploads\/2021\/09\/rysunek-1.svg",50,50,true],"2048x2048":["https:\/\/szpital.hhd.pl\/wp-content\/uploads\/2021\/09\/rysunek-1.svg",50,50,true],"sydney-large-thumb":["https:\/\/szpital.hhd.pl\/wp-content\/uploads\/2021\/09\/rysunek-1.svg",50,50,true],"sydney-medium-thumb":["https:\/\/szpital.hhd.pl\/wp-content\/uploads\/2021\/09\/rysunek-1.svg",50,50,true],"sydney-small-thumb":["https:\/\/szpital.hhd.pl\/wp-content\/uploads\/2021\/09\/rysunek-1.svg",50,50,true],"sydney-service-thumb":["https:\/\/szpital.hhd.pl\/wp-content\/uploads\/2021\/09\/rysunek-1.svg",50,50,true],"sydney-mas-thumb":["https:\/\/szpital.hhd.pl\/wp-content\/uploads\/2021\/09\/rysunek-1.svg",50,50,true]},"uagb_author_info":{"display_name":"zandeckiw","author_link":"https:\/\/szpital.hhd.pl\/?author=1"},"uagb_comment_info":0,"uagb_excerpt":null,"_links":{"self":[{"href":"https:\/\/szpital.hhd.pl\/index.php?rest_route=\/wp\/v2\/pages\/1397"}],"collection":[{"href":"https:\/\/szpital.hhd.pl\/index.php?rest_route=\/wp\/v2\/pages"}],"about":[{"href":"https:\/\/szpital.hhd.pl\/index.php?rest_route=\/wp\/v2\/types\/page"}],"author":[{"embeddable":true,"href":"https:\/\/szpital.hhd.pl\/index.php?rest_route=\/wp\/v2\/users\/1"}],"replies":[{"embeddable":true,"href":"https:\/\/szpital.hhd.pl\/index.php?rest_route=%2Fwp%2Fv2%2Fcomments&post=1397"}],"version-history":[{"count":0,"href":"https:\/\/szpital.hhd.pl\/index.php?rest_route=\/wp\/v2\/pages\/1397\/revisions"}],"wp:featuredmedia":[{"embeddable":true,"href":"https:\/\/szpital.hhd.pl\/index.php?rest_route=\/wp\/v2\/media\/3140"}],"wp:attachment":[{"href":"https:\/\/szpital.hhd.pl\/index.php?rest_route=%2Fwp%2Fv2%2Fmedia&parent=1397"}],"curies":[{"name":"wp","href":"https:\/\/api.w.org\/{rel}","templated":true}]}}