{"id":1498,"date":"2021-05-14T12:49:16","date_gmt":"2021-05-14T10:49:16","guid":{"rendered":"https:\/\/szpital.hhd.pl\/?page_id=1498"},"modified":"2021-07-01T12:36:54","modified_gmt":"2021-07-01T10:36:54","slug":"urologia","status":"publish","type":"page","link":"https:\/\/szpital.hhd.pl\/?page_id=1498","title":{"rendered":"Urologia"},"content":{"rendered":"\n<\/div><\/div><\/div><\/div>\n<style>\n.page-wrap {\n    padding-bottom: 0px;\n}\n<\/style>\n<div class=\"everyPageHead\">\n\n\n\n<section id=\"everyPageHead\" class=\"wp-block-gutentor-m3 section-gm753d92b gutentor-module gutentor-container-cover has-image-bg has-custom-bg has-gutentor-block-shape-top has-gutentor-block-shape-bottom\"><div class=\"gutentor-block-shape-top\"><span><svg viewBox=\"0 0 1280 140\" preserveAspectRatio=\"none\" xmlns=\"http:\/\/www.w3.org\/2000\/svg\"><g><path d=\"M0 47.44L170 0l626.48 94.89L1110 87.11l170-39.67V140H0V47.44z\" fill-opacity=\".5\" style=\"fill-rule:evenodd; transform: rotate(180deg); transform-origin:50% 50%;\"\/><path d=\"M0 90.72l140-28.28 315.52 24.14L796.48 65.8 1140 104.89l140-14.17V140H0V90.72z\" style=\"fill-rule:evenodd; transform: rotate(180deg); transform-origin:50% 50%;\"\/><\/g><\/svg><\/span><\/div><div class=\"grid-container\">\n<div style=\"height:200px\" aria-hidden=\"true\" class=\"wp-block-spacer\"><\/div>\n\n\n\n<div id=\"section-g2b8ca2\" class=\"wp-block-gutentor-e1 section-g2b8ca2 gutentor-element gutentor-element-advanced-text text-align-center-desktop\"><div class=\"gutentor-text-wrap\"><h1 class=\"gutentor-text\"><strong>Oddzia\u0142 Urologiczny<\/strong><\/h1><\/div><\/div>\n\n\n\n<div style=\"height:200px\" aria-hidden=\"true\" class=\"wp-block-spacer\"><\/div>\n<\/div><div class=\"gutentor-block-shape-bottom\"><span><svg viewBox=\"0 0 1280 140\" preserveAspectRatio=\"none\" xmlns=\"http:\/\/www.w3.org\/2000\/svg\"><g><path d=\"M0 47.44L170 0l626.48 94.89L1110 87.11l170-39.67V140H0V47.44z\" fill-opacity=\".5\" style=\"fill-rule:evenodd; transform: rotate(180deg); transform-origin:50% 50%;\"\/><path d=\"M0 90.72l140-28.28 315.52 24.14L796.48 65.8 1140 104.89l140-14.17V140H0V90.72z\" style=\"fill-rule:evenodd; transform: rotate(180deg); transform-origin:50% 50%;\"\/><\/g><\/svg><\/span><\/div><\/section>\n\n\n\n<\/div>\n<div class=\"container content-wrapper\">\n<div class=\"row>\n<div id=\"primary\" class=\"fp-content-area\">\n<div class=\"entry-content\">\n\n\n\n<section id=\"gm8650f02\" class=\"wp-block-gutentor-m3 section-gm8650f02 gutentor-module gutentor-container-cover\"><div class=\"grid-container\">\n<section id=\"gm405e512\" class=\"wp-block-gutentor-m4 section-gm405e512 gutentor-module gutentor-advanced-columns gutentor-enable-sticky-column\" data-top=\"120\" data-bottom=\"\"><div class=\"grid-container\"><div class=\"grid-row\">\n<div id=\"col-gm6d9193\" class=\"wp-block-gutentor-m4-col col-gm6d9193 gutentor-single-column  grid-lg-2 grid-md-4 grid-5\"><div id=\"section-gm6d9193\" class=\"section-gm6d9193 gutentor-col-wrap\">\n<section id=\"gma879e30\" class=\"wp-block-gutentor-m3 section-gma879e30 gutentor-module gutentor-container-cover\"><div class=\"grid-container gutentor-rm-ct-space-d gutentor-rm-ct-space-t gutentor-rm-ct-space\">\n<div class=\"wp-block-uagb-advanced-heading uagb-block-b569daf0\"><h4 class=\"uagb-heading-text\">Wa\u017cne Informacje<\/h4><div class=\"uagb-separator-wrap\"><div class=\"uagb-separator\"><\/div><\/div><p class=\"uagb-desc-text\"><\/p><\/div>\n\n\n\n<section id=\"gm8908181\" class=\"wp-block-gutentor-m3 section-gm8908181 gutentor-module gutentor-container-cover\"><div class=\"grid-container\">\n<div id=\"section-g6bb5f2\" class=\"wp-block-gutentor-e1 section-g6bb5f2 gutentor-element gutentor-element-advanced-text\"><div class=\"gutentor-text-wrap\"><p class=\"gutentor-text\">Godziny przyj\u0119cia: codziennie od godz. 8.00 &#8211; 13.00<\/p><\/div><\/div>\n<\/div><\/section>\n\n\n\n<div style=\"height:35px\" aria-hidden=\"true\" class=\"wp-block-spacer\"><\/div>\n\n\n\n<div class=\"wp-block-uagb-advanced-heading uagb-block-226b93b7\"><h4 class=\"uagb-heading-text\">Kierownik:<\/h4><div class=\"uagb-separator-wrap\"><div class=\"uagb-separator\"><\/div><\/div><p class=\"uagb-desc-text\">Pawe\u0142 Kalwas<\/p><\/div>\n\n\n\n<div id=\"section-gccc949\" class=\"wp-block-gutentor-e6 section-gccc949 gutentor-element gutentor-element-image text-align-center-desktop\"><div class=\"gutentor-element-image-box\"><div class=\"gutentor-image-thumb\"><img class=\"normal-image\" src=\"https:\/\/szpital.hhd.pl\/wp-content\/uploads\/2021\/05\/unknown.jpg\"\/><\/div><\/div><\/div>\n\n\n\n<div style=\"height:35px\" aria-hidden=\"true\" class=\"wp-block-spacer\"><\/div>\n\n\n\n<div class=\"wp-block-uagb-advanced-heading uagb-block-8415cbbf\"><h4 class=\"uagb-heading-text\">Kontakt:<\/h4><div class=\"uagb-separator-wrap\"><div class=\"uagb-separator\"><\/div><\/div><p class=\"uagb-desc-text\"><\/p><\/div>\n\n\n\n<div id=\"section-ga36abf\" class=\"wp-block-gutentor-e1 section-ga36abf gutentor-element gutentor-element-advanced-text\"><div class=\"gutentor-text-wrap\"><p class=\"gutentor-text\"><strong>Gabinet lekarzy:<\/strong><br>61 281 56 09<br><br><strong>Punkt piel\u0119gniarski: <\/strong><br>61 281 56 08<br><br><strong>Sekretariat oddzia\u0142u:<\/strong><br>61 281 56 07<\/p><\/div><\/div>\n<\/div><\/section>\n<\/div><\/div>\n\n\n\n<div id=\"col-gmff9545\" class=\"wp-block-gutentor-m4-col col-gmff9545 gutentor-single-column  grid-lg-10 grid-md-8 grid-7\"><div id=\"section-gmff9545\" class=\"section-gmff9545 gutentor-col-wrap\">\n<div style=\"height:100px\" aria-hidden=\"true\" class=\"wp-block-spacer\"><\/div>\n\n\n\n<div class=\"wp-block-uagb-advanced-heading uagb-block-99061027\"><h2 class=\"uagb-heading-text\"><strong>Oddzia\u0142 Urologiczny<\/strong><\/h2><div class=\"uagb-separator-wrap\"><div class=\"uagb-separator\"><\/div><\/div><p class=\"uagb-desc-text\"><\/p><\/div>\n\n\n\n<div id=\"section-gb32d4d\" class=\"wp-block-gutentor-e1 section-gb32d4d gutentor-element gutentor-element-advanced-text\"><div class=\"gutentor-text-wrap\"><p class=\"gutentor-text\">Oddzia\u0142 Urologiczny mie\u015bci si\u0119 na I pi\u0119trze szpitala. Sk\u0142ad zespo\u0142u lekarskiego:<br>\u2022 <code>dr n. med. Pawe\u0142 Kalwas - Kierownik Oddzia\u0142u Urologicznego <\/code><br>\u2022 <code>dr n. med. Piotr Cie\u015bli\u0144ski <\/code><br>\u2022 <code>lekarz Micha\u0142 Krawczy\u0144ski <\/code><br>\u2022 <code>dr. n. med. Witold Malendowicz <\/code><br>\u2022 <code>lekarz Ma\u0142gorzata Hojan-Osicka <\/code><br>\u2022 <code>lekarz Krzysztof Twardosz <\/code><br>\u2022 <code>lekarz Maciej Jurczak <\/code><br>\u2022 <code>lekarz Gabriel Bromi\u0144ski <\/code><br>\u2022 <code>lekarz Piotr Milecki <\/code><br>\u2022 <code>lekarz Leszek Rumianowski <\/code><br>\u2022 <code>lekarz Barbara G\u0119bka<\/code><br>Zakres us\u0142ug medycznych \u015bwiadczonych w Oddziale.<br>Zabiegi endoskopowe:<br>przezcewkowa elektroresekcja guza p\u0119cherza moczowego (TUR B)<br>przezcewkowa elektroresekcja gruczolaka prostaty (TUR P)<br>urethrotomia wewn\u0119trzna (rozci\u0119cie zw\u0119\u017cenia cewki moczowej)<br>URSL (laserowe kruszenie kamieni moczowodowych)<br>RIRS (laserowe kruszenie kamieni w nerkach &#8211; zabieg komercyjny)<br>kruszenie kamieni p\u0119cherza moczowego (cystolitotrypsja)<br>cewnikowanie moczowod\u00f3w<br>Zabiegi operacyjne:<br>adenomektomia (operacja z powodu rozrostu prostaty)<br>nephrektomia (wyci\u0119cie nerki)<br>operacje z powodu kamicy dr\u00f3g moczowych<br>operacja wodniaka j\u0105dra<br>orchidektomia &#8211; usuni\u0119cie j\u0105dra<br>amputacja pr\u0105cia z powodu raka<br>Nad pacjentami czuwa do\u015bwiadczony zesp\u00f3\u0142 specjalist\u00f3w.<br>Oddzia\u0142 dysponuje wysokiej klasy sprz\u0119tem diagnostycznym i zabiegowym, takim jak:<br>kilka zestaw\u00f3w do elektroresekcji przezcewkowej,<br>zestaw do zabieg\u00f3w laparaskopowych w urologii,<br>zestaw do kruszenia kamieni w moczowodach (URSL).<br>Wykorzystuj\u0105c wy\u017cej wymieniony sprz\u0119t, zesp\u00f3\u0142 urologiczny oferuje swoim pacjentom pe\u0142en zakres zabieg\u00f3w endoskopowych, laparaskopowych i ma\u0142oinwazyjnego kruszenia kamieni w uk\u0142adzie moczowym.<br>Oddzia\u0142 Urologii Szpitala w \u015aremie ma r\u00f3wnie\u017c do w\u0142asnej dyspozycji sal\u0119 zabieg\u00f3w endoskopowych, kt\u00f3r\u0105 zmodernizowano poprzez rozbudow\u0119 pomieszcze\u0144 przygotowawczych oraz bezpo\u015bredniego nadzoru po wykonanym zabiegu.<br>Warto podkre\u015bli\u0107, \u017ce w wewn\u0119trznym badaniu satysfakcji pacjenta z udzielanych us\u0142ug medycznych, Oddzia\u0142 Urologii uzyskuje bardzo wysoki (ponad 90-procentowy) poziom ocen pozytywnych, dotycz\u0105cych takich aspekt\u00f3w, jak: opieka lekarska, piel\u0119gniarska, wyposa\u017cenie oddzia\u0142u, atmosfera podczas pobytu.<br>Nasi pacjenci maj\u0105 do dyspozycji 7 sal z 16 \u0142\u00f3\u017ckami (w tym 1 sal\u0119 dwuosobow\u0105 &#8211; pooperacyjnego nadzoru oraz 6 sal trzyosobowych) oraz 3 toalety z natryskami i pok\u00f3j dzienny z telewizj\u0105.<br>Wa\u017cne informacje:<br>Godziny przyj\u0119cia: codziennie od godz. 8.00 &#8211; 13.00<br>Telefon do Gabinetu lekarzy: 61 281 56 09<br>Telefon do Punktu Piel\u0119gniarskiego: 61 281 56 08<br>Telefon do Sekretariatu oddzia\u0142u: 61 281 56 07<\/p><\/div><\/div>\n<\/div><\/div>\n<\/div><\/div><\/section>\n<\/div><\/section>\n","protected":false},"excerpt":{"rendered":"","protected":false},"author":1,"featured_media":3140,"parent":0,"menu_order":0,"comment_status":"closed","ping_status":"closed","template":"template-gutentor-full-width.php","meta":[],"uagb_featured_image_src":{"full":["https:\/\/szpital.hhd.pl\/wp-content\/uploads\/2021\/09\/rysunek-1.svg",50,50,false],"thumbnail":["https:\/\/szpital.hhd.pl\/wp-content\/uploads\/2021\/09\/rysunek-1.svg",150,150,true],"medium":["https:\/\/szpital.hhd.pl\/wp-content\/uploads\/2021\/09\/rysunek-1.svg",300,300,true],"medium_large":["https:\/\/szpital.hhd.pl\/wp-content\/uploads\/2021\/09\/rysunek-1.svg",768,1,true],"large":["https:\/\/szpital.hhd.pl\/wp-content\/uploads\/2021\/09\/rysunek-1.svg",1024,1024,true],"1536x1536":["https:\/\/szpital.hhd.pl\/wp-content\/uploads\/2021\/09\/rysunek-1.svg",50,50,true],"2048x2048":["https:\/\/szpital.hhd.pl\/wp-content\/uploads\/2021\/09\/rysunek-1.svg",50,50,true],"sydney-large-thumb":["https:\/\/szpital.hhd.pl\/wp-content\/uploads\/2021\/09\/rysunek-1.svg",50,50,true],"sydney-medium-thumb":["https:\/\/szpital.hhd.pl\/wp-content\/uploads\/2021\/09\/rysunek-1.svg",50,50,true],"sydney-small-thumb":["https:\/\/szpital.hhd.pl\/wp-content\/uploads\/2021\/09\/rysunek-1.svg",50,50,true],"sydney-service-thumb":["https:\/\/szpital.hhd.pl\/wp-content\/uploads\/2021\/09\/rysunek-1.svg",50,50,true],"sydney-mas-thumb":["https:\/\/szpital.hhd.pl\/wp-content\/uploads\/2021\/09\/rysunek-1.svg",50,50,true]},"uagb_author_info":{"display_name":"zandeckiw","author_link":"https:\/\/szpital.hhd.pl\/?author=1"},"uagb_comment_info":0,"uagb_excerpt":null,"_links":{"self":[{"href":"https:\/\/szpital.hhd.pl\/index.php?rest_route=\/wp\/v2\/pages\/1498"}],"collection":[{"href":"https:\/\/szpital.hhd.pl\/index.php?rest_route=\/wp\/v2\/pages"}],"about":[{"href":"https:\/\/szpital.hhd.pl\/index.php?rest_route=\/wp\/v2\/types\/page"}],"author":[{"embeddable":true,"href":"https:\/\/szpital.hhd.pl\/index.php?rest_route=\/wp\/v2\/users\/1"}],"replies":[{"embeddable":true,"href":"https:\/\/szpital.hhd.pl\/index.php?rest_route=%2Fwp%2Fv2%2Fcomments&post=1498"}],"version-history":[{"count":0,"href":"https:\/\/szpital.hhd.pl\/index.php?rest_route=\/wp\/v2\/pages\/1498\/revisions"}],"wp:featuredmedia":[{"embeddable":true,"href":"https:\/\/szpital.hhd.pl\/index.php?rest_route=\/wp\/v2\/media\/3140"}],"wp:attachment":[{"href":"https:\/\/szpital.hhd.pl\/index.php?rest_route=%2Fwp%2Fv2%2Fmedia&parent=1498"}],"curies":[{"name":"wp","href":"https:\/\/api.w.org\/{rel}","templated":true}]}}