{"id":1519,"date":"2021-05-17T08:13:26","date_gmt":"2021-05-17T06:13:26","guid":{"rendered":"https:\/\/szpital.hhd.pl\/?page_id=1519"},"modified":"2021-07-01T12:34:45","modified_gmt":"2021-07-01T10:34:45","slug":"oddzial-anestezjologii-i-intensywnej-terapii","status":"publish","type":"page","link":"https:\/\/szpital.hhd.pl\/?page_id=1519","title":{"rendered":"Oddzia\u0142 Anestezjologii i Intensywnej Terapii"},"content":{"rendered":"\n<\/div><\/div><\/div><\/div>\n<style>\n.page-wrap {\n    padding-bottom: 0px;\n}\n<\/style>\n<div class=\"everyPageHead\">\n\n\n\n<section id=\"everyPageHead\" class=\"wp-block-gutentor-m3 section-gmae88d17 gutentor-module gutentor-container-cover has-image-bg has-custom-bg has-gutentor-block-shape-top has-gutentor-block-shape-bottom\"><div class=\"gutentor-block-shape-top\"><span><svg viewBox=\"0 0 1280 140\" preserveAspectRatio=\"none\" xmlns=\"http:\/\/www.w3.org\/2000\/svg\"><g><path d=\"M0 47.44L170 0l626.48 94.89L1110 87.11l170-39.67V140H0V47.44z\" fill-opacity=\".5\" style=\"fill-rule:evenodd; transform: rotate(180deg); transform-origin:50% 50%;\"\/><path d=\"M0 90.72l140-28.28 315.52 24.14L796.48 65.8 1140 104.89l140-14.17V140H0V90.72z\" style=\"fill-rule:evenodd; transform: rotate(180deg); transform-origin:50% 50%;\"\/><\/g><\/svg><\/span><\/div><div class=\"grid-container\">\n<div style=\"height:200px\" aria-hidden=\"true\" class=\"wp-block-spacer\"><\/div>\n\n\n\n<div id=\"section-g6ca106\" class=\"wp-block-gutentor-e1 section-g6ca106 gutentor-element gutentor-element-advanced-text text-align-center-desktop\"><div class=\"gutentor-text-wrap\"><h1 class=\"gutentor-text\"><strong>Oddzia\u0142 Anestezjologii i Intensywnej Terapii<\/strong><\/h1><\/div><\/div>\n\n\n\n<div style=\"height:200px\" aria-hidden=\"true\" class=\"wp-block-spacer\"><\/div>\n<\/div><div class=\"gutentor-block-shape-bottom\"><span><svg viewBox=\"0 0 1280 140\" preserveAspectRatio=\"none\" xmlns=\"http:\/\/www.w3.org\/2000\/svg\"><g><path d=\"M0 47.44L170 0l626.48 94.89L1110 87.11l170-39.67V140H0V47.44z\" fill-opacity=\".5\" style=\"fill-rule:evenodd; transform: rotate(180deg); transform-origin:50% 50%;\"\/><path d=\"M0 90.72l140-28.28 315.52 24.14L796.48 65.8 1140 104.89l140-14.17V140H0V90.72z\" style=\"fill-rule:evenodd; transform: rotate(180deg); transform-origin:50% 50%;\"\/><\/g><\/svg><\/span><\/div><\/section>\n\n\n\n<\/div>\n<div class=\"container content-wrapper\">\n<div class=\"row>\n<div id=\"primary\" class=\"fp-content-area\">\n<div class=\"entry-content\">\n\n\n\n<section id=\"gm4a6d854\" class=\"wp-block-gutentor-m3 section-gm4a6d854 gutentor-module gutentor-container-cover\"><div class=\"grid-container\">\n<section id=\"gmeb7ddba\" class=\"wp-block-gutentor-m4 section-gmeb7ddba gutentor-module gutentor-advanced-columns gutentor-enable-sticky-column\" data-top=\"120\" data-bottom=\"\"><div class=\"grid-container\"><div class=\"grid-row\">\n<div id=\"col-gmecf2c2\" class=\"wp-block-gutentor-m4-col col-gmecf2c2 gutentor-single-column  grid-lg-2 grid-md-4 grid-5\"><div id=\"section-gmecf2c2\" class=\"section-gmecf2c2 gutentor-col-wrap\">\n<section id=\"gma1506d1\" class=\"wp-block-gutentor-m3 section-gma1506d1 gutentor-module gutentor-container-cover\"><div class=\"grid-container gutentor-rm-ct-space-d gutentor-rm-ct-space-t gutentor-rm-ct-space\">\n<div class=\"wp-block-uagb-advanced-heading uagb-block-1b369183\"><h4 class=\"uagb-heading-text\">Wa\u017cne Informacje<\/h4><div class=\"uagb-separator-wrap\"><div class=\"uagb-separator\"><\/div><\/div><p class=\"uagb-desc-text\"><\/p><\/div>\n\n\n\n<section id=\"gm2e65cdc\" class=\"wp-block-gutentor-m3 section-gm2e65cdc gutentor-module gutentor-container-cover\"><div class=\"grid-container\">\n<div id=\"section-g7a6c03\" class=\"wp-block-gutentor-e1 section-g7a6c03 gutentor-element gutentor-element-advanced-text\"><div class=\"gutentor-text-wrap\"><p class=\"gutentor-text\">Gutentor Advanced Text<\/p><\/div><\/div>\n<\/div><\/section>\n\n\n\n<div style=\"height:35px\" aria-hidden=\"true\" class=\"wp-block-spacer\"><\/div>\n\n\n\n<div class=\"wp-block-uagb-advanced-heading uagb-block-3c7bbf3c\"><h4 class=\"uagb-heading-text\">Kierownik:<\/h4><div class=\"uagb-separator-wrap\"><div class=\"uagb-separator\"><\/div><\/div><p class=\"uagb-desc-text\">\u0141ukasz Kawalec<\/p><\/div>\n\n\n\n<div id=\"section-gedc6a9\" class=\"wp-block-gutentor-e6 section-gedc6a9 gutentor-element gutentor-element-image text-align-center-desktop\"><div class=\"gutentor-element-image-box\"><div class=\"gutentor-image-thumb\"><img class=\"normal-image\" src=\"https:\/\/szpital.hhd.pl\/wp-content\/uploads\/2021\/05\/unknown.jpg\"\/><\/div><\/div><\/div>\n\n\n\n<div style=\"height:35px\" aria-hidden=\"true\" class=\"wp-block-spacer\"><\/div>\n\n\n\n<div class=\"wp-block-uagb-advanced-heading uagb-block-078e4941\"><h4 class=\"uagb-heading-text\">Kontakt:<\/h4><div class=\"uagb-separator-wrap\"><div class=\"uagb-separator\"><\/div><\/div><p class=\"uagb-desc-text\"><\/p><\/div>\n\n\n\n<div id=\"section-g99f812\" class=\"wp-block-gutentor-e1 section-g99f812 gutentor-element gutentor-element-advanced-text\"><div class=\"gutentor-text-wrap\"><p class=\"gutentor-text\">Gabinet lekarzy:<br>61 281 56 31<br>lub<br>61 281 56 32<br><br>Punkt piel\u0119gniarski: <br>61 281 55 00<\/p><\/div><\/div>\n<\/div><\/section>\n<\/div><\/div>\n\n\n\n<div id=\"col-gm2d3bde\" class=\"wp-block-gutentor-m4-col col-gm2d3bde gutentor-single-column  grid-lg-10 grid-md-8 grid-7\"><div id=\"section-gm2d3bde\" class=\"section-gm2d3bde gutentor-col-wrap\">\n<div class=\"wp-container-2 wp-block-group\"><div class=\"wp-block-group__inner-container\">\n<div class=\"wp-container-1 wp-block-group\"><div class=\"wp-block-group__inner-container\"><\/div><\/div>\n<\/div><\/div>\n\n\n\n<div style=\"height:100px\" aria-hidden=\"true\" class=\"wp-block-spacer\"><\/div>\n\n\n\n<div class=\"wp-block-uagb-advanced-heading uagb-block-671a6f87\"><h2 class=\"uagb-heading-text\"><strong>Oddzia\u0142 Anestezjologii i Intensywnej Terapii<\/strong><\/h2><div class=\"uagb-separator-wrap\"><div class=\"uagb-separator\"><\/div><\/div><p class=\"uagb-desc-text\"><\/p><\/div>\n\n\n\n<div id=\"section-g427df9\" class=\"wp-block-gutentor-e1 section-g427df9 gutentor-element gutentor-element-advanced-text\"><div class=\"gutentor-text-wrap\"><p class=\"gutentor-text\"><strong>Oddzia\u0142 Anestezjologii i Intensywnej Terapii<\/strong>\u00a0szpitala prowadzi dzia\u0142alno\u015b\u0107 lecznicz\u0105 w zakresie:<br>&#8211; anestezji, czyli znieczule\u0144 og\u00f3lnych lub regionalnych i sedacji do zabieg\u00f3w operacyjnych oraz w celach diagnostycznych i leczniczych,<br>&#8211; intensywnej terapii, czyli post\u0119powania maj\u0105cego na celu podtrzymywanie funkcji \u017cyciowych oraz leczenie chorych w stanach zagro\u017cenia \u017cycia,<br>&#8211; reanimacji, czyli czynno\u015bci maj\u0105cych na celu przywr\u00f3cenie funkcji organizmu po wyst\u0105pieniu nag\u0142ego zatrzymania kr\u0105\u017cenia,<br>&#8211; leczenia b\u00f3lu,<br>&#8211; kompleksowej piel\u0119gnacji i rehabilitacji pacjent\u00f3w leczonych w oddziale.<br><strong>Zakres us\u0142ug medycznych \u015bwiadczonych w Oddziale Anestezjologii i Intensywnej Terapii<\/strong><br><strong>Intensywna Terapia<\/strong><br><br><strong>Procedury g\u0142\u00f3wne:<\/strong><br>\u2022 Leczenie pacjent\u00f3w z niewydolno\u015bci\u0105 narz\u0105dow\u0105 zagra\u017caj\u0105c\u0105 \u017cyciu: oddechow\u0105 kr\u0105\u017cenia, oddechow\u0105, OUN, nerek, w\u0105troby, krzepni\u0119cia<br>\u2022 Leczenie pacjent\u00f3w z niewydolno\u015bci\u0105 wielonarz\u0105dow\u0105<br>\u2022 Leczenie pacjent\u00f3w z urazem wielonarz\u0105dowym<br>\u2022 Leczenie pacjent\u00f3w we wstrz\u0105sie (kardiogennym, neurogennym, krwotocznym, septycznym, anafilaktycznym)<br>\u2022 Leczenie zatru\u0107<br><br><strong>Procedury szczeg\u00f3\u0142owe:<\/strong><br>\u2022 Terapia wentylacyjna, w tym wentylacja niezale\u017cna obu p\u0142uc<br>\u2022 Ci\u0105g\u0142a terapia nerkozast\u0119pcza<br>\u2022 Lecznicza wymiana osocza<br>\u2022 Terapia lekami inotropowymi w tym aminami katecholowymi, levosimendan<br>\u2022 Rozszerzone monitorowanie hemodynamicze<br>\u2022 Leczenie przeciwobrz\u0119kowe w patologiach OUN z mo\u017cliwo\u015bci\u0105 monitorowania ICP<br>\u2022 Zaawansowana terapia antybiotykowa w oparciu o posiewy materia\u0142u pobieranego metodami inwazyjnymi i nieinwazyjnymi<br>\u2022 Leczenie \u017cywieniowe do i pozajelitowe<br>\u2022 Leczenie krwotok\u00f3w z zastosowaniem najnowszych preparat\u00f3w substytucyjnych (NovoSeven, Oktaplex)<br><br>\u2022 obecno\u015b\u0107 komisji orzekaj\u0105cej o trwa\u0142ym i nieodwracalnym ustaniu czynno\u015bci m\u00f3zgu z aktywno\u015bci\u0105 donacyjn\u0105<br><br><br><strong>Anestezjologia\u00a0<\/strong><br><strong>Procedury g\u0142\u00f3wne:<\/strong><br>\u2022 Znieczulenie og\u00f3lne wziewne<br>\u2022 Ca\u0142kowite znieczulenie do\u017cylne<br>\u2022 Znieczulenie z\u0142o\u017cone<br>\u2022 Znieczulenie regionalne: blokady centralne pojedyncze i ci\u0105g\u0142e, znieczulenia splot\u00f3w i pni nerwowych<br>\u2022 Znieczulenie zbalansowane (og\u00f3lne + regionalne)<br>\u2022 Analgezja pooperacyjna<br>\u2022 Analgezja porod\u00f3w<br>\u2022 Kaniulacja \u017cy\u0142 centralnych<br>\u2022 Kaniulacja t\u0119tnic<br>Praca na Oddziale prowadzona jest w systemie ci\u0105g\u0142ym i zabezpiecza j\u0105 ca\u0142odobowy dy\u017cur lekarski i piel\u0119gniarski w sk\u0142adzie:<br>&#8211; Kierownik lekarz \u0141ukasz Kawalec<br>&#8211; lekarz Ryszard Zawadzki<br>&#8211; lekarz Jaros\u0142aw Nowak<br>&#8211; lekarz Robert Choma<br>&#8211; lekarz Katarzyna Przychodna<br>&#8211; lekarz Monika Doliwa<br>Dy\u017cury:<br><br>&#8211; lekarz Amadou Diakite<br>&#8211; lekarz Ewa Osipowicz &#8211; Rukszto<br>&#8211; lekarz Kamila Skroba\u0144ska<br>&#8211; lekarz Igor Bielski<br>&#8211; lekarz Ma\u0142gorzata Hippmann<br>&#8211; lekarz Krzysztof Sobkowicz<br>&#8211; dr n. med. Micha\u0142 Roman<br>&#8211; lekarz Agnieszka Sobczyk<br>&#8211; lekarz Arkadiusz Sosnowski<br>&#8211; lekarz Karolina Krystkowiak<br>&#8211; lekarz Magdalena Swarcewicz<br>&#8211; lekarz Katarzyna Pruska<br>&#8211; lekarz Tomasz Bartkowiak<br>&#8211; lekarz Agnieszka Tarczy\u0144ska &#8211; Roman<br>&#8211; lekarz Anna Lonowska<br>&#8211; lekarz Katarzyna Klajbor<br>&#8211; lekarz Ewa Goszczy\u0144ska<br>&#8211; lekarz Amadusz Wo\u017aniak<br><br>oraz Piel\u0119gniarka Oddzia\u0142owa Pani Hanna Chrzanowska wraz z piel\u0119gniarkami anestezjologicznymi i personelem pomocniczym.<br>W kwietniu 2012 roku zako\u0144czono gruntown\u0105 przebudow\u0119 i modernizacj\u0119 Oddzia\u0142u, przystosowuj\u0105c go do wymaga\u0144 w zakresie wyposa\u017cenia i spe\u0142nienia standard\u00f3w sanitarnych. W ramach Oddzia\u0142u Anestezjologii i Intensywnej Terapii znajduje si\u0119 6 \u0142\u00f3\u017cek, z kt\u00f3rych\u00a0ka\u017cde posiada indywidualne monitorowanie oraz respirator.<br>Informacje o stanie zdrowia pacjent\u00f3w udzielaj\u0105 lekarze prowadz\u0105cy.<br>Informacje o stanie zdrowia nie s\u0105 udzielane telefonicznie.<br><br>Oddzia\u0142 Anestezjologii i Intensywnej Terapii znajduje si\u0119 na III pi\u0119trze szpitala.<br><br><br>Wa\u017cne informacje:<br>Tel. do Gabinetu lekarzy: 61 281 56 31\/56 32<br>Tel. do Punktu Piel\u0119gniarskiego: 61 281 55 00<\/p><\/div><\/div>\n<\/div><\/div>\n<\/div><\/div><\/section>\n<\/div><\/section>\n","protected":false},"excerpt":{"rendered":"","protected":false},"author":1,"featured_media":3140,"parent":0,"menu_order":0,"comment_status":"closed","ping_status":"closed","template":"template-gutentor-full-width.php","meta":[],"uagb_featured_image_src":{"full":["https:\/\/szpital.hhd.pl\/wp-content\/uploads\/2021\/09\/rysunek-1.svg",50,50,false],"thumbnail":["https:\/\/szpital.hhd.pl\/wp-content\/uploads\/2021\/09\/rysunek-1.svg",150,150,true],"medium":["https:\/\/szpital.hhd.pl\/wp-content\/uploads\/2021\/09\/rysunek-1.svg",300,300,true],"medium_large":["https:\/\/szpital.hhd.pl\/wp-content\/uploads\/2021\/09\/rysunek-1.svg",768,1,true],"large":["https:\/\/szpital.hhd.pl\/wp-content\/uploads\/2021\/09\/rysunek-1.svg",1024,1024,true],"1536x1536":["https:\/\/szpital.hhd.pl\/wp-content\/uploads\/2021\/09\/rysunek-1.svg",50,50,true],"2048x2048":["https:\/\/szpital.hhd.pl\/wp-content\/uploads\/2021\/09\/rysunek-1.svg",50,50,true],"sydney-large-thumb":["https:\/\/szpital.hhd.pl\/wp-content\/uploads\/2021\/09\/rysunek-1.svg",50,50,true],"sydney-medium-thumb":["https:\/\/szpital.hhd.pl\/wp-content\/uploads\/2021\/09\/rysunek-1.svg",50,50,true],"sydney-small-thumb":["https:\/\/szpital.hhd.pl\/wp-content\/uploads\/2021\/09\/rysunek-1.svg",50,50,true],"sydney-service-thumb":["https:\/\/szpital.hhd.pl\/wp-content\/uploads\/2021\/09\/rysunek-1.svg",50,50,true],"sydney-mas-thumb":["https:\/\/szpital.hhd.pl\/wp-content\/uploads\/2021\/09\/rysunek-1.svg",50,50,true]},"uagb_author_info":{"display_name":"zandeckiw","author_link":"https:\/\/szpital.hhd.pl\/?author=1"},"uagb_comment_info":0,"uagb_excerpt":null,"_links":{"self":[{"href":"https:\/\/szpital.hhd.pl\/index.php?rest_route=\/wp\/v2\/pages\/1519"}],"collection":[{"href":"https:\/\/szpital.hhd.pl\/index.php?rest_route=\/wp\/v2\/pages"}],"about":[{"href":"https:\/\/szpital.hhd.pl\/index.php?rest_route=\/wp\/v2\/types\/page"}],"author":[{"embeddable":true,"href":"https:\/\/szpital.hhd.pl\/index.php?rest_route=\/wp\/v2\/users\/1"}],"replies":[{"embeddable":true,"href":"https:\/\/szpital.hhd.pl\/index.php?rest_route=%2Fwp%2Fv2%2Fcomments&post=1519"}],"version-history":[{"count":0,"href":"https:\/\/szpital.hhd.pl\/index.php?rest_route=\/wp\/v2\/pages\/1519\/revisions"}],"wp:featuredmedia":[{"embeddable":true,"href":"https:\/\/szpital.hhd.pl\/index.php?rest_route=\/wp\/v2\/media\/3140"}],"wp:attachment":[{"href":"https:\/\/szpital.hhd.pl\/index.php?rest_route=%2Fwp%2Fv2%2Fmedia&parent=1519"}],"curies":[{"name":"wp","href":"https:\/\/api.w.org\/{rel}","templated":true}]}}