{"id":1561,"date":"2021-05-19T08:28:33","date_gmt":"2021-05-19T06:28:33","guid":{"rendered":"https:\/\/szpital.hhd.pl\/?page_id=1561"},"modified":"2021-07-01T12:35:41","modified_gmt":"2021-07-01T10:35:41","slug":"oddzial-laryngologiczny","status":"publish","type":"page","link":"https:\/\/szpital.hhd.pl\/?page_id=1561","title":{"rendered":"Oddzia\u0142 Laryngologiczny"},"content":{"rendered":"\n<\/div><\/div><\/div><\/div>\n<style>\n.page-wrap {\n    padding-bottom: 0px;\n}\n<\/style>\n<div class=\"everyPageHead\">\n\n\n\n<section id=\"everyPageHead\" class=\"wp-block-gutentor-m3 section-gmdaff6b1 gutentor-module gutentor-container-cover has-image-bg has-custom-bg has-gutentor-block-shape-top has-gutentor-block-shape-bottom\"><div class=\"gutentor-block-shape-top\"><span><svg viewBox=\"0 0 1280 140\" preserveAspectRatio=\"none\" xmlns=\"http:\/\/www.w3.org\/2000\/svg\"><g><path d=\"M0 47.44L170 0l626.48 94.89L1110 87.11l170-39.67V140H0V47.44z\" fill-opacity=\".5\" style=\"fill-rule:evenodd; transform: rotate(180deg); transform-origin:50% 50%;\"\/><path d=\"M0 90.72l140-28.28 315.52 24.14L796.48 65.8 1140 104.89l140-14.17V140H0V90.72z\" style=\"fill-rule:evenodd; transform: rotate(180deg); transform-origin:50% 50%;\"\/><\/g><\/svg><\/span><\/div><div class=\"grid-container\">\n<div style=\"height:200px\" aria-hidden=\"true\" class=\"wp-block-spacer\"><\/div>\n\n\n\n<div id=\"section-ge2f289\" class=\"wp-block-gutentor-e1 section-ge2f289 gutentor-element gutentor-element-advanced-text text-align-center-desktop\"><div class=\"gutentor-text-wrap\"><h1 class=\"gutentor-text\"><strong>Oddzia\u0142 Laryngologiczny<\/strong><\/h1><\/div><\/div>\n\n\n\n<div style=\"height:200px\" aria-hidden=\"true\" class=\"wp-block-spacer\"><\/div>\n<\/div><div class=\"gutentor-block-shape-bottom\"><span><svg viewBox=\"0 0 1280 140\" preserveAspectRatio=\"none\" xmlns=\"http:\/\/www.w3.org\/2000\/svg\"><g><path d=\"M0 47.44L170 0l626.48 94.89L1110 87.11l170-39.67V140H0V47.44z\" fill-opacity=\".5\" style=\"fill-rule:evenodd; transform: rotate(180deg); transform-origin:50% 50%;\"\/><path d=\"M0 90.72l140-28.28 315.52 24.14L796.48 65.8 1140 104.89l140-14.17V140H0V90.72z\" style=\"fill-rule:evenodd; transform: rotate(180deg); transform-origin:50% 50%;\"\/><\/g><\/svg><\/span><\/div><\/section>\n\n\n\n<\/div>\n<div class=\"container content-wrapper\">\n<div class=\"row>\n<div id=\"primary\" class=\"fp-content-area\">\n<div class=\"entry-content\">\n\n\n\n<section id=\"gmbc8b402\" class=\"wp-block-gutentor-m3 section-gmbc8b402 gutentor-module gutentor-container-cover\"><div class=\"grid-container\">\n<section id=\"gmae81a78\" class=\"wp-block-gutentor-m4 section-gmae81a78 gutentor-module gutentor-advanced-columns gutentor-enable-sticky-column\" data-top=\"120\" data-bottom=\"\"><div class=\"grid-container\"><div class=\"grid-row\">\n<div id=\"col-gm6fb75e\" class=\"wp-block-gutentor-m4-col col-gm6fb75e gutentor-single-column  grid-lg-2 grid-md-4 grid-5\"><div id=\"section-gm6fb75e\" class=\"section-gm6fb75e gutentor-col-wrap\">\n<section id=\"gm08a919d\" class=\"wp-block-gutentor-m3 section-gm08a919d gutentor-module gutentor-container-cover\"><div class=\"grid-container gutentor-rm-ct-space-d gutentor-rm-ct-space-t gutentor-rm-ct-space\">\n<div class=\"wp-block-uagb-advanced-heading uagb-block-da0b8e49\"><h4 class=\"uagb-heading-text\">Wa\u017cne Informacje<\/h4><div class=\"uagb-separator-wrap\"><div class=\"uagb-separator\"><\/div><\/div><p class=\"uagb-desc-text\"><\/p><\/div>\n\n\n\n<section id=\"gme866bc2\" class=\"wp-block-gutentor-m3 section-gme866bc2 gutentor-module gutentor-container-cover\"><div class=\"grid-container\">\n<div id=\"section-gf8db41\" class=\"wp-block-gutentor-e1 section-gf8db41 gutentor-element gutentor-element-advanced-text\"><div class=\"gutentor-text-wrap\"><p class=\"gutentor-text\">Kwalifikacje pacjent\u00f3w i uzgodnienie terminu przyj\u0119cia na oddzia\u0142 dokonuje Kierownik Oddzia\u0142u od poniedzia\u0142ku do pi\u0105tku, osobi\u015bcie lub telefonicznie w godz. 12.00 &#8211; 13.00 pod numerem tel. 61 281 55 23.<\/p><\/div><\/div>\n<\/div><\/section>\n\n\n\n<div style=\"height:35px\" aria-hidden=\"true\" class=\"wp-block-spacer\"><\/div>\n\n\n\n<div class=\"wp-block-uagb-advanced-heading uagb-block-e2e4224f\"><h4 class=\"uagb-heading-text\">Kierownik:<\/h4><div class=\"uagb-separator-wrap\"><div class=\"uagb-separator\"><\/div><\/div><p class=\"uagb-desc-text\">\u0141ukasz Kawalec<\/p><\/div>\n\n\n\n<div id=\"section-g341cfa\" class=\"wp-block-gutentor-e6 section-g341cfa gutentor-element gutentor-element-image text-align-center-desktop\"><div class=\"gutentor-element-image-box\"><div class=\"gutentor-image-thumb\"><img class=\"normal-image\" src=\"https:\/\/szpital.hhd.pl\/wp-content\/uploads\/2021\/05\/unknown.jpg\"\/><\/div><\/div><\/div>\n\n\n\n<div style=\"height:35px\" aria-hidden=\"true\" class=\"wp-block-spacer\"><\/div>\n\n\n\n<div class=\"wp-block-uagb-advanced-heading uagb-block-79353aa2\"><h4 class=\"uagb-heading-text\">Kontakt:<\/h4><div class=\"uagb-separator-wrap\"><div class=\"uagb-separator\"><\/div><\/div><p class=\"uagb-desc-text\"><\/p><\/div>\n\n\n\n<div id=\"section-g7c9a10\" class=\"wp-block-gutentor-e1 section-g7c9a10 gutentor-element gutentor-element-advanced-text\"><div class=\"gutentor-text-wrap\"><p class=\"gutentor-text\">Gabinet lekarzy:<br>61 281 55 23<br><br>Punkt piel\u0119gniarski: <br>61 281 55 27<br><br>Sekretariat oddzia\u0142u:<br>61 281 55 29<\/p><\/div><\/div>\n<\/div><\/section>\n<\/div><\/div>\n\n\n\n<div id=\"col-gm39208e\" class=\"wp-block-gutentor-m4-col col-gm39208e gutentor-single-column  grid-lg-10 grid-md-8 grid-7\"><div id=\"section-gm39208e\" class=\"section-gm39208e gutentor-col-wrap\">\n<div class=\"wp-container-2 wp-block-group\"><div class=\"wp-block-group__inner-container\">\n<div class=\"wp-container-1 wp-block-group\"><div class=\"wp-block-group__inner-container\"><\/div><\/div>\n<\/div><\/div>\n\n\n\n<div style=\"height:100px\" aria-hidden=\"true\" class=\"wp-block-spacer\"><\/div>\n\n\n\n<div class=\"wp-block-uagb-advanced-heading uagb-block-6ddf6c7d\"><h2 class=\"uagb-heading-text\"><strong>Oddzia\u0142 Laryngologiczny<\/strong><\/h2><div class=\"uagb-separator-wrap\"><div class=\"uagb-separator\"><\/div><\/div><p class=\"uagb-desc-text\"><\/p><\/div>\n\n\n\n<div id=\"section-ga12a8e\" class=\"wp-block-gutentor-e1 section-ga12a8e gutentor-element gutentor-element-advanced-text\"><div class=\"gutentor-text-wrap\"><p class=\"gutentor-text\"><strong>W sprawach pilnych nale\u017cy kontaktowa\u0107 si\u0119 z lekarzami Oddzia\u0142u Laryngologicznego, telefon do dy\u017curki lekarskiej 61\/ 281 55 23.<\/strong><br><br><strong>Oddzia\u0142 Laryngologiczny<\/strong>\u00a0szpitala zajmuje si\u0119 diagnostyk\u0105 i leczeniem schorze\u0144 uszu, nosa, gard\u0142a, krtani u doros\u0142ych i u dzieci powy\u017cej 3-go roku \u017cycia. Zajmuje si\u0119 r\u00f3wnie\u017c diagnostyk\u0105 niedos\u0142uchu i zawrot\u00f3w g\u0142owy. Oddzia\u0142 znajduje si\u0119 na II pi\u0119trze szpitala.<br><strong>Uwaga komunikat:<\/strong><br>Przyj\u0119cia planowe na Oddzia\u0142 Laryngologiczny tylko po uzgodnieniu telefonicznym z lekarzem oddzia\u0142u.<br>Kwalifikacja do operacji endoskopowej zatok przynosowych odbywa si\u0119 w Poradni Laryngologicznej w ka\u017cdy pi\u0105tek od godziny 13.00 \u2013 13.30 nie wymagana wcze\u015bniejsza rejestracja.<br>Do kwalifikacji do operacji nale\u017cy przynie\u015b\u0107 najbardziej aktualny wynik tomografii komputerowej.<br><br><br><strong>Zakres us\u0142ug medycznych \u015bwiadczonych w Oddziale<\/strong><br>Procedury zabiegowe<br>wyci\u0119cie migda\u0142k\u00f3w podniebiennych u doros\u0142ych i dzieci od 10 roku \u017cycia<br>wyci\u0119cie migda\u0142ka gard\u0142owego u dzieci od 3 roku \u017bycia<br>wyci\u0119cie guzk\u00f3w gard\u0142a j\u0119zyka I jamy ustnej<br>podci\u0119cie w\u0119dzide\u0142ka j\u0119zyka<br>usuwanie kamieni z przewod\u00f3w \u015blinianek<br>endoskopowe usuni\u0119cie zmian krtani\/Polipy ,zmiany przerostowe,biopsja\/<br>wyci\u0119cie zmian w zakresie ucha zewn\u0119trznego<br>plastyka przegrody nosa<br>usuwanie polip\u00f3w nosa<br>endoskopowe operacje nosa i zatok\/FESS\/<br>repozycja ko\u015bci nosa<br>wyci\u0119cie torbieli bocznej i\u015brodkowej szyi<br>wyci\u0119cie w\u0119z\u0142\u00f3w ch\u0142onnych szyjnych<br>wyci\u0119cie zmian sk\u00f3ry I tkanki podsk\u00f3rnej w zakresie twarzy I szyi<br>naci\u0119cie I drena\u017c ropni w zakresie twarzy i szyi<br><br><br>Procedury niezabiegowe<br>Diagnostyka I leczenie chor\u00f3b uszu.zatok,gardla ikrtani<br>Diagnostyka nowotwor\u00f3w uszu nosa,gard\u0142a krtani \u015blinianek<br>Leczenie krwawie\u0144 nosa<br>Badanie endoskopowe krtani<br><br><br>Oddzia\u0142 dysponuje sta\u0142ym dost\u0119pem do <a href=\"http:\/\/www.szpital-srem.pl\/index\/show\/id\/31\/parent\/31\">pracowni diagnostycznych<\/a>\u00a0oraz w\u0142asn\u0105 sal\u0105 zabiegow\u0105, na kt\u00f3rej wykonywana jest wi\u0119kszo\u015b\u0107 zabieg\u00f3w. Zesp\u00f3\u0142 medyczny korzysta z nowoczesnego sprz\u0119tu, kt\u00f3ry przyczynia si\u0119 do skr\u00f3cenia czasu pobytu pacjenta w Szpitalu oraz zapewnia, dzi\u0119ki swojej ma\u0142ej inwazyjno\u015bci, szybszy i mniej bolesny powr\u00f3t do zdrowia.<br><br>Oddzia\u0142 posiada 2- i 3-osobowe sale chorych.<br>Pacjenci do 7 roku \u017cycia mog\u0105 przebywa\u0107 ca\u0142odobowo z osob\u0105 towarzysz\u0105c\u0105 za odp\u0142atno\u015bci\u0105.<br><br>Pacjentami opiekuje si\u0119 zesp\u00f3\u0142 medyczny, legitymuj\u0105cy si\u0119 wiedz\u0105 i wysokimi umiej\u0119tno\u015bciami z zakresu diagnostyki i leczenia schorze\u0144 laryngologicznych.<br>W sk\u0142ad zespo\u0142u wchodz\u0105:<br>&#8211; lekarz Alicja Przybycin &#8211; Kierownik<br>&#8211; lekarz Anna Gendaszyk-Tiszer &#8211; z-ca Kierownika<br>&#8211; lekarz Izabela Ko\u0144czewska<br>&#8211; lekarz Ma\u0142gorzata Lindner<br>&#8211; lekarz Jakub Goch<br>oraz<br>Piel\u0119gniarka Oddzia\u0142owa Pani Hanna Szelejewska, piel\u0119gniarki oraz personel pomocniczy.<br><br>Wa\u017cne informacje:<br>Kwalifikacje pacjent\u00f3w i uzgodnienie terminu przyj\u0119cia na oddzia\u0142 dokonuje Kierownik Oddzia\u0142u od poniedzia\u0142ku do pi\u0105tku, osobi\u015bcie lub telefonicznie w godz. 12.00 &#8211; 13.00 pod numerem tel. 61 281 55 23.<br><br>Przyj\u0119cia na Oddzia\u0142 Laryngologiczny odbywaj\u0105 si\u0119:<br>&#8211; w trybie planowym &#8211; od poniedzia\u0142ku do pi\u0105tku o godzinie 8.00,<br>&#8211; w trybie nag\u0142ym codziennie przez ca\u0142\u0105 dob\u0119.<br>Tel. do Gabinetu lekarskiego: tel. 61 281 55 23<br>Tel. do Punktu Piel\u0119gniarskiego: tel. 61 281 55 27<br>Tel. do Sekretariatu oddzia\u0142u: 61 281 55 29\u00a0<\/p><\/div><\/div>\n<\/div><\/div>\n<\/div><\/div><\/section>\n<\/div><\/section>\n","protected":false},"excerpt":{"rendered":"","protected":false},"author":1,"featured_media":3140,"parent":0,"menu_order":0,"comment_status":"closed","ping_status":"closed","template":"template-gutentor-full-width.php","meta":[],"uagb_featured_image_src":{"full":["https:\/\/szpital.hhd.pl\/wp-content\/uploads\/2021\/09\/rysunek-1.svg",50,50,false],"thumbnail":["https:\/\/szpital.hhd.pl\/wp-content\/uploads\/2021\/09\/rysunek-1.svg",150,150,true],"medium":["https:\/\/szpital.hhd.pl\/wp-content\/uploads\/2021\/09\/rysunek-1.svg",300,300,true],"medium_large":["https:\/\/szpital.hhd.pl\/wp-content\/uploads\/2021\/09\/rysunek-1.svg",768,1,true],"large":["https:\/\/szpital.hhd.pl\/wp-content\/uploads\/2021\/09\/rysunek-1.svg",1024,1024,true],"1536x1536":["https:\/\/szpital.hhd.pl\/wp-content\/uploads\/2021\/09\/rysunek-1.svg",50,50,true],"2048x2048":["https:\/\/szpital.hhd.pl\/wp-content\/uploads\/2021\/09\/rysunek-1.svg",50,50,true],"sydney-large-thumb":["https:\/\/szpital.hhd.pl\/wp-content\/uploads\/2021\/09\/rysunek-1.svg",50,50,true],"sydney-medium-thumb":["https:\/\/szpital.hhd.pl\/wp-content\/uploads\/2021\/09\/rysunek-1.svg",50,50,true],"sydney-small-thumb":["https:\/\/szpital.hhd.pl\/wp-content\/uploads\/2021\/09\/rysunek-1.svg",50,50,true],"sydney-service-thumb":["https:\/\/szpital.hhd.pl\/wp-content\/uploads\/2021\/09\/rysunek-1.svg",50,50,true],"sydney-mas-thumb":["https:\/\/szpital.hhd.pl\/wp-content\/uploads\/2021\/09\/rysunek-1.svg",50,50,true]},"uagb_author_info":{"display_name":"zandeckiw","author_link":"https:\/\/szpital.hhd.pl\/?author=1"},"uagb_comment_info":0,"uagb_excerpt":null,"_links":{"self":[{"href":"https:\/\/szpital.hhd.pl\/index.php?rest_route=\/wp\/v2\/pages\/1561"}],"collection":[{"href":"https:\/\/szpital.hhd.pl\/index.php?rest_route=\/wp\/v2\/pages"}],"about":[{"href":"https:\/\/szpital.hhd.pl\/index.php?rest_route=\/wp\/v2\/types\/page"}],"author":[{"embeddable":true,"href":"https:\/\/szpital.hhd.pl\/index.php?rest_route=\/wp\/v2\/users\/1"}],"replies":[{"embeddable":true,"href":"https:\/\/szpital.hhd.pl\/index.php?rest_route=%2Fwp%2Fv2%2Fcomments&post=1561"}],"version-history":[{"count":0,"href":"https:\/\/szpital.hhd.pl\/index.php?rest_route=\/wp\/v2\/pages\/1561\/revisions"}],"wp:featuredmedia":[{"embeddable":true,"href":"https:\/\/szpital.hhd.pl\/index.php?rest_route=\/wp\/v2\/media\/3140"}],"wp:attachment":[{"href":"https:\/\/szpital.hhd.pl\/index.php?rest_route=%2Fwp%2Fv2%2Fmedia&parent=1561"}],"curies":[{"name":"wp","href":"https:\/\/api.w.org\/{rel}","templated":true}]}}