{"id":1567,"date":"2021-05-19T08:48:11","date_gmt":"2021-05-19T06:48:11","guid":{"rendered":"https:\/\/szpital.hhd.pl\/?page_id=1567"},"modified":"2021-07-01T12:35:54","modified_gmt":"2021-07-01T10:35:54","slug":"1567-2","status":"publish","type":"page","link":"https:\/\/szpital.hhd.pl\/?page_id=1567","title":{"rendered":"Oddzia\u0142 Neurologiczny i Udarowy"},"content":{"rendered":"\n<\/div><\/div><\/div><\/div>\n<style>\n.page-wrap {\n    padding-bottom: 0px;\n}\n<\/style>\n<div class=\"everyPageHead\">\n\n\n\n<section id=\"everyPageHead\" class=\"wp-block-gutentor-m3 section-gmdf8f5fb gutentor-module gutentor-container-cover has-image-bg has-custom-bg has-gutentor-block-shape-top has-gutentor-block-shape-bottom\"><div class=\"gutentor-block-shape-top\"><span><svg viewBox=\"0 0 1280 140\" preserveAspectRatio=\"none\" xmlns=\"http:\/\/www.w3.org\/2000\/svg\"><g><path d=\"M0 47.44L170 0l626.48 94.89L1110 87.11l170-39.67V140H0V47.44z\" fill-opacity=\".5\" style=\"fill-rule:evenodd; transform: rotate(180deg); transform-origin:50% 50%;\"\/><path d=\"M0 90.72l140-28.28 315.52 24.14L796.48 65.8 1140 104.89l140-14.17V140H0V90.72z\" style=\"fill-rule:evenodd; transform: rotate(180deg); transform-origin:50% 50%;\"\/><\/g><\/svg><\/span><\/div><div class=\"grid-container\">\n<div style=\"height:200px\" aria-hidden=\"true\" class=\"wp-block-spacer\"><\/div>\n\n\n\n<div id=\"section-g88fe7e\" class=\"wp-block-gutentor-e1 section-g88fe7e gutentor-element gutentor-element-advanced-text text-align-center-desktop\"><div class=\"gutentor-text-wrap\"><h1 class=\"gutentor-text\"><strong>Oddzia\u0142 Neurologiczny i Udarowy<\/strong><\/h1><\/div><\/div>\n\n\n\n<div style=\"height:200px\" aria-hidden=\"true\" class=\"wp-block-spacer\"><\/div>\n<\/div><div class=\"gutentor-block-shape-bottom\"><span><svg viewBox=\"0 0 1280 140\" preserveAspectRatio=\"none\" xmlns=\"http:\/\/www.w3.org\/2000\/svg\"><g><path d=\"M0 47.44L170 0l626.48 94.89L1110 87.11l170-39.67V140H0V47.44z\" fill-opacity=\".5\" style=\"fill-rule:evenodd; transform: rotate(180deg); transform-origin:50% 50%;\"\/><path d=\"M0 90.72l140-28.28 315.52 24.14L796.48 65.8 1140 104.89l140-14.17V140H0V90.72z\" style=\"fill-rule:evenodd; transform: rotate(180deg); transform-origin:50% 50%;\"\/><\/g><\/svg><\/span><\/div><\/section>\n\n\n\n<\/div>\n<div class=\"container content-wrapper\">\n<div class=\"row>\n<div id=\"primary\" class=\"fp-content-area\">\n<div class=\"entry-content\">\n\n\n\n<section id=\"gmcf7f965\" class=\"wp-block-gutentor-m3 section-gmcf7f965 gutentor-module gutentor-container-cover\"><div class=\"grid-container\">\n<section id=\"gm186f535\" class=\"wp-block-gutentor-m4 section-gm186f535 gutentor-module gutentor-advanced-columns gutentor-enable-sticky-column\" data-top=\"120\" data-bottom=\"\"><div class=\"grid-container\"><div class=\"grid-row\">\n<div id=\"col-gmf210f3\" class=\"wp-block-gutentor-m4-col col-gmf210f3 gutentor-single-column  grid-lg-2 grid-md-4 grid-5\"><div id=\"section-gmf210f3\" class=\"section-gmf210f3 gutentor-col-wrap\">\n<section id=\"gmb097c6b\" class=\"wp-block-gutentor-m3 section-gmb097c6b gutentor-module gutentor-container-cover\"><div class=\"grid-container gutentor-rm-ct-space-d gutentor-rm-ct-space-t gutentor-rm-ct-space\">\n<div class=\"wp-block-uagb-advanced-heading uagb-block-96052554\"><h4 class=\"uagb-heading-text\">Wa\u017cne Informacje<\/h4><div class=\"uagb-separator-wrap\"><div class=\"uagb-separator\"><\/div><\/div><p class=\"uagb-desc-text\"><\/p><\/div>\n\n\n\n<section id=\"gm777a9ca\" class=\"wp-block-gutentor-m3 section-gm777a9ca gutentor-module gutentor-container-cover\"><div class=\"grid-container\"><\/div><\/section>\n\n\n\n<div style=\"height:35px\" aria-hidden=\"true\" class=\"wp-block-spacer\"><\/div>\n\n\n\n<div class=\"wp-block-uagb-advanced-heading uagb-block-80bdf88a\"><h4 class=\"uagb-heading-text\">Kierownik:<\/h4><div class=\"uagb-separator-wrap\"><div class=\"uagb-separator\"><\/div><\/div><p class=\"uagb-desc-text\">Midas<br>Saadoun<\/p><\/div>\n\n\n\n<div id=\"section-gfb6169\" class=\"wp-block-gutentor-e6 section-gfb6169 gutentor-element gutentor-element-image text-align-center-desktop\"><div class=\"gutentor-element-image-box\"><div class=\"gutentor-image-thumb\"><img class=\"normal-image\" src=\"https:\/\/szpital.hhd.pl\/wp-content\/uploads\/2021\/05\/unknown.jpg\"\/><\/div><\/div><\/div>\n\n\n\n<div style=\"height:35px\" aria-hidden=\"true\" class=\"wp-block-spacer\"><\/div>\n\n\n\n<div class=\"wp-block-uagb-advanced-heading uagb-block-1181a360\"><h4 class=\"uagb-heading-text\">Kontakt:<\/h4><div class=\"uagb-separator-wrap\"><div class=\"uagb-separator\"><\/div><\/div><p class=\"uagb-desc-text\"><\/p><\/div>\n\n\n\n<div id=\"section-g845399\" class=\"wp-block-gutentor-e1 section-g845399 gutentor-element gutentor-element-advanced-text\"><div class=\"gutentor-text-wrap\"><p class=\"gutentor-text\">Kierownik:<br>61 281 55 11<br><br>Pok\u00f3j Lekarzy:<br>61 281 55 12<br><br>Punkt piel\u0119gniarski: <br>61 281 55 20<br><br>Sekretariat oddzia\u0142u:<br>61 281 55 21<\/p><\/div><\/div>\n<\/div><\/section>\n<\/div><\/div>\n\n\n\n<div id=\"col-gmf1d9ec\" class=\"wp-block-gutentor-m4-col col-gmf1d9ec gutentor-single-column  grid-lg-10 grid-md-8 grid-7\"><div id=\"section-gmf1d9ec\" class=\"section-gmf1d9ec gutentor-col-wrap\">\n<div class=\"wp-container-2 wp-block-group\"><div class=\"wp-block-group__inner-container\">\n<div class=\"wp-container-1 wp-block-group\"><div class=\"wp-block-group__inner-container\"><\/div><\/div>\n<\/div><\/div>\n\n\n\n<div style=\"height:100px\" aria-hidden=\"true\" class=\"wp-block-spacer\"><\/div>\n\n\n\n<div class=\"wp-block-uagb-advanced-heading uagb-block-39ae6d16\"><h2 class=\"uagb-heading-text\"><strong>Oddzia\u0142 Neurologiczny i Udarowy<\/strong><\/h2><div class=\"uagb-separator-wrap\"><div class=\"uagb-separator\"><\/div><\/div><p class=\"uagb-desc-text\"><\/p><\/div>\n\n\n\n<div id=\"section-gb7c650\" class=\"wp-block-gutentor-e1 section-gb7c650 gutentor-element gutentor-element-advanced-text\"><div class=\"gutentor-text-wrap\"><p class=\"gutentor-text\">Szpital \u015bwiadczy us\u0142ugi neurologiczne w zakresie lecznictwa szpitalnego i ambulatoryjnego w Oddziale Neurologii i Oddziale Udarowym oraz w Poradni Neurologicznej. Szpital Powiatowy im. Tadeusza Mali\u0144skiego w \u015aremie sp. z o.o. posiada akredytacj\u0119 Ministerstwa Zdrowia \u00a0na szkolenie lekarzy medycyny, chc\u0105cych uzyska\u0107 tytu\u0142 specjalisty neurologa.<br>Oddzia\u0142 Neurologiczny i Oddzia\u0142 Udarowy szpitala przyjmuj\u0105 pacjent\u00f3w ze skierowaniami lekarzy maj\u0105cymi zawart\u0105 umow\u0119 z Narodowym Funduszem Zdrowia oraz z lekarzami prowadz\u0105cymi prywatn\u0105, indywidualn\u0105 praktyk\u0119 lekarsk\u0105, zarejestrowan\u0105 w Izbie Lekarskiej (zgodnie z obowi\u0105zuj\u0105cym prawem: nie ma ogranicze\u0144 rejonizacyjnych dla os\u00f3b chorych zg\u0142aszaj\u0105cych si\u0119 po pomoc medyczn\u0105).<br>Poradnia Neurologiczna przyjmuje chorych od kwietnia 2012 roku z plac\u00f3wek S\u0142u\u017cby Zdrowia maj\u0105cych zawarty kontrakt na \u015bwiadczenia us\u0142ug medycznych z Narodowym Funduszem Zdrowia.<br>Oddzia\u0142 Neurologiczny i Oddzia\u0142 Udarowy prowadz\u0105 diagnostyk\u0119 i leczenie schorze\u0144 uk\u0142adu nerwowego:<br>udar\u00f3w m\u00f3zgowych niedokrwiennych i krwotocznych,<br>chor\u00f3b rozrostowych wewn\u0105trzczaszkowych (guz\u00f3w m\u00f3zgu),<br>stwardnienia rozsianego,<br>padaczki i nag\u0142ych zaburze\u0144 \u015bwiadomo\u015bci,<br>miasteni i chor\u00f3b mi\u0119\u015bniowych,<br>b\u00f3l\u00f3w g\u0142owy i zawrot\u00f3w g\u0142owy,<br>zespo\u0142\u00f3w b\u00f3lowych korzeniowych o r\u00f3\u017cnorodnej etiologii,<br>a tak\u017ce realizowane s\u0105 programy lekowe: leczenie dystonii ogniskowych i po\u0142owiczego kurczu twarzy, leczenie spastyczno\u015bci ko\u0144czyny dolnej po udarze m\u00f3zgu z u\u017cyciem toksyny butulinowej typu A, leczenie spastyczno\u015bci ko\u0144czyny g\u00f3rnej po udarze m\u00f3zgu z u\u017cyciem toksyny botulinowej typu A.<br>Szpital dysponuje nowoczesnym sprz\u0119tem diagnostycznym:\u00a0aparatem tomografii komputerowej 16-rz\u0119dowym z mo\u017cliwo\u015bci\u0105 bada\u0144 angiograficznych, aparatem EEG (elektroencefalografia), aparatem EMG (elektromiografia), badaniem USG Doppler Duplex, do dyspozycji jest ECHO kardiogram, Holter EKG, aparat EKG i monitory, ca\u0142odobowo dzia\u0142aj\u0105ce laboratorium wykonuj\u0105ce pe\u0142ny asortyment bada\u0144 diagnostycznych.<br>\u00a0<br>Zesp\u00f3\u0142 neurologiczny sk\u0142ada si\u0119 z lekarzy specjalist\u00f3w neurolog\u00f3w, psycholog\u00f3w, logopedy, rehabilitant\u00f3w &#8211; kinezyterapeut\u00f3w, kwalfikowany zesp\u00f3\u0142 piel\u0119gniarski.<br>\u00a0<br>Sk\u0142ad osobowy:<br><br>&#8211; Kierownik: lekarz Midas Saadoun<br>&#8211; lekarz Roman Graczyk<br>&#8211; lekarz Andrzej K\u0119dzierski<br>&#8211; lekarz Monika G\u00f3rna &#8211; G\u0142owska<br><br>&#8211; dr n.med. Agnieszka Adamczak-Ratajczak<br>Dy\u017cury:<br><br>&#8211; dr n.med. Justyna Rosi\u0144ska<br>&#8211; lekarz Gadmara Adamczewska &#8211; Kocia\u0142kowska<br>&#8211; lekarz Anna Lewandowska<br>&#8211; lekarz Magdalena Kapelusiak &#8211; Pielok<br>&#8211; lekarz Bartosz Sok\u00f3\u0142<br>&#8211; lekarz Ma\u0142gorzata Kosno<br><br>\u00a0<br>Piel\u0119gniark\u0105 Oddzia\u0142ow\u0105 jest Pani Ewa Broniarz. W codziennej pracy pomaga r\u00f3wnie\u017c zesp\u00f3\u0142 piel\u0119gniarek i salowych.<\/p><\/div><\/div>\n<\/div><\/div>\n<\/div><\/div><\/section>\n<\/div><\/section>\n","protected":false},"excerpt":{"rendered":"","protected":false},"author":1,"featured_media":3140,"parent":0,"menu_order":0,"comment_status":"closed","ping_status":"closed","template":"template-gutentor-full-width.php","meta":[],"uagb_featured_image_src":{"full":["https:\/\/szpital.hhd.pl\/wp-content\/uploads\/2021\/09\/rysunek-1.svg",50,50,false],"thumbnail":["https:\/\/szpital.hhd.pl\/wp-content\/uploads\/2021\/09\/rysunek-1.svg",150,150,true],"medium":["https:\/\/szpital.hhd.pl\/wp-content\/uploads\/2021\/09\/rysunek-1.svg",300,300,true],"medium_large":["https:\/\/szpital.hhd.pl\/wp-content\/uploads\/2021\/09\/rysunek-1.svg",768,1,true],"large":["https:\/\/szpital.hhd.pl\/wp-content\/uploads\/2021\/09\/rysunek-1.svg",1024,1024,true],"1536x1536":["https:\/\/szpital.hhd.pl\/wp-content\/uploads\/2021\/09\/rysunek-1.svg",50,50,true],"2048x2048":["https:\/\/szpital.hhd.pl\/wp-content\/uploads\/2021\/09\/rysunek-1.svg",50,50,true],"sydney-large-thumb":["https:\/\/szpital.hhd.pl\/wp-content\/uploads\/2021\/09\/rysunek-1.svg",50,50,true],"sydney-medium-thumb":["https:\/\/szpital.hhd.pl\/wp-content\/uploads\/2021\/09\/rysunek-1.svg",50,50,true],"sydney-small-thumb":["https:\/\/szpital.hhd.pl\/wp-content\/uploads\/2021\/09\/rysunek-1.svg",50,50,true],"sydney-service-thumb":["https:\/\/szpital.hhd.pl\/wp-content\/uploads\/2021\/09\/rysunek-1.svg",50,50,true],"sydney-mas-thumb":["https:\/\/szpital.hhd.pl\/wp-content\/uploads\/2021\/09\/rysunek-1.svg",50,50,true]},"uagb_author_info":{"display_name":"zandeckiw","author_link":"https:\/\/szpital.hhd.pl\/?author=1"},"uagb_comment_info":0,"uagb_excerpt":null,"_links":{"self":[{"href":"https:\/\/szpital.hhd.pl\/index.php?rest_route=\/wp\/v2\/pages\/1567"}],"collection":[{"href":"https:\/\/szpital.hhd.pl\/index.php?rest_route=\/wp\/v2\/pages"}],"about":[{"href":"https:\/\/szpital.hhd.pl\/index.php?rest_route=\/wp\/v2\/types\/page"}],"author":[{"embeddable":true,"href":"https:\/\/szpital.hhd.pl\/index.php?rest_route=\/wp\/v2\/users\/1"}],"replies":[{"embeddable":true,"href":"https:\/\/szpital.hhd.pl\/index.php?rest_route=%2Fwp%2Fv2%2Fcomments&post=1567"}],"version-history":[{"count":0,"href":"https:\/\/szpital.hhd.pl\/index.php?rest_route=\/wp\/v2\/pages\/1567\/revisions"}],"wp:featuredmedia":[{"embeddable":true,"href":"https:\/\/szpital.hhd.pl\/index.php?rest_route=\/wp\/v2\/media\/3140"}],"wp:attachment":[{"href":"https:\/\/szpital.hhd.pl\/index.php?rest_route=%2Fwp%2Fv2%2Fmedia&parent=1567"}],"curies":[{"name":"wp","href":"https:\/\/api.w.org\/{rel}","templated":true}]}}