{"id":1599,"date":"2021-05-19T09:44:40","date_gmt":"2021-05-19T07:44:40","guid":{"rendered":"https:\/\/szpital.hhd.pl\/?page_id=1599"},"modified":"2021-07-01T12:37:18","modified_gmt":"2021-07-01T10:37:18","slug":"blok-operacyjny","status":"publish","type":"page","link":"https:\/\/szpital.hhd.pl\/?page_id=1599","title":{"rendered":"Blok Operacyjny"},"content":{"rendered":"\n<\/div><\/div><\/div><\/div>\n<style>\n.page-wrap {\n    padding-bottom: 0px;\n}\n<\/style>\n<div class=\"everyPageHead\">\n\n\n\n<section id=\"everyPageHead\" class=\"wp-block-gutentor-m3 section-gmb443a5e gutentor-module gutentor-container-cover has-image-bg has-custom-bg has-gutentor-block-shape-top has-gutentor-block-shape-bottom\"><div class=\"gutentor-block-shape-top\"><span><svg viewBox=\"0 0 1280 140\" preserveAspectRatio=\"none\" xmlns=\"http:\/\/www.w3.org\/2000\/svg\"><g><path d=\"M0 47.44L170 0l626.48 94.89L1110 87.11l170-39.67V140H0V47.44z\" fill-opacity=\".5\" style=\"fill-rule:evenodd; transform: rotate(180deg); transform-origin:50% 50%;\"\/><path d=\"M0 90.72l140-28.28 315.52 24.14L796.48 65.8 1140 104.89l140-14.17V140H0V90.72z\" style=\"fill-rule:evenodd; transform: rotate(180deg); transform-origin:50% 50%;\"\/><\/g><\/svg><\/span><\/div><div class=\"grid-container\">\n<div style=\"height:200px\" aria-hidden=\"true\" class=\"wp-block-spacer\"><\/div>\n\n\n\n<div id=\"section-g2e57e8\" class=\"wp-block-gutentor-e1 section-g2e57e8 gutentor-element gutentor-element-advanced-text text-align-center-desktop\"><div class=\"gutentor-text-wrap\"><h1 class=\"gutentor-text\"><strong>Blok Operacyjny<\/strong><\/h1><\/div><\/div>\n\n\n\n<div style=\"height:200px\" aria-hidden=\"true\" class=\"wp-block-spacer\"><\/div>\n<\/div><div class=\"gutentor-block-shape-bottom\"><span><svg viewBox=\"0 0 1280 140\" preserveAspectRatio=\"none\" xmlns=\"http:\/\/www.w3.org\/2000\/svg\"><g><path d=\"M0 47.44L170 0l626.48 94.89L1110 87.11l170-39.67V140H0V47.44z\" fill-opacity=\".5\" style=\"fill-rule:evenodd; transform: rotate(180deg); transform-origin:50% 50%;\"\/><path d=\"M0 90.72l140-28.28 315.52 24.14L796.48 65.8 1140 104.89l140-14.17V140H0V90.72z\" style=\"fill-rule:evenodd; transform: rotate(180deg); transform-origin:50% 50%;\"\/><\/g><\/svg><\/span><\/div><\/section>\n\n\n\n<\/div>\n<div class=\"container content-wrapper\">\n<div class=\"row>\n<div id=\"primary\" class=\"fp-content-area\">\n<div class=\"entry-content\">\n\n\n\n<section id=\"gmc19737b\" class=\"wp-block-gutentor-m3 section-gmc19737b gutentor-module gutentor-container-cover\"><div class=\"grid-container\">\n<section id=\"gm7774de8\" class=\"wp-block-gutentor-m4 section-gm7774de8 gutentor-module gutentor-advanced-columns gutentor-enable-sticky-column\" data-top=\"120\" data-bottom=\"\"><div class=\"grid-container\"><div class=\"grid-row\">\n<div id=\"col-gmadbec7\" class=\"wp-block-gutentor-m4-col col-gmadbec7 gutentor-single-column  grid-lg-2 grid-md-4 grid-5\"><div id=\"section-gmadbec7\" class=\"section-gmadbec7 gutentor-col-wrap\">\n<section id=\"gmf58a6fb\" class=\"wp-block-gutentor-m3 section-gmf58a6fb gutentor-module gutentor-container-cover\"><div class=\"grid-container gutentor-rm-ct-space-d gutentor-rm-ct-space-t gutentor-rm-ct-space\">\n<div class=\"wp-block-uagb-advanced-heading uagb-block-c3764b5f\"><h4 class=\"uagb-heading-text\">Kierownik:<\/h4><div class=\"uagb-separator-wrap\"><div class=\"uagb-separator\"><\/div><\/div><p class=\"uagb-desc-text\">Marek Ciesi\u00f3\u0142ka<\/p><\/div>\n\n\n\n<div id=\"section-g6231bc\" class=\"wp-block-gutentor-e6 section-g6231bc gutentor-element gutentor-element-image text-align-center-desktop\"><div class=\"gutentor-element-image-box\"><div class=\"gutentor-image-thumb\"><img class=\"normal-image\" src=\"https:\/\/szpital.hhd.pl\/wp-content\/uploads\/2021\/05\/unknown.jpg\"\/><\/div><\/div><\/div>\n\n\n\n<div id=\"section-g03f02a\" class=\"wp-block-gutentor-e1 section-g03f02a gutentor-element gutentor-element-advanced-text\"><div class=\"gutentor-text-wrap\"><p class=\"gutentor-text\"><\/p><\/div><\/div>\n<\/div><\/section>\n<\/div><\/div>\n\n\n\n<div id=\"col-gmcefb86\" class=\"wp-block-gutentor-m4-col col-gmcefb86 gutentor-single-column  grid-lg-10 grid-md-8 grid-7\"><div id=\"section-gmcefb86\" class=\"section-gmcefb86 gutentor-col-wrap\">\n<div id=\"section-g377300\" class=\"wp-block-gutentor-e1 section-g377300 gutentor-element gutentor-element-advanced-text\"><div class=\"gutentor-text-wrap\"><p class=\"gutentor-text\"><strong>Blok Operacyjny<\/strong>\u00a0szpitala obejmuje cztery sale operacyjne oraz wydzielon\u0105 sal\u0119 ci\u0119\u0107 cesarskich znajduj\u0105c\u0105 si\u0119 w obr\u0119bie Bloku Porodowego.<\/p><\/div><\/div>\n\n\n\n<section id=\"gm1a66075\" class=\"wp-block-gutentor-m4 section-gm1a66075 gutentor-module gutentor-advanced-columns\"><div class=\"grid-container\"><div class=\"grid-row\">\n<div id=\"col-gm3c43c3\" class=\"wp-block-gutentor-m4-col col-gm3c43c3 gutentor-single-column  grid-lg-9 grid-md-12 grid-12\"><div id=\"section-gm3c43c3\" class=\"section-gm3c43c3 gutentor-col-wrap\">\n<div id=\"section-gfb9391\" class=\"wp-block-gutentor-e6 section-gfb9391 gutentor-element gutentor-element-image text-align-center-desktop\"><div class=\"gutentor-element-image-box\"><div class=\"gutentor-image-thumb\"><img class=\"normal-image\" src=\"https:\/\/szpital.hhd.pl\/wp-content\/uploads\/2021\/06\/IMG_5284.jpg\" srcset=\"https:\/\/szpital.hhd.pl\/wp-content\/uploads\/2021\/06\/IMG_5284.jpg 2x\"\/><\/div><\/div><\/div>\n<\/div><\/div>\n\n\n\n<div id=\"col-gmde7f0e\" class=\"wp-block-gutentor-m4-col col-gmde7f0e gutentor-single-column  grid-lg-3 grid-md-12 grid-12\"><div id=\"section-gmde7f0e\" class=\"section-gmde7f0e gutentor-col-wrap\">\n<div id=\"section-gf76193\" class=\"wp-block-gutentor-e1 section-gf76193 gutentor-element gutentor-element-advanced-text\"><div class=\"gutentor-text-wrap\"><p class=\"gutentor-text\">Nowoczesny blok operacyjny wynika z konieczno\u015bci dostosowania szpitala do obowi\u0105zuj\u0105cych wymog\u00f3w w tym zakresie. Dzi\u0119ki modernizacji zorganizowano funkcjonalny uk\u0142ad pomieszcze\u0144, rozdzia\u0142 ruchu personelu na czysty i brudny, osobne wej\u015bcia dla pacjenta i personelu, zaplecze socjalne. Personel Bloku Operacyjnego:<br>Kierownik &#8211; Marek Ciesi\u00f3\u0142ka<br>Piel\u0119gniarka Oddzia\u0142owa Katarzyna Pankiewicz<br>oraz instrumentariuszki, piel\u0119gniarki anestezjologiczne i personel pomocniczy.<\/p><\/div><\/div>\n<\/div><\/div>\n<\/div><\/div><\/section>\n\n\n\n<div style=\"height:100px\" aria-hidden=\"true\" class=\"wp-block-spacer\"><\/div>\n\n\n\n<div id=\"section-g986364\" class=\"wp-block-gutentor-e1 section-g986364 gutentor-element gutentor-element-advanced-text\"><div class=\"gutentor-text-wrap\"><p class=\"gutentor-text\">Na Bloku Operacyjnym wykonuje si\u0119 zabiegi z zakresu:<\/p><\/div><\/div>\n\n\n\n<section id=\"gmf5f27de\" class=\"wp-block-gutentor-m4 section-gmf5f27de gutentor-module gutentor-advanced-columns\"><div class=\"grid-container\"><div class=\"grid-row\">\n<div id=\"col-gm3d578e\" class=\"wp-block-gutentor-m4-col col-gm3d578e gutentor-single-column  grid-lg-6 grid-md-12 grid-12\"><div id=\"section-gm3d578e\" class=\"section-gm3d578e gutentor-col-wrap\">\n<div id=\"section-g8ce214\" class=\"wp-block-gutentor-e6 section-g8ce214 gutentor-element gutentor-element-image text-align-center-desktop\"><div class=\"gutentor-element-image-box\"><div class=\"gutentor-image-thumb\"><img class=\"normal-image\" src=\"https:\/\/szpital.hhd.pl\/wp-content\/uploads\/2021\/06\/IMG_5290.jpg\" srcset=\"https:\/\/szpital.hhd.pl\/wp-content\/uploads\/2021\/06\/IMG_5284.jpg 2x\"\/><\/div><\/div><\/div>\n<\/div><\/div>\n\n\n\n<div id=\"col-gm8746ff\" class=\"wp-block-gutentor-m4-col col-gm8746ff gutentor-single-column  grid-lg-6 grid-md-12 grid-12\"><div id=\"section-gm8746ff\" class=\"section-gm8746ff gutentor-col-wrap\">\n<div id=\"section-gc404a7\" class=\"wp-block-gutentor-e1 section-gc404a7 gutentor-element gutentor-element-advanced-text\"><div class=\"gutentor-text-wrap\"><p class=\"gutentor-text\">&#8211; chirurgii og\u00f3lnej,<br>&#8211; ortopedii,<br>&#8211; urologii,<br>&#8211; ginekologii,<br>&#8211; otolaryngologii,<br>&#8211; po\u0142o\u017cnictwa.<br>Do dyspozycji mamy nowoczesny sprz\u0119t zabiegowy, m.in.:<br>&#8211; artoskop,<br>&#8211; laparoskopy,<br>&#8211; rami\u0119 C,<br>&#8211; n\u00f3\u017c harmoniczny,<br>&#8211; koagulacj\u0119argonow\u0105.<\/p><\/div><\/div>\n<\/div><\/div>\n<\/div><\/div><\/section>\n\n\n\n<div style=\"height:100px\" aria-hidden=\"true\" class=\"wp-block-spacer\"><\/div>\n<\/div><\/div>\n<\/div><\/div><\/section>\n<\/div><\/section>\n","protected":false},"excerpt":{"rendered":"","protected":false},"author":1,"featured_media":3140,"parent":0,"menu_order":0,"comment_status":"closed","ping_status":"closed","template":"template-gutentor-full-width.php","meta":[],"uagb_featured_image_src":{"full":["https:\/\/szpital.hhd.pl\/wp-content\/uploads\/2021\/09\/rysunek-1.svg",50,50,false],"thumbnail":["https:\/\/szpital.hhd.pl\/wp-content\/uploads\/2021\/09\/rysunek-1.svg",150,150,true],"medium":["https:\/\/szpital.hhd.pl\/wp-content\/uploads\/2021\/09\/rysunek-1.svg",300,300,true],"medium_large":["https:\/\/szpital.hhd.pl\/wp-content\/uploads\/2021\/09\/rysunek-1.svg",768,1,true],"large":["https:\/\/szpital.hhd.pl\/wp-content\/uploads\/2021\/09\/rysunek-1.svg",1024,1024,true],"1536x1536":["https:\/\/szpital.hhd.pl\/wp-content\/uploads\/2021\/09\/rysunek-1.svg",50,50,true],"2048x2048":["https:\/\/szpital.hhd.pl\/wp-content\/uploads\/2021\/09\/rysunek-1.svg",50,50,true],"sydney-large-thumb":["https:\/\/szpital.hhd.pl\/wp-content\/uploads\/2021\/09\/rysunek-1.svg",50,50,true],"sydney-medium-thumb":["https:\/\/szpital.hhd.pl\/wp-content\/uploads\/2021\/09\/rysunek-1.svg",50,50,true],"sydney-small-thumb":["https:\/\/szpital.hhd.pl\/wp-content\/uploads\/2021\/09\/rysunek-1.svg",50,50,true],"sydney-service-thumb":["https:\/\/szpital.hhd.pl\/wp-content\/uploads\/2021\/09\/rysunek-1.svg",50,50,true],"sydney-mas-thumb":["https:\/\/szpital.hhd.pl\/wp-content\/uploads\/2021\/09\/rysunek-1.svg",50,50,true]},"uagb_author_info":{"display_name":"zandeckiw","author_link":"https:\/\/szpital.hhd.pl\/?author=1"},"uagb_comment_info":0,"uagb_excerpt":null,"_links":{"self":[{"href":"https:\/\/szpital.hhd.pl\/index.php?rest_route=\/wp\/v2\/pages\/1599"}],"collection":[{"href":"https:\/\/szpital.hhd.pl\/index.php?rest_route=\/wp\/v2\/pages"}],"about":[{"href":"https:\/\/szpital.hhd.pl\/index.php?rest_route=\/wp\/v2\/types\/page"}],"author":[{"embeddable":true,"href":"https:\/\/szpital.hhd.pl\/index.php?rest_route=\/wp\/v2\/users\/1"}],"replies":[{"embeddable":true,"href":"https:\/\/szpital.hhd.pl\/index.php?rest_route=%2Fwp%2Fv2%2Fcomments&post=1599"}],"version-history":[{"count":0,"href":"https:\/\/szpital.hhd.pl\/index.php?rest_route=\/wp\/v2\/pages\/1599\/revisions"}],"wp:featuredmedia":[{"embeddable":true,"href":"https:\/\/szpital.hhd.pl\/index.php?rest_route=\/wp\/v2\/media\/3140"}],"wp:attachment":[{"href":"https:\/\/szpital.hhd.pl\/index.php?rest_route=%2Fwp%2Fv2%2Fmedia&parent=1599"}],"curies":[{"name":"wp","href":"https:\/\/api.w.org\/{rel}","templated":true}]}}