{"id":1602,"date":"2021-05-19T09:50:14","date_gmt":"2021-05-19T07:50:14","guid":{"rendered":"https:\/\/szpital.hhd.pl\/?page_id=1602"},"modified":"2021-07-01T12:34:26","modified_gmt":"2021-07-01T10:34:26","slug":"1602-2","status":"publish","type":"page","link":"https:\/\/szpital.hhd.pl\/?page_id=1602","title":{"rendered":"Nocna i \u015awi\u0105teczna Opieka Zdrowotna"},"content":{"rendered":"\n<\/div><\/div><\/div><\/div>\n<style>\n.page-wrap {\n    padding-bottom: 0px;\n}\n<\/style>\n<div class=\"everyPageHead\">\n\n\n\n<section id=\"everyPageHead\" class=\"wp-block-gutentor-m3 section-gm26a3dfd gutentor-module gutentor-container-cover has-image-bg has-custom-bg has-gutentor-block-shape-top has-gutentor-block-shape-bottom\"><div class=\"gutentor-block-shape-top\"><span><svg viewBox=\"0 0 1280 140\" preserveAspectRatio=\"none\" xmlns=\"http:\/\/www.w3.org\/2000\/svg\"><g><path d=\"M0 47.44L170 0l626.48 94.89L1110 87.11l170-39.67V140H0V47.44z\" fill-opacity=\".5\" style=\"fill-rule:evenodd; transform: rotate(180deg); transform-origin:50% 50%;\"\/><path d=\"M0 90.72l140-28.28 315.52 24.14L796.48 65.8 1140 104.89l140-14.17V140H0V90.72z\" style=\"fill-rule:evenodd; transform: rotate(180deg); transform-origin:50% 50%;\"\/><\/g><\/svg><\/span><\/div><div class=\"grid-container\">\n<div style=\"height:200px\" aria-hidden=\"true\" class=\"wp-block-spacer\"><\/div>\n\n\n\n<div id=\"section-g20ad6b\" class=\"wp-block-gutentor-e1 section-g20ad6b gutentor-element gutentor-element-advanced-text text-align-center-desktop\"><div class=\"gutentor-text-wrap\"><h1 class=\"gutentor-text\"><strong>Nocna i \u015awi\u0105teczna Opieka Zdrowotna<\/strong><\/h1><\/div><\/div>\n\n\n\n<div style=\"height:200px\" aria-hidden=\"true\" class=\"wp-block-spacer\"><\/div>\n<\/div><div class=\"gutentor-block-shape-bottom\"><span><svg viewBox=\"0 0 1280 140\" preserveAspectRatio=\"none\" xmlns=\"http:\/\/www.w3.org\/2000\/svg\"><g><path d=\"M0 47.44L170 0l626.48 94.89L1110 87.11l170-39.67V140H0V47.44z\" fill-opacity=\".5\" style=\"fill-rule:evenodd; transform: rotate(180deg); transform-origin:50% 50%;\"\/><path d=\"M0 90.72l140-28.28 315.52 24.14L796.48 65.8 1140 104.89l140-14.17V140H0V90.72z\" style=\"fill-rule:evenodd; transform: rotate(180deg); transform-origin:50% 50%;\"\/><\/g><\/svg><\/span><\/div><\/section>\n\n\n\n<\/div>\n<div class=\"container content-wrapper\">\n<div class=\"row>\n<div id=\"primary\" class=\"fp-content-area\">\n<div class=\"entry-content\">\n\n\n\n<section id=\"gm1e22b5e\" class=\"wp-block-gutentor-m3 section-gm1e22b5e gutentor-module gutentor-container-cover\"><div class=\"grid-container\">\n<section id=\"gm9054d54\" class=\"wp-block-gutentor-m4 section-gm9054d54 gutentor-module gutentor-advanced-columns gutentor-enable-sticky-column\" data-top=\"120\" data-bottom=\"\"><div class=\"grid-container\"><div class=\"grid-row\">\n<div id=\"col-gm4564c5\" class=\"wp-block-gutentor-m4-col col-gm4564c5 gutentor-single-column  grid-lg-2 grid-md-4 grid-5\"><div id=\"section-gm4564c5\" class=\"section-gm4564c5 gutentor-col-wrap\">\n<section id=\"gm80f8afc\" class=\"wp-block-gutentor-m3 section-gm80f8afc gutentor-module gutentor-container-cover\"><div class=\"grid-container gutentor-rm-ct-space-d gutentor-rm-ct-space-t gutentor-rm-ct-space\">\n<div class=\"wp-block-uagb-advanced-heading uagb-block-c143bd06\"><h4 class=\"uagb-heading-text\">Wa\u017cne Informacje<\/h4><div class=\"uagb-separator-wrap\"><div class=\"uagb-separator\"><\/div><\/div><p class=\"uagb-desc-text\"><\/p><\/div>\n\n\n\n<div style=\"height:35px\" aria-hidden=\"true\" class=\"wp-block-spacer\"><\/div>\n\n\n\n<div class=\"wp-block-uagb-advanced-heading uagb-block-42be5273\"><h4 class=\"uagb-heading-text\">Kierownik:<\/h4><div class=\"uagb-separator-wrap\"><div class=\"uagb-separator\"><\/div><\/div><p class=\"uagb-desc-text\"><\/p><\/div>\n\n\n\n<div id=\"section-g4ea8fd\" class=\"wp-block-gutentor-e6 section-g4ea8fd gutentor-element gutentor-element-image text-align-center-desktop\"><div class=\"gutentor-element-image-box\"><div class=\"gutentor-image-thumb\"><img class=\"normal-image\" src=\"https:\/\/szpital.hhd.pl\/wp-content\/uploads\/2021\/05\/unknown.jpg\"\/><\/div><\/div><\/div>\n\n\n\n<div style=\"height:35px\" aria-hidden=\"true\" class=\"wp-block-spacer\"><\/div>\n\n\n\n<div class=\"wp-block-uagb-advanced-heading uagb-block-99a3b9e2\"><h4 class=\"uagb-heading-text\">Kontakt:<\/h4><div class=\"uagb-separator-wrap\"><div class=\"uagb-separator\"><\/div><\/div><p class=\"uagb-desc-text\"><\/p><\/div>\n\n\n\n<div id=\"section-gb8d894\" class=\"wp-block-gutentor-e1 section-gb8d894 gutentor-element gutentor-element-advanced-text\"><div class=\"gutentor-text-wrap\"><p class=\"gutentor-text\"><\/p><\/div><\/div>\n<\/div><\/section>\n<\/div><\/div>\n\n\n\n<div id=\"col-gmdf4b56\" class=\"wp-block-gutentor-m4-col col-gmdf4b56 gutentor-single-column  grid-lg-10 grid-md-8 grid-7\"><div id=\"section-gmdf4b56\" class=\"section-gmdf4b56 gutentor-col-wrap\">\n<div style=\"height:100px\" aria-hidden=\"true\" class=\"wp-block-spacer\"><\/div>\n\n\n\n<div class=\"wp-block-uagb-advanced-heading uagb-block-088e98f8\"><h2 class=\"uagb-heading-text\"><strong>Nocna i \u015awi\u0105teczna Opieka Zdrowotna<\/strong><\/h2><div class=\"uagb-separator-wrap\"><div class=\"uagb-separator\"><\/div><\/div><p class=\"uagb-desc-text\"><\/p><\/div>\n\n\n\n<div id=\"section-g74bc48\" class=\"wp-block-gutentor-e1 section-g74bc48 gutentor-element gutentor-element-advanced-text\"><div class=\"gutentor-text-wrap\"><p class=\"gutentor-text\">Nocna i \u015awi\u0105teczna Opieka Zdrowotna udziela \u015bwiadcze\u0144 <strong>wy\u0142\u0105cznie<\/strong> po zg\u0142oszeniu telefonicznym si\u0119 pod nr telefonu:<br>\u00a0<br>504-122-025<br>\u00a0<br>504-122-062<br>\u00a0<br>516-185-340<br>\u00a0<br>Po konsultacji telefonicznej lekarz zadecyduje o przebiegu leczenia, a tak\u017ce oceni czy jest potrzeba przyjazdu pacjenta na wizyt\u0119 do szpitala np. w celu os\u0142uchania. Pacjent, kt\u00f3ry otrzyma zalecenie pojawienia si\u0119 na wizycie lekarskiej powienien skierowa\u0107 si\u0119 do wej\u015bcia do Nocnej i \u015awi\u0105tecznej Opieki Zdrowotnej przez pochylni\u0119, zaraz przy g\u0142\u00f3wnym parkingu Szpitala. Nie nale\u017cy kierowa\u0107 si\u0119 do wej\u015bcia przez SOR (przez namiot).<br>\u00a0<br><br><strong>Pomoc Ambulatoryjna w ramach Nocnej i \u015awi\u0105tecznej Opieki Zdrowotnej realizuje \u015bwiadczenia :<\/strong><br><strong>Parter budynku Szpitala, za poradniami, pok\u00f3j nr 15<\/strong><br><strong>od poniedzia\u0142ku do pi\u0105tku: 18.00 &#8211; 08.00<\/strong><br><strong>soboty, niedziele i \u015bwi\u0119ta \u2013 ca\u0142odobowo<br><\/strong><br>Nocna i \u015bwi\u0105teczna podstawowa opieka zdrowotna obejmuje lekarsk\u0105 i piel\u0119gniarsk\u0105 opiek\u0119 ambulatoryjn\u0105, z kt\u00f3rej pacjent mo\u017ce skorzysta\u0107,\u00a0 pomi\u0119dzy godzin\u0105 18.00, a 8.00, a wi\u0119c po zamkni\u0119ciu swojej Przychodni Lekarza Rodzinnego.<br>S\u0105 to najcz\u0119\u015bciej sytuacje gdy:<br>&#8211; pacjent nie ma objaw\u00f3w sugeruj\u0105cych bezpo\u015brednie zagro\u017cenie \u017cycia lub gro\u017c\u0105cych istotnym uszczerbkiem zdrowia, ale jego samopoczucie odbiega od \u201estanu normalnego\u201d,<br>&#8211; zastosowane \u015brodki domowe lub leki zast\u0119pcze bez recepty nie przynios\u0142y spodziewanej poprawy,<br>&#8211; pacjent ma istotn\u0105 obaw\u0119, \u017ce czekanie do momentu otwarcia przychodni, mo\u017ce znacz\u0105co niekorzystnie wp\u0142yn\u0105\u0107 na rozw\u00f3j choroby i jego stan.<br><strong>Zg\u0142oszenia \u015bwiadcze\u0144 piel\u0119gniarskich do realizacji w domu:<\/strong><br><strong>tel. kom. 504 122 025 (w dni powszednie od 8:00 &#8211; 14:00 i od 18:00 &#8211; 8:00, w dni \u015bwi\u0105teczne ca\u0142odobowo)<\/strong><br><strong>Zgloszenia wizyt lekarskich do domu:<\/strong><br><strong>tel. kom. 504 122 062 lub 516 185 340<\/strong><\/p><\/div><\/div>\n<\/div><\/div>\n<\/div><\/div><\/section>\n<\/div><\/section>\n","protected":false},"excerpt":{"rendered":"","protected":false},"author":1,"featured_media":3140,"parent":0,"menu_order":0,"comment_status":"closed","ping_status":"closed","template":"template-gutentor-full-width.php","meta":[],"uagb_featured_image_src":{"full":["https:\/\/szpital.hhd.pl\/wp-content\/uploads\/2021\/09\/rysunek-1.svg",50,50,false],"thumbnail":["https:\/\/szpital.hhd.pl\/wp-content\/uploads\/2021\/09\/rysunek-1.svg",150,150,true],"medium":["https:\/\/szpital.hhd.pl\/wp-content\/uploads\/2021\/09\/rysunek-1.svg",300,300,true],"medium_large":["https:\/\/szpital.hhd.pl\/wp-content\/uploads\/2021\/09\/rysunek-1.svg",768,1,true],"large":["https:\/\/szpital.hhd.pl\/wp-content\/uploads\/2021\/09\/rysunek-1.svg",1024,1024,true],"1536x1536":["https:\/\/szpital.hhd.pl\/wp-content\/uploads\/2021\/09\/rysunek-1.svg",50,50,true],"2048x2048":["https:\/\/szpital.hhd.pl\/wp-content\/uploads\/2021\/09\/rysunek-1.svg",50,50,true],"sydney-large-thumb":["https:\/\/szpital.hhd.pl\/wp-content\/uploads\/2021\/09\/rysunek-1.svg",50,50,true],"sydney-medium-thumb":["https:\/\/szpital.hhd.pl\/wp-content\/uploads\/2021\/09\/rysunek-1.svg",50,50,true],"sydney-small-thumb":["https:\/\/szpital.hhd.pl\/wp-content\/uploads\/2021\/09\/rysunek-1.svg",50,50,true],"sydney-service-thumb":["https:\/\/szpital.hhd.pl\/wp-content\/uploads\/2021\/09\/rysunek-1.svg",50,50,true],"sydney-mas-thumb":["https:\/\/szpital.hhd.pl\/wp-content\/uploads\/2021\/09\/rysunek-1.svg",50,50,true]},"uagb_author_info":{"display_name":"zandeckiw","author_link":"https:\/\/szpital.hhd.pl\/?author=1"},"uagb_comment_info":0,"uagb_excerpt":null,"_links":{"self":[{"href":"https:\/\/szpital.hhd.pl\/index.php?rest_route=\/wp\/v2\/pages\/1602"}],"collection":[{"href":"https:\/\/szpital.hhd.pl\/index.php?rest_route=\/wp\/v2\/pages"}],"about":[{"href":"https:\/\/szpital.hhd.pl\/index.php?rest_route=\/wp\/v2\/types\/page"}],"author":[{"embeddable":true,"href":"https:\/\/szpital.hhd.pl\/index.php?rest_route=\/wp\/v2\/users\/1"}],"replies":[{"embeddable":true,"href":"https:\/\/szpital.hhd.pl\/index.php?rest_route=%2Fwp%2Fv2%2Fcomments&post=1602"}],"version-history":[{"count":0,"href":"https:\/\/szpital.hhd.pl\/index.php?rest_route=\/wp\/v2\/pages\/1602\/revisions"}],"wp:featuredmedia":[{"embeddable":true,"href":"https:\/\/szpital.hhd.pl\/index.php?rest_route=\/wp\/v2\/media\/3140"}],"wp:attachment":[{"href":"https:\/\/szpital.hhd.pl\/index.php?rest_route=%2Fwp%2Fv2%2Fmedia&parent=1602"}],"curies":[{"name":"wp","href":"https:\/\/api.w.org\/{rel}","templated":true}]}}