{"id":203,"date":"2021-04-27T07:34:23","date_gmt":"2021-04-27T05:34:23","guid":{"rendered":"https:\/\/szpital.hhd.pl\/?page_id=203"},"modified":"2022-04-12T07:40:37","modified_gmt":"2022-04-12T05:40:37","slug":"abc-pacjenta","status":"publish","type":"page","link":"https:\/\/szpital.hhd.pl\/?page_id=203","title":{"rendered":"ABC pacjenta"},"content":{"rendered":"\r\n<div contenteditable=\"false\" data-beyondwords-player=\"true\">\u00a0<\/div>\r\n<p>&nbsp;<\/p>\r\n<div class=\"everyPageHead\">\r\n\r\n\r\n<section id=\"everyPageHead\" class=\"wp-block-gutentor-m3 section-gm0da93af gutentor-module gutentor-container-cover has-image-bg has-custom-bg has-gutentor-block-shape-top has-gutentor-block-shape-bottom\">\r\n<div class=\"gutentor-block-shape-top\">\u00a0<\/div>\r\n<div class=\"grid-container\">\r\n<div id=\"section-g520ff0\" class=\"wp-block-gutentor-e1 section-g520ff0 gutentor-element gutentor-element-advanced-text text-align-center-desktop\">\r\n<div class=\"gutentor-text-wrap\">\r\n<h1 class=\"gutentor-text\"><strong>ABC Pacjenta<\/strong><\/h1>\r\n<\/div>\r\n<\/div>\r\n<\/div>\r\n<div class=\"gutentor-block-shape-bottom\">\r\n<div contenteditable=\"false\" data-beyondwords-player=\"true\">\u00a0<\/div>\r\n<\/div>\r\n<\/section>\r\n\r\n\r\n<\/div>\r\n<div class=\"container content-wrapper\">\r\n<div class=\"&quot;row\">\r\n<div id=\"primary\" class=\"fp-content-area\">\r\n<div class=\"entry-content\">\r\n\r\n\r\n<div id=\"section-gb498e0\" class=\"wp-block-gutentor-e1 section-gb498e0 gutentor-element gutentor-element-advanced-text\">\r\n<div class=\"gutentor-text-wrap\">\r\n<p class=\"gutentor-text\">1 pa\u017adziernika 2004 r. wesz\u0142a w \u017cycie ustawa z dnia 27 sierpnia 2004 r. o \u015bwiadczeniach opieki zdrowotnej finansowanych ze \u015brodk\u00f3w publicznych.<br \/>\u015awiadczenia opieki zdrowotnej przys\u0142uguj\u0105 wszystkim obywatelom RP, na zasadach okre\u015blonych w ustawie.<br \/><br \/><strong>Kto p\u0142aci-<\/strong><br \/>&#8211; <strong>NFZ<\/strong> &#8211; w przypadku os\u00f3b ubezpieczonych (osoby, za kt\u00f3re odprowadzane s\u0105 sk\u0142adki na ubezpieczenie zdrowotne, same op\u0142acaj\u0105ce sk\u0142adk\u0119, osoby obj\u0119te ubezpieczeniem dobrowolnym, osoby odbywaj\u0105ce sta\u017c adaptacyjny, kurs j\u0119zyka polskiego oraz kursy przygotowawcze do podj\u0119cia nauki w j\u0119zyku polskim, o kt\u00f3rych mowa w przepisach o szkolnictwie wy\u017cszym, cz\u0142onkowie rodzin os\u00f3b obj\u0119tych ubezpieczeniem powszechnym),<br \/>&#8211; <strong>Bud\u017cet pa\u0144stwa<\/strong> &#8211; w przypadku os\u00f3b innych ni\u017c ubezpieczone<br \/>&#8211; <strong>Obywatel <\/strong>&#8211; za orzeczenia potrzebne do uzyskania prawa jazdy i inne za\u015bwiadczenia lekarskie wydawane na nasze \u017cyczenie, za wyj\u0105tkiem za\u015bwiadcze\u0144 potrzebnych do uzyskania zasi\u0142ku piel\u0119gnacyjnego albo \u015bwiadczenia z pomocy spo\u0142ecznej za \u015bwiadczenia znajduj\u0105ce si\u0119 w wykazie stanowi\u0105cym za\u0142\u0105cznik do ustawy o \u015bwiadczeniach opieki zdrowotnej finansowanych ze \u015brodk\u00f3w publicznych<br \/><br \/><strong>Jaki dokument ubezpieczenia-<\/strong><br \/>Id\u0105c do lekarza, nale\u017cy zabra\u0107 ze sob\u0105 dokument potwierdzaj\u0105cy op\u0142acanie sk\u0142adek.<br \/>Dzi\u015b jest to:<br \/>&#8211; odcinek emerytury lub renty,<br \/>&#8211; aktualna rodzinna legitymacja ubezpieczeniowa albo zg\u0142oszenie do ubezpieczenia\u00a0 wraz z wa\u017cn\u0105 legitymacj\u0105 studenck\u0105\/szkoln\u0105,<br \/>&#8211; w przypadku student\u00f3w ubezpieczonych przez uczelni\u0119 &#8211; wa\u017cna legitymacja studencka\u00a0<br \/>&#8211; potwierdzenie przelewu sk\u0142adek (w przypadku os\u00f3b pracuj\u0105cych na w\u0142asny rachunek i ubezpieczaj\u0105cych si\u0119 dobrowolnie, emeryt\u00f3w i rencist\u00f3w)<br \/>W przypadku stanu nag\u0142ego, dokument mo\u017ce by\u0107 przedstawiony nie p\u00f3\u017aniej ni\u017c w terminie 30 dni od dnia rozpocz\u0119cia udzielania \u015bwiadczenia opieki zdrowotnej, o ile chory nadal przebywa w szpitalu, lub w terminie 7 dni od dnia zako\u0144czenia udzielania \u015bwiadczenia opieki zdrowotnej.<br \/><br \/><strong>Gdzie si\u0119 leczy\u0107-<\/strong><br \/>W przychodniach, gabinetach i szpitalach, kt\u00f3re maj\u0105 podpisan\u0105 umow\u0119 z Narodowym Funduszem Zdrowia. Powinno by\u0107 na nich zamieszczone logo NFZ.<br \/>Po wej\u015bciu ustawy w \u017cycie nie trzeba b\u0119dzie si\u0119 zapisywa\u0107 na nowo do lekarza, piel\u0119gniarki i po\u0142o\u017cnej podstawowej opieki zdrowotnej (POZ).<br \/>Przypominamy, \u017ce lekarza, piel\u0119gniark\u0119 i po\u0142o\u017cn\u0105 POZ mo\u017cna zmieni\u0107 dwa razy w roku bezp\u0142atnie.<br \/><strong>Uwaga!<\/strong> Warto zapyta\u0107 lekarza rodzinnego, w jaki spos\u00f3b mo\u017cna uzyska\u0107 pomoc w godzinach popo\u0142udniowych, wieczornych i w dni wolne.<br \/><br \/><strong>Skierowanie do lekarza<\/strong><br \/>Ambulatoryjne \u015bwiadczenia specjalistyczne s\u0105 udzielane na podstawie skierowania lekarza ubezpieczenia zdrowotnego. Mamy prawo wybra\u0107 specjalist\u0119 spo\u015br\u00f3d wszystkich, maj\u0105cych podpisan\u0105 umow\u0119 z NFZ.<br \/>Skierowanie to nie jest wymagane do:<br \/>&#8211; ginekologa i po\u0142o\u017cnika,<br \/>&#8211; dentysty,<br \/>&#8211; dermatologa,<br \/>&#8211; wenerologa,<br \/>&#8211; onkologa,<br \/>&#8211; okulisty,<br \/>&#8211; psychiatry.<br \/>Skierowanie nie jest r\u00f3wnie\u017c wymagane od os\u00f3b:<br \/>&#8211; chorych na gru\u017alic\u0119,<br \/>&#8211; zaka\u017conych wirusem HIV,<br \/>&#8211; inwalid\u00f3w wojennych i os\u00f3b represjonowanych,<br \/>&#8211; uzale\u017cnionych od alkoholu, \u015brodk\u00f3w odurzaj\u0105cych i substancji psychotropowych &#8211; w zakresie lecznictwa odwykowego.<br \/>Skierowanie potrzebne jest r\u00f3wnie\u017c do szpitala (od lekarza POZ b\u0105d\u017a lekarza specjalisty),\u00a0poza\u00a0\u00a0 nag\u0142ymi \u00a0wypadkami.<br \/><br \/><strong>Dokumentacja medyczna<\/strong><br \/>Pacjent ma prawo do swojej dokumentacji medycznej prowadzonej w zak\u0142adzie opieki zdrowotnej.<br \/>Na jego wniosek, b\u0105d\u017a na wniosek osoby upowa\u017cnionej przez pacjenta lub jego przedstawiciela ustawowego, dokumentacja powinna by\u0107 przekazana w postaci wyci\u0105gu, odpisu lub kopii, sporz\u0105dzanych na koszt osoby wyst\u0119puj\u0105cej o ni\u0105.<br \/><br \/><strong>Lista oczekuj\u0105cych<\/strong><br \/>\u015awiadczenia opieki zdrowotnej w szpitalach i ambulatoriach udzielane s\u0105 wed\u0142ug kolejno\u015bci zg\u0142oszenia z uwzgl\u0119dnieniem zasady sprawiedliwego, r\u00f3wnego, niedyskryminuj\u0105cego i przejrzystego dost\u0119pu do \u015bwiadcze\u0144 opieki zdrowotnej oraz zgodnie z kryteriami medycznymi okre\u015blonymi przez ministra zdrowia.<br \/>\u015awiadczeniodawca informuje pisemnie o terminie udzielenia \u015bwiadczenia oraz uzasadnia przyczyny wyboru tego terminu.<br \/>W razie zmiany stanu zdrowia, wskazuj\u0105cej na potrzeb\u0119 wcze\u015bniejszego ni\u017c w ustalonym terminie udzielenia \u015bwiadczenia, pacjent informuje o tym \u015bwiadczeniodawc\u0119, kt\u00f3ry &#8211; je\u015bli to wynika z kryteri\u00f3w medycznych &#8211; koryguje odpowiednio termin udzielenia \u015bwiadczenia.<br \/>W celu otrzymania jednego \u015bwiadczenia opieki zdrowotnej na podstawie skierowania, pacjent mo\u017ce wpisa\u0107 si\u0119 na jedn\u0105 list\u0119 oczekuj\u0105cych u jednego \u015bwiadczeniodawcy.<br \/>Lista oczekuj\u0105cych na udzielenie \u015bwiadczenia stanowi integraln\u0105 cz\u0119\u015b\u0107 dokumentacji medycznej.<br \/>Informacje o prowadzonych listach oczekuj\u0105cych, liczbie os\u00f3b i \u015brednim czasie oczekiwania publikuj\u0105 na swoich stronach internetowych oddzia\u0142y wojew\u00f3dzkie Funduszu.<br \/><br \/><strong>Leczenie za granic\u0105<\/strong><br \/>Informacje o \u015bwiadczeniach zdrowotnych przys\u0142uguj\u0105cych obywatelom Rzeczypospolitej Polskiej w krajach Unii Europejskiej s\u0105 szczeg\u00f3\u0142owo opisane na stronach <a href=\"http:\/\/www.nfz.gov.pl\/ue\">http:\/\/www.nfz.gov.pl\/ue\/<\/a><br \/><br \/>\u0179r\u00f3d\u0142o: <a href=\"http:\/\/www.nfz.gov.pl\">www.nfz.gov.pl<\/a><br \/><strong>Klauzula informacyjna<\/strong><br \/>Zgodnie z Rozporz\u0105dzeniem Parlamentu Europejskiego i Rady (UE) 2016\/679 z dnia 27 kwietnia 2016 r. w sprawie ochrony os\u00f3b fizycznych w zwi\u0105zku z przetwarzaniem danych osobowych i w sprawie swobodnego przep\u0142ywu takich danych oraz uchylenia dyrektywy 95\/46\/WE, informuj\u0119 i\u017c:<br \/><strong>Administratorem danych osobowych jest:\u00a0<\/strong><br \/>Szpital Powiatowy im. Tadeusza Mali\u0144skiego w \u015aremie sp. z o.o.,<br \/>ul. Che\u0142mo\u0144skiego 1,<br \/>63-100 \u015arem.<br \/>Dane kontaktowe:<br \/>Tel.: 61 28 15 443<br \/>fax +48 61 283 57 88<br \/>e-mail: sekretariat@szpital-srem.pl<br \/>Celem przetwarzania powierzonych danych osobowych jest \u015bwiadczenie us\u0142ug medycznych w tym r\u00f3wnie\u017c komunikacja w celu \u015bwiadczenia us\u0142ug medycznych oraz przekazywanie za po\u015brednictwem telefonii kom\u00f3rkowej i poczty elektronicznej informacji dotycz\u0105cych dost\u0119pno\u015bci i termin\u00f3w \u015bwiadczenia us\u0142ug, a tak\u017ce rozliczanie \u015bwiadczonych us\u0142ug z podmiotem finansuj\u0105cym oraz archiwizacja danych zwi\u0105zanych ze \u015bwiadczeniem us\u0142ug medycznych.<br \/>Ponadto dane osobowe przetwarzane s\u0105 przez administratora dla wykonywania przez niego obowi\u0105zk\u00f3w pracodawcy i zwi\u0105zan\u0105 z dzia\u0142alno\u015bci\u0105 archiwizacj\u0105 a tak\u017ce wsp\u00f3\u0142praca z kontrahentami.<br \/><strong>Inspektor Ochrony Danych w Szpitalu Powiatowym im. Tadeusza Mali\u0144skiego w\u00a0\u015aremie\u00a0sp. z o.o.:\u00a0<\/strong><br \/>Tomasz Bartkowiak<br \/>Tel. kontaktowy: 61 28 15\u00a0562<br \/>e-mail: t.bartkowiak@szpital-srem.pl<br \/><br \/><br \/>Osobie, kt\u00f3rej dane dotycz\u0105, przys\u0142uguje prawo dost\u0119pu do tre\u015bci swoich danych oraz prawo do ich sprostowania, usuni\u0119cia, ograniczenia przetwarzania, prawo do przenoszenia danych, prawo wniesienia sprzeciwu, prawo do cofni\u0119cia zgody na ich dalsze przetwarzania w dowolnym momencie bez wp\u0142ywu na zgodno\u015b\u0107 z prawem przetwarzania (je\u017celi przetwarzanie odbywa si\u0119 na podstawie zgody), kt\u00f3rego dokonano na podstawie zgody wyra\u017conej przed jej cofni\u0119ciem.<br \/>Dane osobowe przetwarzane b\u0119d\u0105 w celu realizacji zada\u0144 okre\u015blonych dla szpitali w\u00a0obowi\u0105zuj\u0105cych przepisach prawa, dotycz\u0105cych realizacji zada\u0144 publicznej s\u0142u\u017cby zdrowia \u2013 na podstawie art. 6 ust. 1 lit. c, d i e, oraz art. 9 ust. 1, ust. 2 lit. h, i, og\u00f3lnego rozporz\u0105dzenia o ochronie danych osobowych z dnia 27 kwietnia 2016r.;\u00a0<br \/>[nbsp]Odbiorcami danych osobowych danych osobowych b\u0119d\u0105 wy\u0142\u0105cznie podmioty uprawnione do uzyskania danych osobowych na podstawie przepis\u00f3w prawa, a tak\u017ce:<br \/>&#8211; upowa\u017cnieni pracownicy i \u015bwiadczeniodawcy Szpitala Powiatowego im. Tadeusza Mali\u0144skiego w \u015aremie sp. z o.o.<br \/>&#8211; instytucje publiczne upowa\u017cnione do prowadzenia kontroli<br \/>&#8211; podmioty realizuj\u0105ce us\u0142ugi z zakresu medycyny pracy;<br \/>&#8211; kontrahenci, upowa\u017cnieni w zakresie realizacji zawartych um\u00f3w i realizacji powierzonych zada\u0144 i zlecanych us\u0142ug,<br \/>Dane osobowe nie b\u0119d\u0105 przekazywane do pa\u0144stwa trzeciego\/organizacji mi\u0119dzynarodowej.<br \/>Dane osobowe b\u0119d\u0105 przechowywane przez okres niezb\u0119dny do ich przetwarzania dla celu, dla kt\u00f3rego zosta\u0142y pozyskane. W przypadku dokumentacji pracowniczej dane przechowywane b\u0119d\u0105 przez okres 50 lat, a w przypadku dokumentacji medycznej przez okres 30 lat<br \/><br \/>W\u0142a\u015bcicielowi danych osobowych przys\u0142uguje prawo do wniesienia skargi do Urz\u0119du Ochrony Danych Osobowych, w przypadku uznania, i\u017c przetwarzanie danych osobowych jego dotycz\u0105cych narusza przepisy og\u00f3lnego rozporz\u0105dzenia o ochronie danych osobowych z dnia 27 kwietnia 2016 r.;<br \/>Podanie przez w\u0142a\u015bciciela danych osobowych jest niezb\u0119dne do realizacji przedmiotu dzia\u0142alno\u015bci Szpitala Powiatowego im. Tadeusza Mali\u0144skiego w \u015aremie sp. z o.o. w zakresie dotycz\u0105cym w\u0142a\u015bciciela danych. Konsekwencj\u0105 niepodania danych osobowych mo\u017ce by\u0107 nie zrealizowanie przedmiotu dzia\u0142alno\u015bci Szpitala wobec odmawiaj\u0105cego podania danych osobowych w\u0142a\u015bciciela.<br \/>\u00a0<br \/><strong>Podstawa prawna:<\/strong><br \/>Rozporz\u0105dzenie Parlamentu Europejskiego i Rady (UE) 2016\/679 z dnia 27 kwietnia 2016r. w sprawie ochrony os\u00f3b fizycznych w zwi\u0105zku z przetwarzaniem danych osobowych i w sprawie swobodnego przep\u0142ywu takich danych oraz uchylenia dyrektywy 95\/46\/WE (Dz. Urz. L 2016, Nr 119 poz. 1).<br \/>25.05.2018r.<\/p>\r\n<\/div>\r\n<\/div>\r\n\r\n\r\n\r\n<div class=\"wp-container-1 wp-block-buttons\">\r\n<div class=\"wp-block-button\"><a class=\"wp-block-button__link has-background\" style=\"background-color: #0071a1;\">Prosz\u0119 zapozna\u0107 si\u0119 z Vademecum pacjenta<\/a><\/div>\r\n<\/div>\r\n\r\n\r\n\r\n<p>&nbsp;<\/p>\r\n<\/div>\r\n<\/div>\r\n<\/div>\r\n<\/div>","protected":false},"excerpt":{"rendered":"<p>\u00a0 &nbsp; &nbsp;<\/p>\n","protected":false},"author":1,"featured_media":3140,"parent":0,"menu_order":0,"comment_status":"closed","ping_status":"closed","template":"template-gutentor-full-width.php","meta":[],"uagb_featured_image_src":{"full":["https:\/\/szpital.hhd.pl\/wp-content\/uploads\/2021\/09\/rysunek-1.svg",50,50,false],"thumbnail":["https:\/\/szpital.hhd.pl\/wp-content\/uploads\/2021\/09\/rysunek-1.svg",150,150,true],"medium":["https:\/\/szpital.hhd.pl\/wp-content\/uploads\/2021\/09\/rysunek-1.svg",300,300,true],"medium_large":["https:\/\/szpital.hhd.pl\/wp-content\/uploads\/2021\/09\/rysunek-1.svg",768,1,true],"large":["https:\/\/szpital.hhd.pl\/wp-content\/uploads\/2021\/09\/rysunek-1.svg",1024,1024,true],"1536x1536":["https:\/\/szpital.hhd.pl\/wp-content\/uploads\/2021\/09\/rysunek-1.svg",50,50,true],"2048x2048":["https:\/\/szpital.hhd.pl\/wp-content\/uploads\/2021\/09\/rysunek-1.svg",50,50,true],"sydney-large-thumb":["https:\/\/szpital.hhd.pl\/wp-content\/uploads\/2021\/09\/rysunek-1.svg",50,50,true],"sydney-medium-thumb":["https:\/\/szpital.hhd.pl\/wp-content\/uploads\/2021\/09\/rysunek-1.svg",50,50,true],"sydney-small-thumb":["https:\/\/szpital.hhd.pl\/wp-content\/uploads\/2021\/09\/rysunek-1.svg",50,50,true],"sydney-service-thumb":["https:\/\/szpital.hhd.pl\/wp-content\/uploads\/2021\/09\/rysunek-1.svg",50,50,true],"sydney-mas-thumb":["https:\/\/szpital.hhd.pl\/wp-content\/uploads\/2021\/09\/rysunek-1.svg",50,50,true]},"uagb_author_info":{"display_name":"zandeckiw","author_link":"https:\/\/szpital.hhd.pl\/?author=1"},"uagb_comment_info":0,"uagb_excerpt":"\u00a0 &nbsp; &nbsp;","_links":{"self":[{"href":"https:\/\/szpital.hhd.pl\/index.php?rest_route=\/wp\/v2\/pages\/203"}],"collection":[{"href":"https:\/\/szpital.hhd.pl\/index.php?rest_route=\/wp\/v2\/pages"}],"about":[{"href":"https:\/\/szpital.hhd.pl\/index.php?rest_route=\/wp\/v2\/types\/page"}],"author":[{"embeddable":true,"href":"https:\/\/szpital.hhd.pl\/index.php?rest_route=\/wp\/v2\/users\/1"}],"replies":[{"embeddable":true,"href":"https:\/\/szpital.hhd.pl\/index.php?rest_route=%2Fwp%2Fv2%2Fcomments&post=203"}],"version-history":[{"count":2,"href":"https:\/\/szpital.hhd.pl\/index.php?rest_route=\/wp\/v2\/pages\/203\/revisions"}],"predecessor-version":[{"id":5696,"href":"https:\/\/szpital.hhd.pl\/index.php?rest_route=\/wp\/v2\/pages\/203\/revisions\/5696"}],"wp:featuredmedia":[{"embeddable":true,"href":"https:\/\/szpital.hhd.pl\/index.php?rest_route=\/wp\/v2\/media\/3140"}],"wp:attachment":[{"href":"https:\/\/szpital.hhd.pl\/index.php?rest_route=%2Fwp%2Fv2%2Fmedia&parent=203"}],"curies":[{"name":"wp","href":"https:\/\/api.w.org\/{rel}","templated":true}]}}