{"id":2048,"date":"2021-05-27T10:50:50","date_gmt":"2021-05-27T08:50:50","guid":{"rendered":"https:\/\/szpital.hhd.pl\/?page_id=2048"},"modified":"2021-05-27T10:54:32","modified_gmt":"2021-05-27T08:54:32","slug":"przyjecia-do-szpitala","status":"publish","type":"page","link":"https:\/\/szpital.hhd.pl\/?page_id=2048","title":{"rendered":"Przyj\u0119cia do szpitala"},"content":{"rendered":"\n<\/div><\/div><\/div><\/div>\n<style>\n.page-wrap {\n    padding-bottom: 0px;\n}\n<\/style>\n<div class=\"everyPageHead\">\n\n\n\n<section id=\"everyPageHead\" class=\"wp-block-gutentor-m3 section-gm5d28adc gutentor-module gutentor-container-cover has-image-bg has-custom-bg has-gutentor-block-shape-top has-gutentor-block-shape-bottom\"><div class=\"gutentor-block-shape-top\"><span><svg viewBox=\"0 0 1280 140\" preserveAspectRatio=\"none\" xmlns=\"http:\/\/www.w3.org\/2000\/svg\"><g><path d=\"M0 47.44L170 0l626.48 94.89L1110 87.11l170-39.67V140H0V47.44z\" fill-opacity=\".5\" style=\"fill-rule:evenodd; transform: rotate(180deg); transform-origin:50% 50%;\"\/><path d=\"M0 90.72l140-28.28 315.52 24.14L796.48 65.8 1140 104.89l140-14.17V140H0V90.72z\" style=\"fill-rule:evenodd; transform: rotate(180deg); transform-origin:50% 50%;\"\/><\/g><\/svg><\/span><\/div><div class=\"grid-container\">\n<div id=\"section-g781909\" class=\"wp-block-gutentor-e1 section-g781909 gutentor-element gutentor-element-advanced-text text-align-center-desktop\"><div class=\"gutentor-text-wrap\"><h1 class=\"gutentor-text\"><strong>Przyj\u0119cia do szpitala<\/strong><\/h1><\/div><\/div>\n<\/div><div class=\"gutentor-block-shape-bottom\"><span><svg viewBox=\"0 0 1280 140\" preserveAspectRatio=\"none\" xmlns=\"http:\/\/www.w3.org\/2000\/svg\"><g><path d=\"M0 47.44L170 0l626.48 94.89L1110 87.11l170-39.67V140H0V47.44z\" fill-opacity=\".5\" style=\"fill-rule:evenodd; transform: rotate(180deg); transform-origin:50% 50%;\"\/><path d=\"M0 90.72l140-28.28 315.52 24.14L796.48 65.8 1140 104.89l140-14.17V140H0V90.72z\" style=\"fill-rule:evenodd; transform: rotate(180deg); transform-origin:50% 50%;\"\/><\/g><\/svg><\/span><\/div><\/section>\n\n\n\n<\/div>\n<div class=\"container content-wrapper\">\n<div class=\"row>\n<div id=\"primary\" class=\"fp-content-area\">\n<div class=\"entry-content\">\n\n\n\n<div class=\"wp-container-5 wp-block-group\"><div class=\"wp-block-group__inner-container\">\n<section id=\"gma7ba60e\" class=\"wp-block-gutentor-m4 section-gma7ba60e gutentor-module gutentor-advanced-columns\"><div class=\"grid-container\"><div class=\"grid-row\">\n<div id=\"col-gm295099\" class=\"wp-block-gutentor-m4-col col-gm295099 gutentor-single-column  grid-lg-4 grid-md-12 grid-12\"><div id=\"section-gm295099\" class=\"section-gm295099 gutentor-col-wrap\">\n<div id=\"section-g75c1d0\" class=\"wp-block-gutentor-e1 section-g75c1d0 gutentor-element gutentor-element-advanced-text\"><div class=\"gutentor-text-wrap\"><h5 class=\"gutentor-text\"><strong><strong>Przyj\u0119cia w trybie planowym<\/strong><\/strong><\/h5><\/div><\/div>\n\n\n\n<div class=\"wp-container-1 wp-block-buttons is-content-justification-left\">\n<div class=\"wp-block-button\"><a class=\"wp-block-button__link has-background\" href=\"#planowy\" style=\"background-color:#008cd2\">Przejd\u017a<\/a><\/div>\n<\/div>\n<\/div><\/div>\n\n\n\n<div id=\"col-gm42d2d6\" class=\"wp-block-gutentor-m4-col col-gm42d2d6 gutentor-single-column  grid-lg-4 grid-md-12 grid-12\"><div id=\"section-gm42d2d6\" class=\"section-gm42d2d6 gutentor-col-wrap\">\n<div id=\"section-g01c120\" class=\"wp-block-gutentor-e1 section-g01c120 gutentor-element gutentor-element-advanced-text\"><div class=\"gutentor-text-wrap\"><h5 class=\"gutentor-text\"><strong><strong>Przyj\u0119cia w trybie nieplanowym<\/strong><\/strong> z skierowaniem<\/h5><\/div><\/div>\n\n\n\n<div class=\"wp-container-2 wp-block-buttons is-content-justification-left\">\n<div class=\"wp-block-button\"><a class=\"wp-block-button__link has-background\" href=\"#nieplanowyskier\" style=\"background-color:#008cd2\">Przejd\u017a<\/a><\/div>\n<\/div>\n<\/div><\/div>\n\n\n\n<div id=\"col-gm105c3e\" class=\"wp-block-gutentor-m4-col col-gm105c3e gutentor-single-column  grid-lg-4 grid-md-12 grid-12\"><div id=\"section-gm105c3e\" class=\"section-gm105c3e gutentor-col-wrap\">\n<div id=\"section-g41c9e1\" class=\"wp-block-gutentor-e1 section-g41c9e1 gutentor-element gutentor-element-advanced-text\"><div class=\"gutentor-text-wrap\"><h5 class=\"gutentor-text\"><strong><strong>Przyj\u0119cia w trybie nieplanowym bez skierowania<\/strong><\/strong><\/h5><\/div><\/div>\n\n\n\n<div class=\"wp-container-3 wp-block-buttons is-content-justification-left\">\n<div class=\"wp-block-button\"><a class=\"wp-block-button__link has-background\" href=\"#nieplanowybezskier\" style=\"background-color:#008cd2\">Przejd\u017a<\/a><\/div>\n<\/div>\n<\/div><\/div>\n<\/div><\/div><\/section>\n\n\n\n<div class=\"wp-container-4 wp-block-group\"><div class=\"wp-block-group__inner-container\">\n<div style=\"height:100px\" aria-hidden=\"true\" id=\"planowy\" class=\"wp-block-spacer\"><\/div>\n<\/div><\/div>\n<\/div><\/div>\n\n\n\n<div class=\"wp-block-uagb-advanced-heading uagb-block-ec67c099\"><h2 class=\"uagb-heading-text\"><strong>Przyj\u0119cia w trybie planowym<\/strong><\/h2><div class=\"uagb-separator-wrap\"><div class=\"uagb-separator\"><\/div><\/div><p class=\"uagb-desc-text\"><\/p><\/div>\n\n\n\n<div id=\"section-gacf624\" class=\"wp-block-gutentor-e1 section-gacf624 gutentor-element gutentor-element-advanced-text\"><div class=\"gutentor-text-wrap\"><p class=\"gutentor-text\">W przypadku przyj\u0119cia planowego, czyli zgodnego z wyznaczon\u0105 wcze\u015bniej dat\u0105 i godzin\u0105 oraz nazw\u0105 oddzia\u0142u, <strong>pacjent powinien<\/strong> <strong>zg\u0142osi\u0107 si\u0119 na Izb\u0119 Przyj\u0119\u0107, kt\u00f3ra\u00a0 czynna jest od\u00a0 poniedzia\u0142ku do pi\u0105tku od 7.00-11.30. Pacjenci z wyznaczon\u0105 dat\u0105 przyj\u0119cia i skierowaniem w niedziele i \u015bwi\u0119ta przyjmowani s\u0105 w Szpitalnym Oddziale Ratunkowym &#8211; w godzinach 9.00-15.00.<br><\/strong><br><strong>Pacjent powinien zg\u0142osi\u0107 si\u0119\u00a0 z nast\u0119puj\u0105cymi dokumentami:<\/strong><br>&#8211; skierowanie do szpitala,<br>&#8211; dokument potwierdzaj\u0105cy to\u017csamo\u015b\u0107 &#8211; dow\u00f3d osobisty, prawo jazdy lub paszport,<br>&#8211; obcokrajowcy powinni przedstawi\u0107 rodzaj i numer karty pobytu oraz numer identyfikacyjny Unii Europejskiej,<br>&#8211; dokumenty dot. stanu zdrowia lub wcze\u015bniejszych pobyt\u00f3w w szpitalu, np. karta informacyjna z wcze\u015bniejszego leczenia szpitalnego, wyniki bada\u0144, konsultacji, itp.<br>Nast\u0119pnie pacjent badany jest przez odpowiedniego lekarza z oddzia\u0142u, kt\u00f3ry dokonuje kwalifikacji do leczenia (kwalifikacja do leczenia szpitalnego lub inna decyzja).<br>Je\u015bli pacjent zostaje zakwalifikowany do leczenia szpitalnego, powinien potwierdzi\u0107 ten fakt podpisem na poni\u017cszych dokumentach:<br>&#8211; zgod\u0119 na hospitalizacj\u0119,<br>&#8211; o\u015bwiadczenie o wyra\u017ceniu (b\u0105d\u017a nie wyra\u017ceniu) zgody na udzielanie informacji o jego stanie zdrowia, udost\u0119pnianie dokumentacji medycznej, wyznaczenia os\u00f3b do kontaktu oraz o poinformowaniu o przys\u0142uguj\u0105cych prawach i zapoznaniu si\u0119 z Kart\u0105 Praw Pacjenta.<br><br>Po za\u0142atwieniu cz\u0119\u015bci formalnej, pacjent kierowany jest do przebieralni, gdzie pozostawia rzeczy w Depozycie odzie\u017cy przej\u015b\u0107, a nast\u0119pnie w towarzystwie personelu szpitalnego trafia na w\u0142a\u015bciwy oddzia\u0142.<br><br><strong>Zg\u0142aszaj\u0105c si\u0119 do Szpitala pacjent powinien zabra\u0107 ze sob\u0105:<\/strong><br>&#8211; pi\u017cam\u0119 i kapcie,<br>&#8211; bielizn\u0119 osobist\u0105,<br>&#8211; szlafrok,<br>&#8211; r\u0119cznik,<br>&#8211; przybory toaletowe,<br>&#8211; sztu\u0107ce.<br><strong>Uwaga!<\/strong><br><br><br>1. O kolejno\u015bci przyjmowania na poszczeg\u00f3lne oddzia\u0142y decyduje kolejno\u015b\u0107 zg\u0142aszania si\u0119 do Izby Przyj\u0119\u0107, za wyj\u0105tkiem os\u00f3b wymagaj\u0105cych szybkiego dokonania procedury przyj\u0119cia.<br><br>2. W przypadku os\u00f3b, kt\u00f3re nie uko\u0144czy\u0142y 16 roku \u017cycia, wszystkie dokumenty podpisywane s\u0105 przez rodzic\u00f3w b\u0105d\u017a prawomocnych opiekun\u00f3w. Osoby w wieku 16-18 lat podpisuj\u0105 dokumenty wraz z rodzicami b\u0105d\u017a prawomocnymi opiekunami. Samodzielnie podpisuj\u0105 dokumenty osoby, kt\u00f3re uko\u0144czy\u0142y 18 lat.<br>W przypadku os\u00f3b chorych psychicznie b\u0105d\u017a ubezw\u0142asnowolnionych wymagane s\u0105 podpisy prawnych opiekun\u00f3w.<br><br>3. Izba Przyj\u0119\u0107 czynna jest od poniedzia\u0142ku do pi\u0105tku w godzinach 7.00-11.30. Przyj\u0119cia w SOR &#8211; soboty, niedziele i \u015bwi\u0119ta &#8211; ca\u0142\u0105 dob\u0119.<br>4.Kontakt telefoniczny do Izby Przyj\u0119\u0107: 61 281 56 24.SOR: 61 281 56 18.<\/p><\/div><\/div>\n\n\n\n<div style=\"height:100px\" aria-hidden=\"true\" id=\"nieplanowyskier\" class=\"wp-block-spacer\"><\/div>\n\n\n\n<div class=\"wp-block-uagb-advanced-heading uagb-block-8e3a5da5\"><h2 class=\"uagb-heading-text\"><strong>Przyj\u0119cia w trybie nieplanowym<\/strong> z skierowaniem<\/h2><div class=\"uagb-separator-wrap\"><div class=\"uagb-separator\"><\/div><\/div><p class=\"uagb-desc-text\"><\/p><\/div>\n\n\n\n<div id=\"section-g715d11\" class=\"wp-block-gutentor-e1 section-g715d11 gutentor-element gutentor-element-advanced-text\"><div class=\"gutentor-text-wrap\"><p class=\"gutentor-text\">W przypadku przyj\u0119cia nieplanowego, czyli bez wyznaczonej wcze\u015bniej daty i godziny,\u00a0z zaznaczon\u0105 na skierowaniu nazw\u0105 oddzia\u0142u,\u00a0pacjent powinien zg\u0142osi\u0107 si\u0119 w godzinach od 7.00 &#8211; 7.00 dnia nast\u0119pnego do Szpitalnego Oddzia\u0142u Ratunkowego z nast\u0119puj\u0105cymi dokumentami:<br>&#8211; skierowanie do szpitala<br>&#8211; dokument potwierdzaj\u0105cy to\u017csamo\u015b\u0107 &#8211; dow\u00f3d osobisty, prawo jazdy lub paszport,<br>-dokumenty dot. stanu zdrowia lub wcze\u015bniejszych pobyt\u00f3w w szpitalu, np. karta informacyjna z leczenia szpitalnego, wyniki bada\u0144, konsultacji, itp.<br><br>Nast\u0119pnie pacjent badany jest przez odpowiedniego lekarza z oddzia\u0142u, kt\u00f3ry dokonuje kwalifikacji do leczenia (kwalifikacja do leczenia szpitalnego lub inna decyzja).<br>Je\u015bli pacjent zostaje zakwalifikowany do leczenia szpitalnego, powinien potwierdzi\u0107 ten fakt podpisem na poni\u017cszych dokumentach:<br>&#8211; zgod\u0119 (b\u0105d\u017a jej brak) na hospitalizacj\u0119,<br>&#8211; o\u015bwiadczenie o wyra\u017ceniu (b\u0105d\u017a nie wyra\u017ceniu) zgody na udzielanie informacji o jego stanie zdrowia, udost\u0119pnianie dokumentacji medycznej, wyznaczenia os\u00f3b do kontaktu oraz o poinformowaniu o przys\u0142uguj\u0105cych prawach i zapoznaniu si\u0119 z Kart\u0105 Praw Pacjenta.<br><br>Po za\u0142atwieniu cz\u0119\u015bci formalnej i w przypadku, gdy pacjent pozostaje w szpitalu, kierowany jest do przebieralni, gdzie mo\u017ce po pozostawieniu rzeczy w Depozycie odzie\u017cy przej\u015b\u0107 w towarzystwie personelu szpitalnego na w\u0142a\u015bciwie oddzia\u0142.<br><br>Zg\u0142aszaj\u0105c si\u0119 do Szpitala pacjent powinien zabra\u0107 ze sob\u0105:<br>&#8211; pi\u017cam\u0119 i kapcie,<br>&#8211; bielizn\u0119 osobist\u0105,<br>&#8211; szlafrok,<br>&#8211; r\u0119cznik,<br>&#8211; przybory toaletowe,<br>&#8211; sztu\u0107ce.<br><br><br><strong>Uwaga!<br><br><\/strong><br>1. O kolejno\u015bci przyjmowania na poszczeg\u00f3lne oddzia\u0142y <strong>decyduje kolejno\u015b\u0107 <\/strong>zg\u0142aszania si\u0119 do Szpitalnego Oddzia\u0142u Ratunkowego za wyj\u0105tkiem os\u00f3b wymagaj\u0105cych szybkiego dokonania procedury przyj\u0119cia.<br><br>2. W przypadku os\u00f3b, kt\u00f3re nie uko\u0144czy\u0142y 16 roku \u017cycia, wszystkie dokumenty podpisywane s\u0105 przez rodzic\u00f3w b\u0105d\u017a prawomocnych opiekun\u00f3w. Osoby w wieku 16-18 lat podpisuj\u0105 dokumenty wraz z rodzicami b\u0105d\u017a prawomocnymi opiekunami. Samodzielnie podpisuj\u0105 dokumenty osoby, kt\u00f3re uko\u0144czy\u0142y 18 lat.<br>W przypadku os\u00f3b chorych psychicznie b\u0105d\u017a ubezw\u0142asnowolnionych wymagane s\u0105 podpisy prawnych opiekun\u00f3w.<br><br>3. Szpitalny Oddzia\u0142 Ratunkowy\u00a0 przyjmuje pacjent\u00f3w\u00a0 od poniedzia\u0142ku do pi\u0105tku oraz w weekendy i \u015bwi\u0119ta 24h\/dob\u0119<strong>.<\/strong><br>4. Kontakt telefoniczny do SOR -u : 61 281 56 18<\/p><\/div><\/div>\n\n\n\n<div style=\"height:100px\" aria-hidden=\"true\" id=\"nieplanowybezskier\" class=\"wp-block-spacer\"><\/div>\n\n\n\n<div class=\"wp-block-uagb-advanced-heading uagb-block-1055b8f0\"><h2 class=\"uagb-heading-text\"><strong>Przyj\u0119cia w trybie nieplanowym<\/strong> bez skierowania<\/h2><div class=\"uagb-separator-wrap\"><div class=\"uagb-separator\"><\/div><\/div><p class=\"uagb-desc-text\"><\/p><\/div>\n\n\n\n<div id=\"section-g3db62c\" class=\"wp-block-gutentor-e1 section-g3db62c gutentor-element gutentor-element-advanced-text\"><div class=\"gutentor-text-wrap\"><p class=\"gutentor-text\">W przypadku przyj\u0119cia nieplanowego (nag\u0142ego), czyli bez wyznaczonej wcze\u015bniej daty i godziny oraz bez skierowania od lekarza, pacjent powinien zg\u0142osi\u0107 si\u0119 do Szpitalnego Oddzia\u0142u Ratunkowego z nast\u0119puj\u0105cymi dokumentami:<br>\u2022dokument potwierdzaj\u0105cy to\u017csamo\u015b\u0107 &#8211; dow\u00f3d osobisty, prawo jazdy lub paszport,<br>\u2022obcokrajowcy powinni przedstawi\u0107 Europejsk\u0105 Kart\u0119 Ubezpieczenia Zdrowotnego oraz dokument potwierdzaj\u0105cy to\u017csamo\u015b\u0107,<br>\u2022dokumenty dot. stanu zdrowia lub wcze\u015bniejszych pobyt\u00f3w w szpitalu, np. karta informacyjna z leczenia szpitalnego, wyniki bada\u0144, konsultacji, itp.<br><br>Je\u015bli bark jest powy\u017cszych dokument\u00f3w, nale\u017cy je dostarczy\u0107 najszybciej jak to jest mo\u017cliwe nie p\u00f3\u017aniej ni\u017c przed up\u0142ywem 30 dni.<br><br>Nast\u0119pnie pacjent badany jest przez lekarza dy\u017curnego Szpitalnego Oddzia\u0142u Ratunkowego,kt\u00f3ry podejmuje leczenie, przekazuje na inny oddzia\u0142 lub wypisuje pacjenta do domu. Pacjent leczony na Szpitalnym Oddziale Ratunkwym lub przeniesiony do dalszego leczenia szpitalnego na inny oddzia\u0142, wyra\u017ca zgod\u0119 na:<br>\u2022na hospitalizacj\u0119, lub brak zgody na hospitalizacj\u0119<br>\u2022na udzielanie informacji o swoim stanie zdrowia, udost\u0119pnianie dokumentacji medycznej oraz o poinformowaniu o przys\u0142uguj\u0105cych prawach i zapoznaniu si\u0119 z Kart\u0105 Praw Pacjenta.<br><br>Po za\u0142atwieniu cz\u0119\u015bci formalnej i w przypadku, gdy pacjent pozostaje w szpitalu, kierowany jest do przebieralni, gdzie mo\u017ce po zostawieniu rzeczy w Depozycie odzie\u017cy przej\u015b\u0107 w towarzystwie personelu szpitalnego na w\u0142a\u015bciwy oddzia\u0142.<br><br>Zg\u0142aszaj\u0105c si\u0119 do Szpitala pacjent powinien zabra\u0107 ze sob\u0105:<br>\u2022bielizn\u0119 osobist\u0105,<br>\u2022szlafrok,<br>\u2022r\u0119cznik,<br>\u2022przybory toaletowe,<br>\u2022sztu\u0107ce,<br>\u2022dokumentacj\u0119 z wcze\u015bniejszego leczenia.<br><strong>Uwaga!<\/strong><br>1.W przypadku os\u00f3b, kt\u00f3re nie uko\u0144czy\u0142y 16 roku \u017cycia, wszystkie dokumenty podpisywane s\u0105 przez rodzic\u00f3w b\u0105d\u017a prawomocnych opiekun\u00f3w. Osoby w wieku 16-18 lat podpisuj\u0105 dokumenty wraz z rodzicami b\u0105d\u017a prawomocnymi opiekunami. Samodzielnie podpisuj\u0105 dokumenty osoby, kt\u00f3re uko\u0144czy\u0142y 18 lat.<br>W przypadku os\u00f3b chorych psychicznie b\u0105d\u017a ubezw\u0142asnowolnionych wymagane s\u0105 podpisy prawnych opiekun\u00f3w.<br>2.Szpitalny Oddzia\u0142 Ratunkowy czynny jest 24h\/dob\u0119.<br>3.Kontakt telefoniczny do Szpitalnego Oddzia\u0142u Ratunkowego: 61 281 56 18<\/p><\/div><\/div>\n\n\n\n<p><\/p>\n","protected":false},"excerpt":{"rendered":"","protected":false},"author":1,"featured_media":3140,"parent":0,"menu_order":0,"comment_status":"closed","ping_status":"closed","template":"template-gutentor-full-width.php","meta":[],"uagb_featured_image_src":{"full":["https:\/\/szpital.hhd.pl\/wp-content\/uploads\/2021\/09\/rysunek-1.svg",50,50,false],"thumbnail":["https:\/\/szpital.hhd.pl\/wp-content\/uploads\/2021\/09\/rysunek-1.svg",150,150,true],"medium":["https:\/\/szpital.hhd.pl\/wp-content\/uploads\/2021\/09\/rysunek-1.svg",300,300,true],"medium_large":["https:\/\/szpital.hhd.pl\/wp-content\/uploads\/2021\/09\/rysunek-1.svg",768,1,true],"large":["https:\/\/szpital.hhd.pl\/wp-content\/uploads\/2021\/09\/rysunek-1.svg",1024,1024,true],"1536x1536":["https:\/\/szpital.hhd.pl\/wp-content\/uploads\/2021\/09\/rysunek-1.svg",50,50,true],"2048x2048":["https:\/\/szpital.hhd.pl\/wp-content\/uploads\/2021\/09\/rysunek-1.svg",50,50,true],"sydney-large-thumb":["https:\/\/szpital.hhd.pl\/wp-content\/uploads\/2021\/09\/rysunek-1.svg",50,50,true],"sydney-medium-thumb":["https:\/\/szpital.hhd.pl\/wp-content\/uploads\/2021\/09\/rysunek-1.svg",50,50,true],"sydney-small-thumb":["https:\/\/szpital.hhd.pl\/wp-content\/uploads\/2021\/09\/rysunek-1.svg",50,50,true],"sydney-service-thumb":["https:\/\/szpital.hhd.pl\/wp-content\/uploads\/2021\/09\/rysunek-1.svg",50,50,true],"sydney-mas-thumb":["https:\/\/szpital.hhd.pl\/wp-content\/uploads\/2021\/09\/rysunek-1.svg",50,50,true]},"uagb_author_info":{"display_name":"zandeckiw","author_link":"https:\/\/szpital.hhd.pl\/?author=1"},"uagb_comment_info":0,"uagb_excerpt":null,"_links":{"self":[{"href":"https:\/\/szpital.hhd.pl\/index.php?rest_route=\/wp\/v2\/pages\/2048"}],"collection":[{"href":"https:\/\/szpital.hhd.pl\/index.php?rest_route=\/wp\/v2\/pages"}],"about":[{"href":"https:\/\/szpital.hhd.pl\/index.php?rest_route=\/wp\/v2\/types\/page"}],"author":[{"embeddable":true,"href":"https:\/\/szpital.hhd.pl\/index.php?rest_route=\/wp\/v2\/users\/1"}],"replies":[{"embeddable":true,"href":"https:\/\/szpital.hhd.pl\/index.php?rest_route=%2Fwp%2Fv2%2Fcomments&post=2048"}],"version-history":[{"count":0,"href":"https:\/\/szpital.hhd.pl\/index.php?rest_route=\/wp\/v2\/pages\/2048\/revisions"}],"wp:featuredmedia":[{"embeddable":true,"href":"https:\/\/szpital.hhd.pl\/index.php?rest_route=\/wp\/v2\/media\/3140"}],"wp:attachment":[{"href":"https:\/\/szpital.hhd.pl\/index.php?rest_route=%2Fwp%2Fv2%2Fmedia&parent=2048"}],"curies":[{"name":"wp","href":"https:\/\/api.w.org\/{rel}","templated":true}]}}