{"id":2059,"date":"2021-05-27T11:07:17","date_gmt":"2021-05-27T09:07:17","guid":{"rendered":"https:\/\/szpital.hhd.pl\/?page_id=2059"},"modified":"2021-07-21T13:18:28","modified_gmt":"2021-07-21T11:18:28","slug":"udogodnienia-2","status":"publish","type":"page","link":"https:\/\/szpital.hhd.pl\/?page_id=2059","title":{"rendered":"Udogodnienia"},"content":{"rendered":"\n<\/div><\/div><\/div><\/div>\n<style>\n.page-wrap {\n    padding-bottom: 0px;\n}\n<\/style>\n<div class=\"everyPageHead\">\n\n\n\n<section id=\"everyPageHead\" class=\"wp-block-gutentor-m3 section-gm0109b74 gutentor-module gutentor-container-cover has-image-bg has-custom-bg has-gutentor-block-shape-top has-gutentor-block-shape-bottom\"><div class=\"gutentor-block-shape-top\"><span><svg viewBox=\"0 0 1280 140\" preserveAspectRatio=\"none\" xmlns=\"http:\/\/www.w3.org\/2000\/svg\"><g><path d=\"M0 47.44L170 0l626.48 94.89L1110 87.11l170-39.67V140H0V47.44z\" fill-opacity=\".5\" style=\"fill-rule:evenodd; transform: rotate(180deg); transform-origin:50% 50%;\"\/><path d=\"M0 90.72l140-28.28 315.52 24.14L796.48 65.8 1140 104.89l140-14.17V140H0V90.72z\" style=\"fill-rule:evenodd; transform: rotate(180deg); transform-origin:50% 50%;\"\/><\/g><\/svg><\/span><\/div><div class=\"grid-container\">\n<div id=\"section-g8926ef\" class=\"wp-block-gutentor-e1 section-g8926ef gutentor-element gutentor-element-advanced-text text-align-center-desktop\"><div class=\"gutentor-text-wrap\"><h1 class=\"gutentor-text\"><strong>Udogodnienia<\/strong><\/h1><\/div><\/div>\n<\/div><div class=\"gutentor-block-shape-bottom\"><span><svg viewBox=\"0 0 1280 140\" preserveAspectRatio=\"none\" xmlns=\"http:\/\/www.w3.org\/2000\/svg\"><g><path d=\"M0 47.44L170 0l626.48 94.89L1110 87.11l170-39.67V140H0V47.44z\" fill-opacity=\".5\" style=\"fill-rule:evenodd; transform: rotate(180deg); transform-origin:50% 50%;\"\/><path d=\"M0 90.72l140-28.28 315.52 24.14L796.48 65.8 1140 104.89l140-14.17V140H0V90.72z\" style=\"fill-rule:evenodd; transform: rotate(180deg); transform-origin:50% 50%;\"\/><\/g><\/svg><\/span><\/div><\/section>\n\n\n\n<\/div>\n<div class=\"container content-wrapper\">\n<div class=\"row>\n<div id=\"primary\" class=\"fp-content-area\">\n<div class=\"entry-content\">\n\n\n\n<div id=\"section-g041612\" class=\"wp-block-gutentor-e1 section-g041612 gutentor-element gutentor-element-advanced-text\"><div class=\"gutentor-text-wrap\"><p class=\"gutentor-text\">W trosce o wygod\u0119 pacjent\u00f3w oraz os\u00f3b odwiedzaj\u0105cych, na terenie szpitala znajduje si\u0119 szereg udogodnie\u0144.<br><strong>Opieka duszpasterska<\/strong><br>Szpital zapewnia pe\u0142n\u0105 opiek\u0119 duszpastersk\u0105 przy \u0142\u00f3\u017cku chorego oraz mo\u017cliwo\u015b\u0107 korzystania z Kaplicy Szpitalnej pod wezwaniem Matki Bo\u017cej Nieustaj\u0105cej Pomocy (wyznania rzymsko-katolickiego), kt\u00f3ra zlokalizowana jest na poziomie-<br><strong>INFORMATOR DUSZPASTERSKI<\/strong><br>Z powodu zagro\u017cenia epidemicznego nie odbywaj\u0105 si\u0119 msze \u015bw. do odwo\u0142ania<br><strong>MSZE \u015aW.<\/strong><br>w poniedzia\u0142ki, wtorki, \u015brody i pi\u0105tki o godz. 19.15<br>oraz w uzgodnione dni o godz. 18.30<br><strong>MSZE \u015aW. NIEDZIELNE<\/strong><br>w soboty o godz.18.00 i 19.15<br>w niedziele o godz. 11.00 i 12.00<br>&nbsp;<br>Okazja do spowiedzi \u015bw. i przyj\u0119cia sakramentu chorych na oddzia\u0142ach podczas ka\u017cdorazowych odwiedzin kap\u0142a\u0144skich oraz w kaplicy. Komunia \u015bw. na oddzia\u0142ach we wtorki, \u015brody, czwartki, I pi\u0105tek miesi\u0105ca, soboty i niedziele przed po\u0142udniem.<br><strong>Informacje bie\u017c\u0105ce podawane s\u0105 podczas niedzielnych mszy \u015bw.<\/strong><br>ks. Lech Otta<br>Okazja do spowiedzi \u015bw. i przyj\u0119cia sakramentu chorych na oddzia\u0142ach podczas ka\u017cdorazowych odwiedzin kap\u0142a\u0144skich oraz w kaplicy. Komunia \u015bw. na oddzia\u0142ach we wtorki, \u015brody, czwartki, I pi\u0105tek miesi\u0105ca, soboty i niedziele przed po\u0142udniem.<br>przygotowanie do liturgii \u2013 Maciej Dobry<br>dekoracje kwiatowe i wystr\u00f3j kaplicy &#8211; Lucyna Haberland<br>prace naprawcze i modernizacyjne &#8211; Grzegorz Baraniak<br>lektorzy \u2013 Maciej Dobry, Aleksander Jakowiec<br><br>szafarze nadzwyczajni Komunii \u015bw. \u2013&nbsp; Maciej Dobry, Rafa\u0142 Mielcarek, Grzegorz Mieloszy\u0144ski, Piotr Pi\u0105tkowski<br><br><strong>Szatnia<\/strong><br>Obok Izby Przyj\u0119\u0107 znajduje si\u0119 Szatnia, w kt\u00f3rej prosimy, by wszyscy odwiedzaj\u0105cy pacjent\u00f3w naszego Szpitala pozostawiali wierzchnie okrycia przed wej\u015bciem na oddzia\u0142y.<br><strong>Kiosk<\/strong><br>Pacjenci oraz ich odwiedzaj\u0105cy mog\u0105 skorzysta\u0107 z kiosku, zlokalizowanego na parterze Szpitala przy Izbie Przyj\u0119\u0107, &nbsp;kt\u00f3ry oferuje szereg artyku\u0142\u00f3w spo\u017cywczo-przemys\u0142owych oraz pras\u0119.<br><strong>Bufet i automaty z napojami<\/strong><br>Przygotowaniem oraz dostaw\u0105 posi\u0142k\u00f3w dla Szpitala zajmuje si\u0119 firma zewn\u0119trzna. Natomiast przek\u0105ski, drobne posi\u0142ki i artyku\u0142y spo\u017cywcze mo\u017cna kupi\u0107 w bufecie zlokalizowanym przy Izbie Przyj\u0119\u0107. Godziny otwarcia bufetu: 8.00 &#8211; 17.00.<br>Dodatkowo, na wi\u0119kszo\u015bci oddzia\u0142\u00f3w znajduj\u0105 si\u0119 automaty z zimnymi i ciep\u0142ymi napojami.<br><strong>Telefony<\/strong><br>Na terenie Szpitala mo\u017cna pos\u0142ugiwa\u0107 si\u0119 prywatnymi telefonami kom\u00f3rkowymi. Wyj\u0105tek stanowi\u0105 pomieszczenia pracowni diagnostycznych oraz sale chorych na oddzia\u0142ach, w kt\u00f3rych pacjenci pod\u0142\u0105czeni s\u0105 do urz\u0105dze\u0144 monitoruj\u0105cych czynno\u015bci \u017cyciowe albo wykorzystywane s\u0105 elektroniczne pompy infuzyjne. W tych miejscach istnieje niebezpiecze\u0144stwo spowodowania zak\u0142\u00f3ce\u0144 pracy tych urz\u0105dze\u0144.<br><br><br>***<br><br><strong>Oferta pomocy dla os\u00f3b stosuj\u0105cych przemoc w rodzinie na terenie gminy \u015arem<\/strong><br><br><strong>Przychodnia Leczenia Uzale\u017cnie\u0144 i Wsp\u00f3\u0142uzale\u017cnienia w \u015aremie,<\/strong><br>\u015arem, ul. Mickiewicza 5, tel. 61 28 28016,<br><strong>adres e-mail:<\/strong> <a href=\"mailto:pluiw@vp.pl\">pluiw@vp.pl<\/a>,<br><strong>strona internetowa:<\/strong> <a href=\"http:\/\/pluiw.republika.pl\/\">http:\/\/pluiw.republika.pl\/<\/a><br><strong>Nazwa programu:<\/strong> Program edukacyjno-korekcyjny dla os\u00f3b nie radz\u0105cych sobie ze zdrowym wyra\u017caniem z\u0142o\u015bci. Czas realizacji : 1 pa\u017adziernika 2016 roku &#8211; 5 listopada 2016r roku.<br><strong>Forma realizacji:<\/strong> sze\u015b\u0107 spotka\u0144 w ka\u017cd\u0105 sobot\u0119 w godzinach od 10.00-15.00 w siedzibie Przychodni Leczenia Uzale\u017cnie\u0144 i Wsp\u00f3\u0142uzale\u017cnienia w \u015aremie przy ul. Mickiewicza 5. Szczeg\u00f3\u0142owe informacje udzielane s\u0105 pod numerem telefonu 612828016 lub w siedzibie Przychodni.<br><br><strong>Powiatowe Centrum Pomocy Rodzinie w \u015aremie<\/strong><br>63-100 \u015arem, ul. Dutkiewicza 5<strong>, <\/strong>tel. 612830490<strong>,<br>adres e-mail:<\/strong> <a href=\"mailto:pcpr@i.media.pl\">pcpr@i.media.pl<\/a><strong>,<\/strong><br><strong>strona internetowa:<\/strong> <a href=\"http:\/\/www.pcpr.srem.pl\/\">http:\/\/www.pcpr.srem.pl<\/a><br><br><br><strong>***<\/strong><br><strong>Depozyt odzie\u017cy i rzeczy warto\u015bciowych<\/strong><br>Przy Izbie Przyj\u0119\u0107 na parterze Szpitala, pacjenci bezp\u0142atnie przyjmowani na oddzia\u0142y szpitalne, mog\u0105 odda\u0107 do depozytu odzie\u017c. Natomiast rzeczy warto\u015bciowe mo\u017cna pozostawi\u0107 w sejfie, znajduj\u0105cym si\u0119 w Szpitalnym Oddziale Ratunkowym.<br><strong>Post\u00f3j taks\u00f3wek<\/strong><br>Przed wej\u015bciem do Szpitala zlokalizowany jest post\u00f3j taks\u00f3wek.<br><strong>Hotel<\/strong><br>W odleg\u0142o\u015bci ok. 150 m od budynku Szpitala mie\u015bci si\u0119 Hotel L&#8217;Ascada. Jest to nowoczesny obiekt hotelowo -gastronomiczny, oferuj\u0105cy wysoki standard us\u0142ug.<br><strong>Niepubliczne Zak\u0142ady Opieki Zdrowotnej<br><\/strong>Na terenie Szpitala znajduje si\u0119 szereg gabinet\u00f3w NZOZ:<br>&#8211; Indywidualna Specjalistyczna Praktyka Lekarska Poradnia Dermatologiczna,<br>&#8211; Poradnia medycyny pracy &#8211; MEDIP,<br>&#8211; Gabinet Badania S\u0142uchu i Aparat\u00f3w S\u0142uchowych,<br>&#8211; NZOZ SYNAPSA &#8211; poradnia logopedyczna, hospicjum domowe,<br>&#8211; Laboratorium,<br>&#8211; Punkt Krwiodawstwa.<br><br>W bliskiej odleg\u0142o\u015bci od budynku Szpitala mieszcz\u0105 si\u0119:<br>&#8211; Stacja Dializ Braun,<br>&#8211; Apteka.<\/p><\/div><\/div>\n","protected":false},"excerpt":{"rendered":"","protected":false},"author":1,"featured_media":3140,"parent":0,"menu_order":0,"comment_status":"closed","ping_status":"closed","template":"template-gutentor-full-width.php","meta":[],"uagb_featured_image_src":{"full":["https:\/\/szpital.hhd.pl\/wp-content\/uploads\/2021\/09\/rysunek-1.svg",50,50,false],"thumbnail":["https:\/\/szpital.hhd.pl\/wp-content\/uploads\/2021\/09\/rysunek-1.svg",150,150,true],"medium":["https:\/\/szpital.hhd.pl\/wp-content\/uploads\/2021\/09\/rysunek-1.svg",300,300,true],"medium_large":["https:\/\/szpital.hhd.pl\/wp-content\/uploads\/2021\/09\/rysunek-1.svg",768,1,true],"large":["https:\/\/szpital.hhd.pl\/wp-content\/uploads\/2021\/09\/rysunek-1.svg",1024,1024,true],"1536x1536":["https:\/\/szpital.hhd.pl\/wp-content\/uploads\/2021\/09\/rysunek-1.svg",50,50,true],"2048x2048":["https:\/\/szpital.hhd.pl\/wp-content\/uploads\/2021\/09\/rysunek-1.svg",50,50,true],"sydney-large-thumb":["https:\/\/szpital.hhd.pl\/wp-content\/uploads\/2021\/09\/rysunek-1.svg",50,50,true],"sydney-medium-thumb":["https:\/\/szpital.hhd.pl\/wp-content\/uploads\/2021\/09\/rysunek-1.svg",50,50,true],"sydney-small-thumb":["https:\/\/szpital.hhd.pl\/wp-content\/uploads\/2021\/09\/rysunek-1.svg",50,50,true],"sydney-service-thumb":["https:\/\/szpital.hhd.pl\/wp-content\/uploads\/2021\/09\/rysunek-1.svg",50,50,true],"sydney-mas-thumb":["https:\/\/szpital.hhd.pl\/wp-content\/uploads\/2021\/09\/rysunek-1.svg",50,50,true]},"uagb_author_info":{"display_name":"zandeckiw","author_link":"https:\/\/szpital.hhd.pl\/?author=1"},"uagb_comment_info":0,"uagb_excerpt":null,"_links":{"self":[{"href":"https:\/\/szpital.hhd.pl\/index.php?rest_route=\/wp\/v2\/pages\/2059"}],"collection":[{"href":"https:\/\/szpital.hhd.pl\/index.php?rest_route=\/wp\/v2\/pages"}],"about":[{"href":"https:\/\/szpital.hhd.pl\/index.php?rest_route=\/wp\/v2\/types\/page"}],"author":[{"embeddable":true,"href":"https:\/\/szpital.hhd.pl\/index.php?rest_route=\/wp\/v2\/users\/1"}],"replies":[{"embeddable":true,"href":"https:\/\/szpital.hhd.pl\/index.php?rest_route=%2Fwp%2Fv2%2Fcomments&post=2059"}],"version-history":[{"count":0,"href":"https:\/\/szpital.hhd.pl\/index.php?rest_route=\/wp\/v2\/pages\/2059\/revisions"}],"wp:featuredmedia":[{"embeddable":true,"href":"https:\/\/szpital.hhd.pl\/index.php?rest_route=\/wp\/v2\/media\/3140"}],"wp:attachment":[{"href":"https:\/\/szpital.hhd.pl\/index.php?rest_route=%2Fwp%2Fv2%2Fmedia&parent=2059"}],"curies":[{"name":"wp","href":"https:\/\/api.w.org\/{rel}","templated":true}]}}