{"id":2064,"date":"2021-05-27T11:17:22","date_gmt":"2021-05-27T09:17:22","guid":{"rendered":"https:\/\/szpital.hhd.pl\/?page_id=2064"},"modified":"2021-05-27T11:18:36","modified_gmt":"2021-05-27T09:18:36","slug":"skargi-i-wnioski","status":"publish","type":"page","link":"https:\/\/szpital.hhd.pl\/?page_id=2064","title":{"rendered":"Skargi i wnioski"},"content":{"rendered":"\n<\/div><\/div><\/div><\/div>\n<style>\n.page-wrap {\n    padding-bottom: 0px;\n}\n<\/style>\n<div class=\"everyPageHead\">\n\n\n\n<section id=\"everyPageHead\" class=\"wp-block-gutentor-m3 section-gm6328942 gutentor-module gutentor-container-cover has-image-bg has-custom-bg has-gutentor-block-shape-top has-gutentor-block-shape-bottom\"><div class=\"gutentor-block-shape-top\"><span><svg viewBox=\"0 0 1280 140\" preserveAspectRatio=\"none\" xmlns=\"http:\/\/www.w3.org\/2000\/svg\"><g><path d=\"M0 47.44L170 0l626.48 94.89L1110 87.11l170-39.67V140H0V47.44z\" fill-opacity=\".5\" style=\"fill-rule:evenodd; transform: rotate(180deg); transform-origin:50% 50%;\"\/><path d=\"M0 90.72l140-28.28 315.52 24.14L796.48 65.8 1140 104.89l140-14.17V140H0V90.72z\" style=\"fill-rule:evenodd; transform: rotate(180deg); transform-origin:50% 50%;\"\/><\/g><\/svg><\/span><\/div><div class=\"grid-container\">\n<div id=\"section-g3da0b6\" class=\"wp-block-gutentor-e1 section-g3da0b6 gutentor-element gutentor-element-advanced-text text-align-center-desktop\"><div class=\"gutentor-text-wrap\"><h1 class=\"gutentor-text\"><strong>Skargi i wnioski<\/strong><\/h1><\/div><\/div>\n<\/div><div class=\"gutentor-block-shape-bottom\"><span><svg viewBox=\"0 0 1280 140\" preserveAspectRatio=\"none\" xmlns=\"http:\/\/www.w3.org\/2000\/svg\"><g><path d=\"M0 47.44L170 0l626.48 94.89L1110 87.11l170-39.67V140H0V47.44z\" fill-opacity=\".5\" style=\"fill-rule:evenodd; transform: rotate(180deg); transform-origin:50% 50%;\"\/><path d=\"M0 90.72l140-28.28 315.52 24.14L796.48 65.8 1140 104.89l140-14.17V140H0V90.72z\" style=\"fill-rule:evenodd; transform: rotate(180deg); transform-origin:50% 50%;\"\/><\/g><\/svg><\/span><\/div><\/section>\n\n\n\n<\/div>\n<div class=\"container content-wrapper\">\n<div class=\"row>\n<div id=\"primary\" class=\"fp-content-area\">\n<div class=\"entry-content\">\n\n\n\n<div id=\"section-g4a5e69\" class=\"wp-block-gutentor-e1 section-g4a5e69 gutentor-element gutentor-element-advanced-text\"><div class=\"gutentor-text-wrap\"><p class=\"gutentor-text\">Szanowni Pa\u0144stwo,<br>jeste\u015bmy otwarci na wszelkie opinie, skargi i wnioski z Pa\u0144stwa strony.<br><br>Mo\u017cna je sk\u0142ada\u0107 osobi\u015bcie, pisemnie lub za pomoc\u0105 poczty elektronicznej bezpo\u015brednio kierownikom, prze\u0142o\u017conym w danej kom\u00f3rce organizacyjnej lub w Sekretariacie Prezesa Zarz\u0105du Szpitala.<br>Na ka\u017cd\u0105 skarg\u0119 pisemn\u0105 odpowiadamy pisemnie, natomiast skargi ustne s\u0105 rozpatrywane w chwili z\u0142o\u017cenia.<br><strong>Szpital Powiatowy im. Tadeusza Mali\u0144skiego w \u015aremie\u00a0sp. z o.o.<\/strong><br><strong>ul. Che\u0142mo\u0144skiego 1 63-100 \u015arem<\/strong><br><strong>tel. 61 281 54 43 fax 61 2813 57 88<\/strong><br><strong>Ponadto:<\/strong><br><br><br><strong>Dyrektor ds Lecznictwa\u00a0<\/strong><br><strong>przyjmuje w sprawie skarg i wniosk\u00f3w w ka\u017cdy czwartek 09.30 do 10.30.<\/strong><br>nr telefonu 61 281 54 43<br>\u00a0<br><strong>Pe\u0142nomocnik Prezesa ds. Praw Pacjenta Szpitala<\/strong><br>przyjmuje od poniedzia\u0142ku &#8211; pi\u0105tku, w godzinach od 7.00 &#8211; 14.30<br>nr tel. 61 281 54 10<br><br><strong>WOW Narodowego Funduszu Zdrowia w Poznaniu<\/strong><br><strong>Wydzia\u0142 Spraw \u015awiadczeniobiorc\u00f3w i Wsp\u00f3\u0142pracy Mi\u0119dzynarodowej<\/strong><br>61 \u2013 823 Pozna\u0144<br>ul. Piekary14\/15 pok\u00f3j 301<br>skargi s\u0105 przyjmowane:<br>od poniedzia\u0142ku do pi\u0105tku w godzinach od 8.00 \u2013 16.00<br>tel.: 61 850 60 75, 61 658 04 07, 61 658 04 51<br>\u00a0<br><strong>Biuro Rzecznika Praw Pacjenta<\/strong><br>ul. M\u0142ynarska 46<br>01- 171 Warszawa<br>tel. sekretariat : (22) 532 82 50, fax (22) 532 82 30<br><strong>Og\u00f3lnopolska bezp\u0142atna infolinia 800-190-590<\/strong><br>Biuro Rzecznika Praw Dziecka<br>ul. Przemys\u0142owa 30\/32<br>00-450 Warszawa<br>tel. 22\/583 66 00<br><strong>Biuro czynne od<\/strong> poniedzia\u0142ku do pi\u0105tku w godz. 8:15 &#8211; 16:15<\/p><\/div><\/div>\n","protected":false},"excerpt":{"rendered":"","protected":false},"author":1,"featured_media":3140,"parent":0,"menu_order":0,"comment_status":"closed","ping_status":"closed","template":"template-gutentor-full-width.php","meta":[],"uagb_featured_image_src":{"full":["https:\/\/szpital.hhd.pl\/wp-content\/uploads\/2021\/09\/rysunek-1.svg",50,50,false],"thumbnail":["https:\/\/szpital.hhd.pl\/wp-content\/uploads\/2021\/09\/rysunek-1.svg",150,150,true],"medium":["https:\/\/szpital.hhd.pl\/wp-content\/uploads\/2021\/09\/rysunek-1.svg",300,300,true],"medium_large":["https:\/\/szpital.hhd.pl\/wp-content\/uploads\/2021\/09\/rysunek-1.svg",768,1,true],"large":["https:\/\/szpital.hhd.pl\/wp-content\/uploads\/2021\/09\/rysunek-1.svg",1024,1024,true],"1536x1536":["https:\/\/szpital.hhd.pl\/wp-content\/uploads\/2021\/09\/rysunek-1.svg",50,50,true],"2048x2048":["https:\/\/szpital.hhd.pl\/wp-content\/uploads\/2021\/09\/rysunek-1.svg",50,50,true],"sydney-large-thumb":["https:\/\/szpital.hhd.pl\/wp-content\/uploads\/2021\/09\/rysunek-1.svg",50,50,true],"sydney-medium-thumb":["https:\/\/szpital.hhd.pl\/wp-content\/uploads\/2021\/09\/rysunek-1.svg",50,50,true],"sydney-small-thumb":["https:\/\/szpital.hhd.pl\/wp-content\/uploads\/2021\/09\/rysunek-1.svg",50,50,true],"sydney-service-thumb":["https:\/\/szpital.hhd.pl\/wp-content\/uploads\/2021\/09\/rysunek-1.svg",50,50,true],"sydney-mas-thumb":["https:\/\/szpital.hhd.pl\/wp-content\/uploads\/2021\/09\/rysunek-1.svg",50,50,true]},"uagb_author_info":{"display_name":"zandeckiw","author_link":"https:\/\/szpital.hhd.pl\/?author=1"},"uagb_comment_info":0,"uagb_excerpt":null,"_links":{"self":[{"href":"https:\/\/szpital.hhd.pl\/index.php?rest_route=\/wp\/v2\/pages\/2064"}],"collection":[{"href":"https:\/\/szpital.hhd.pl\/index.php?rest_route=\/wp\/v2\/pages"}],"about":[{"href":"https:\/\/szpital.hhd.pl\/index.php?rest_route=\/wp\/v2\/types\/page"}],"author":[{"embeddable":true,"href":"https:\/\/szpital.hhd.pl\/index.php?rest_route=\/wp\/v2\/users\/1"}],"replies":[{"embeddable":true,"href":"https:\/\/szpital.hhd.pl\/index.php?rest_route=%2Fwp%2Fv2%2Fcomments&post=2064"}],"version-history":[{"count":0,"href":"https:\/\/szpital.hhd.pl\/index.php?rest_route=\/wp\/v2\/pages\/2064\/revisions"}],"wp:featuredmedia":[{"embeddable":true,"href":"https:\/\/szpital.hhd.pl\/index.php?rest_route=\/wp\/v2\/media\/3140"}],"wp:attachment":[{"href":"https:\/\/szpital.hhd.pl\/index.php?rest_route=%2Fwp%2Fv2%2Fmedia&parent=2064"}],"curies":[{"name":"wp","href":"https:\/\/api.w.org\/{rel}","templated":true}]}}