{"id":2265,"date":"2021-06-21T10:57:49","date_gmt":"2021-06-21T08:57:49","guid":{"rendered":"https:\/\/szpital.hhd.pl\/?page_id=2265"},"modified":"2021-09-22T13:56:35","modified_gmt":"2021-09-22T11:56:35","slug":"poradnia-polozniczo-ginekologiczna-nfz","status":"publish","type":"page","link":"https:\/\/szpital.hhd.pl\/?page_id=2265","title":{"rendered":"PORADNIA PO\u0141O\u017bNICZO \u2013 GINEKOLOGICZNA (NFZ)"},"content":{"rendered":"\n<\/div><\/div><\/div><\/div>\n<style>\n.page-wrap {\n    padding-bottom: 0px;\n}\n<\/style>\n<div class=\"everyPageHead\">\n\n\n\n<section id=\"everyPageHead\" class=\"wp-block-gutentor-m3 section-gm1c5d8da gutentor-module gutentor-container-cover has-image-bg has-custom-bg has-gutentor-block-shape-top has-gutentor-block-shape-bottom\"><div class=\"gutentor-block-shape-top\"><span><svg viewBox=\"0 0 1280 140\" preserveAspectRatio=\"none\" xmlns=\"http:\/\/www.w3.org\/2000\/svg\"><g><path d=\"M0 47.44L170 0l626.48 94.89L1110 87.11l170-39.67V140H0V47.44z\" fill-opacity=\".5\" style=\"fill-rule:evenodd; transform: rotate(180deg); transform-origin:50% 50%;\"\/><path d=\"M0 90.72l140-28.28 315.52 24.14L796.48 65.8 1140 104.89l140-14.17V140H0V90.72z\" style=\"fill-rule:evenodd; transform: rotate(180deg); transform-origin:50% 50%;\"\/><\/g><\/svg><\/span><\/div><div class=\"grid-container\">\n<div id=\"section-g32b0cb\" class=\"wp-block-gutentor-e1 section-g32b0cb gutentor-element gutentor-element-advanced-text text-align-center-desktop\"><div class=\"gutentor-text-wrap\"><h1 class=\"gutentor-text\"><strong><strong>PORADNIA PO\u0141O\u017bNICZO \u2013 GINEKOLOGICZNA (NFZ)<\/strong><\/strong><\/h1><\/div><\/div>\n<\/div><div class=\"gutentor-block-shape-bottom\"><span><svg viewBox=\"0 0 1280 140\" preserveAspectRatio=\"none\" xmlns=\"http:\/\/www.w3.org\/2000\/svg\"><g><path d=\"M0 47.44L170 0l626.48 94.89L1110 87.11l170-39.67V140H0V47.44z\" fill-opacity=\".5\" style=\"fill-rule:evenodd; transform: rotate(180deg); transform-origin:50% 50%;\"\/><path d=\"M0 90.72l140-28.28 315.52 24.14L796.48 65.8 1140 104.89l140-14.17V140H0V90.72z\" style=\"fill-rule:evenodd; transform: rotate(180deg); transform-origin:50% 50%;\"\/><\/g><\/svg><\/span><\/div><\/section>\n\n\n\n<\/div>\n<div class=\"container content-wrapper\">\n<div class=\"row>\n<div id=\"primary\" class=\"fp-content-area\">\n<div class=\"entry-content\">\n\n\n\n<p class=\"has-text-align-center\">telefon: 61 281 54 29<\/p>\n\n\n\n<p class=\"has-text-align-center\">PONIEDZIA\u0141EK 16.00 \u2013 19.00<\/p>\n\n\n\n<p class=\"has-text-align-center\">WTOREK 07.30 \u2013 12.00<\/p>\n\n\n\n<p class=\"has-text-align-center\">\u015aRODA 07.30 \u2013 14.00<\/p>\n\n\n\n<p class=\"has-text-align-center\">CZWARTEK 09.00 \u2013 14.00<\/p>\n\n\n\n<p class=\"has-text-align-center\">16.00 \u2013 19.00<\/p>\n\n\n\n<p class=\"has-text-align-center\">PI\u0104TEK 08.00 \u2013 14.00<\/p>\n\n\n\n<p class=\"has-text-align-center\">W ramach poradni po\u0142o\u017cniczo \u2013 ginekologicznej b\u0119dzie wykonywana diagnostyka inwazyjna piersi dla:<\/p>\n\n\n\n<p class=\"has-text-align-center\">\u00b7 Pacjentek bez objaw\u00f3w, kt\u00f3re chc\u0105 regularnie kontrolowa\u0107 piersi<br>\u00b7 Pacjentek z niepokoj\u0105cymi objawami, kt\u00f3re nie mia\u0142y wcze\u015bniej rozpoznanej choroby piersi<br>\u00b7 Pacjentek kierowanych na pog\u0142\u0119bion\u0105 diagnostyk\u0119, po wcze\u015bniej wykonanych<br>badaniach.<br>\u00b7 Pacjentek kierowanych na diagnostyk\u0119 inwazyjn\u0105 wykrytych zmian piersi.<br><br>Zakres diagnostyki obejmuje:<\/p>\n\n\n\n<p class=\"has-text-align-center\"> \u2022 Przeprowadzenie wywiadu lekarskiego<br>&#8211; Badanie fizykalne piersi<br>&#8211; Badanie USG piersi<br>&#8211; Om\u00f3wienie wynik\u00f3w bada\u0144 mammograficznych oraz USG piersi (prosimy o zabranie ze sob\u0105 posiadanych wynik\u00f3w&nbsp; &nbsp;bada\u0144, biopsji, operacji)<br>&#8211; Kwalifikacj\u0119 do diagnostyki inwazyjnej chor\u00f3b piersi<br>&#8211; Przeprowadzenie biopsji cienkoig\u0142owej, biopsji wspomaganej pr\u00f3\u017cniowo (Mammotom &#8211; VAB).<br><\/p>\n\n\n\n<p class=\"has-text-align-center\"><strong>Przyj\u0119cia w ka\u017cdy wtorek w godzinach 15.00-19.00<\/strong><br><br><strong>Po uprzedniej rejestracji pod numerem telefonu: 61 281 54 29<\/strong><\/p>\n","protected":false},"excerpt":{"rendered":"","protected":false},"author":1,"featured_media":3140,"parent":0,"menu_order":0,"comment_status":"closed","ping_status":"closed","template":"template-gutentor-full-width.php","meta":[],"uagb_featured_image_src":{"full":["https:\/\/szpital.hhd.pl\/wp-content\/uploads\/2021\/09\/rysunek-1.svg",50,50,false],"thumbnail":["https:\/\/szpital.hhd.pl\/wp-content\/uploads\/2021\/09\/rysunek-1.svg",150,150,true],"medium":["https:\/\/szpital.hhd.pl\/wp-content\/uploads\/2021\/09\/rysunek-1.svg",300,300,true],"medium_large":["https:\/\/szpital.hhd.pl\/wp-content\/uploads\/2021\/09\/rysunek-1.svg",768,1,true],"large":["https:\/\/szpital.hhd.pl\/wp-content\/uploads\/2021\/09\/rysunek-1.svg",1024,1024,true],"1536x1536":["https:\/\/szpital.hhd.pl\/wp-content\/uploads\/2021\/09\/rysunek-1.svg",50,50,true],"2048x2048":["https:\/\/szpital.hhd.pl\/wp-content\/uploads\/2021\/09\/rysunek-1.svg",50,50,true],"sydney-large-thumb":["https:\/\/szpital.hhd.pl\/wp-content\/uploads\/2021\/09\/rysunek-1.svg",50,50,true],"sydney-medium-thumb":["https:\/\/szpital.hhd.pl\/wp-content\/uploads\/2021\/09\/rysunek-1.svg",50,50,true],"sydney-small-thumb":["https:\/\/szpital.hhd.pl\/wp-content\/uploads\/2021\/09\/rysunek-1.svg",50,50,true],"sydney-service-thumb":["https:\/\/szpital.hhd.pl\/wp-content\/uploads\/2021\/09\/rysunek-1.svg",50,50,true],"sydney-mas-thumb":["https:\/\/szpital.hhd.pl\/wp-content\/uploads\/2021\/09\/rysunek-1.svg",50,50,true]},"uagb_author_info":{"display_name":"zandeckiw","author_link":"https:\/\/szpital.hhd.pl\/?author=1"},"uagb_comment_info":0,"uagb_excerpt":null,"_links":{"self":[{"href":"https:\/\/szpital.hhd.pl\/index.php?rest_route=\/wp\/v2\/pages\/2265"}],"collection":[{"href":"https:\/\/szpital.hhd.pl\/index.php?rest_route=\/wp\/v2\/pages"}],"about":[{"href":"https:\/\/szpital.hhd.pl\/index.php?rest_route=\/wp\/v2\/types\/page"}],"author":[{"embeddable":true,"href":"https:\/\/szpital.hhd.pl\/index.php?rest_route=\/wp\/v2\/users\/1"}],"replies":[{"embeddable":true,"href":"https:\/\/szpital.hhd.pl\/index.php?rest_route=%2Fwp%2Fv2%2Fcomments&post=2265"}],"version-history":[{"count":0,"href":"https:\/\/szpital.hhd.pl\/index.php?rest_route=\/wp\/v2\/pages\/2265\/revisions"}],"wp:featuredmedia":[{"embeddable":true,"href":"https:\/\/szpital.hhd.pl\/index.php?rest_route=\/wp\/v2\/media\/3140"}],"wp:attachment":[{"href":"https:\/\/szpital.hhd.pl\/index.php?rest_route=%2Fwp%2Fv2%2Fmedia&parent=2265"}],"curies":[{"name":"wp","href":"https:\/\/api.w.org\/{rel}","templated":true}]}}