{"id":2393,"date":"2021-06-25T09:58:21","date_gmt":"2021-06-25T07:58:21","guid":{"rendered":"https:\/\/szpital.hhd.pl\/?page_id=2393"},"modified":"2021-06-29T09:02:00","modified_gmt":"2021-06-29T07:02:00","slug":"2393-2","status":"publish","type":"page","link":"https:\/\/szpital.hhd.pl\/?page_id=2393","title":{"rendered":"Pracownia Fizykoterapii i Rehabilitacji"},"content":{"rendered":"\n<\/div><\/div><\/div><\/div>\n<style>\n.page-wrap {\n    padding-bottom: 0px;\n}\n<\/style>\n<div class=\"everyPageHead\">\n\n\n\n<section id=\"everyPageHead\" class=\"wp-block-gutentor-m3 section-gm3f8915d gutentor-module gutentor-container-cover has-image-bg has-custom-bg has-gutentor-block-shape-top has-gutentor-block-shape-bottom\"><div class=\"gutentor-block-shape-top\"><span><svg viewBox=\"0 0 1280 140\" preserveAspectRatio=\"none\" xmlns=\"http:\/\/www.w3.org\/2000\/svg\"><g><path d=\"M0 47.44L170 0l626.48 94.89L1110 87.11l170-39.67V140H0V47.44z\" fill-opacity=\".5\" style=\"fill-rule:evenodd; transform: rotate(180deg); transform-origin:50% 50%;\"\/><path d=\"M0 90.72l140-28.28 315.52 24.14L796.48 65.8 1140 104.89l140-14.17V140H0V90.72z\" style=\"fill-rule:evenodd; transform: rotate(180deg); transform-origin:50% 50%;\"\/><\/g><\/svg><\/span><\/div><div class=\"grid-container\">\n<div style=\"height:200px\" aria-hidden=\"true\" class=\"wp-block-spacer\"><\/div>\n\n\n\n<div id=\"section-g12eafa\" class=\"wp-block-gutentor-e1 section-g12eafa gutentor-element gutentor-element-advanced-text text-align-center-desktop\"><div class=\"gutentor-text-wrap\"><h1 class=\"gutentor-text\"><strong><strong>Pracownia Fizykoterapii i Rehabilitacji<\/strong><\/strong><\/h1><\/div><\/div>\n\n\n\n<div style=\"height:200px\" aria-hidden=\"true\" class=\"wp-block-spacer\"><\/div>\n<\/div><div class=\"gutentor-block-shape-bottom\"><span><svg viewBox=\"0 0 1280 140\" preserveAspectRatio=\"none\" xmlns=\"http:\/\/www.w3.org\/2000\/svg\"><g><path d=\"M0 47.44L170 0l626.48 94.89L1110 87.11l170-39.67V140H0V47.44z\" fill-opacity=\".5\" style=\"fill-rule:evenodd; transform: rotate(180deg); transform-origin:50% 50%;\"\/><path d=\"M0 90.72l140-28.28 315.52 24.14L796.48 65.8 1140 104.89l140-14.17V140H0V90.72z\" style=\"fill-rule:evenodd; transform: rotate(180deg); transform-origin:50% 50%;\"\/><\/g><\/svg><\/span><\/div><\/section>\n\n\n\n<\/div>\n<div class=\"container content-wrapper\">\n<div class=\"row>\n<div id=\"primary\" class=\"fp-content-area\">\n<div class=\"entry-content\">\n\n\n<div id=\"srodek\">\n<div id=\"pracownia-fizykoterapii-i-rehabilitacji\" class=\"mod_article block\">\n<div class=\"ce_text block\">\n<div class=\"aktualnosc\">\n<h3>Komunikat dla pacjent\u00f3w w sprawie dzia\u0142ania Dzia\u0142u Fizjoterapii.<\/h3>\n<p align=\"justify\">1. Od dnia 01.06.2020 roku wracamy do dawnego trybu przyj\u0119\u0107 pacjent\u00f3w do dziennej i ambulatoryjnej rehabilitacji przy zachowaniu wymaganych \u015brodk\u00f3w ostro\u017cno\u015bci.<\/p>\n<p align=\"justify\">Fizjoterapia b\u0119dzie czynna:<\/p>\n<p align=\"justify\">&#8211; od 1.06.2020 do 5.06.2020r w godzinach 7.00 &#8211; 16.00.<br>&#8211; od 8.06 w godzinacch 7.00 &#8211; 18.00.<\/p>\n<p align=\"justify\">2. Dzia\u0142 Fizjoterapii przyjmuje zapisy osobi\u015bcie i telefonicznie.<\/p>\n<p align=\"justify\">3. Pacjenci zapisani wcze\u015bniej w kolejk\u0119 oczekuj\u0105cych b\u0119d\u0105 powiadamiani indywidualnie o terminach zabieg\u00f3w.<\/p>\n<p align=\"justify\">4. Zapisy na zabiegi komercyjne s\u0105 przyjmowane osobi\u015bcie i telefonicznie. Oferujemy kr\u00f3tkie terminy!<\/p>\n<p align=\"justify\">5. Pacjenci zg\u0142aszaj\u0105cy si\u0119 do Szpitala na um\u00f3wion\u0105 godzin\u0119 proszeni s\u0105 o przybycie do Dzia\u0142u fizjoterapii <strong>nie wcze\u015bniej ni\u017c na 10 minut przed wyznaczon\u0105 godzin\u0105 zabiegu.<\/strong><\/p>\n<p align=\"justify\">6. W godzinach od 7.00-14.00 wej\u015bcie do budynku Szpitala dla pacjent\u00f3w Dzia\u0142u Fizjoterapii b\u0119dzie mo\u017cliweod strony du\u017cego parkingu<strong>, po uprzednim sprawdzeniu <\/strong><strong>temperatury cia\u0142a <\/strong><strong>i zebraniu wywiadu<\/strong><strong>. <\/strong><strong>Od godziny 14.00 wej\u015bcie b\u0119dzie mo\u017cliwe tylko przez pomara\u0144czowy namiot, kt\u00f3ry jest ustawiony przy SOR-ze.<\/strong><\/p>\n<p align=\"justify\"><strong>7. Pacjenci, kt\u00f3rzy przyjd\u0105 szybciej ni\u017c ustalone zasady, nie b\u0119d\u0105 mogli wej\u015b\u0107 na teren Szpitala.<\/strong><\/p>\n<p align=\"justify\"><strong>8. W oczekiwaniu na zabiegi nale\u017cy zachowa\u0107 bezpieczn\u0105 odleg\u0142o\u015b\u0107 mi\u0119dzy oczekuj\u0105cymi (co najmniej 2 metry).<\/strong><\/p>\n<p align=\"justify\"><strong>9. Przepraszamy za utrudnienia. Jest to pr\u00f3ba przywr\u00f3cenia normalnego funkcjonowania Dzia\u0142u Fizjoterapii.<\/strong><\/p>\n<\/div>\n<p>Dzia\u0142 Fizjoterapii \u015bwiadczy zar\u00f3wno us\u0142ugi fizjoterapeutyczne dla pacjent\u00f3w ambulatoryjnych bezp\u0142atnie w ramach umowy z NFZ i tak\u017ce zabiegi komercyjne zgodnie z Cennikiem \u015awiadczonych Us\u0142ug.<\/p>\n<p>Aktualny Cennik \u015awiadczonych Us\u0142ug dost\u0119pny na stronie internetowej szpitala.<\/p>\n<p><strong>Pacjenci mog\u0105 korzysta\u0107 z ni\u017cej wymienionych zabieg\u00f3w:<\/strong><\/p>\n<ul>\n<li>Kinezyterapia:<\/li>\n<\/ul>\n<p>&#8211; \u0107wiczenia bierne,<br>&#8211; \u0107wiczenia czynno-bierne,<br>&#8211; \u0107wiczenia wspomagane,<br>&#8211; \u0107wiczenia czynne w odci\u0105\u017ceniu,<br>&#8211; \u0107wiczenia czynne w odci\u0105\u017ceniu z oporem,<br>&#8211; pionizacja,<br>&#8211; \u0107wiczenia czynne wolne i czynne z oporem,<br>&#8211; \u0107wiczenia izometryczne,<br>&#8211; \u0107wiczenia wg metod neurofizjologicznych,<br>&#8211; nauka czynno\u015bci lokomocji,<br>&#8211; mobilizacje i manipulacje,<br>&#8211; wyci\u0105gi.<\/p>\n<p>Oferujemy r\u00f3wnie\u017c masa\u017ce:<br>&#8211; masa\u017c suchy,<br>&#8211; masa\u017c limfatyczny,<br>&#8211; aquavibron &#8211; masa\u017c wibracyjny.<\/p>\n<p>Proponujemy tak\u017ce zabiegi fizykoterapeutyczne ni\u017cej wymienione:<br>&#8211; galwanizacja,<br>&#8211; jonoforeza,<br>&#8211; elektrostymulacja,<br>&#8211; tonoliza,<br>&#8211; pr\u0105dy diadynamiczne,<br>&#8211; pr\u0105dy interferencyjne,<br>&#8211; pr\u0105dy Tens,<br>&#8211; pr\u0105dy Traberta,<br>&#8211; pr\u0105dy Kotza,<br>&#8211; ultrad\u017awi\u0119ki,<br>&#8211; ultrafonoforeza,<br>&#8211; magnetoterapia,<br>&#8211; diatermia mikrofalowa,<br>&#8211; terapuls,<br>&#8211; laseroterapia,<br>&#8211; na\u015bwietlania lamp\u0105 Sollux,<br>&#8211; ok\u0142ady parafinowe.<\/p>\n<p>Pracownia wykonuje r\u00f3wnie\u017c zabiegi wodolecznicze takie jak:<br>&#8211; k\u0105piel wirowa ko\u0144czyn,<br>&#8211; masa\u017c podwodny miejscowy,<br>&#8211; masa\u017c podwodny ca\u0142kowity.<\/p>\n<p>W ramach umowy z NFZ szpital posiada kontrakt na Oddzia\u0142 Dziennego Pobytu Rehabilitacyjnego. Pobyt w oddziale trwa 3 tygodnie. Pacjent w tym okresie ma wykonywan\u0105 pe\u0142n\u0105 gam\u0119 zabieg\u00f3w rehabilitacyjnych. <br>Na zabiegi rehabilitacyjne w warunkach ambulatoryjnych obowi\u0105zuje skierowanie od lekarza POZ lub lekarza specjalisty, natomiast na rehabilitacj\u0119 w warunkach domowych skierowanie od lekarza specjalisty.<br>Przekaz na zabiegi jest wa\u017cny przez okres 30 dni od daty wystawienia.<br>Na dzienny pobyt obowi\u0105zuje skierowanie od lekarza specjalisty lub lekarza POZ w przypadku zaostrze\u0144 schorze\u0144 przewlek\u0142ych.<\/p>\n<p>Pracownia Fizykoterapii i Rehabilitacji tworzy zesp\u00f3\u0142 9 os\u00f3b:<br>&#8211; 5 mgr rehabilitacji ruchowej,<br>&#8211; 5 licencjat\u00f3w.<\/p>\n<\/div>\n<\/div>\n<\/div>","protected":false},"excerpt":{"rendered":"","protected":false},"author":1,"featured_media":3140,"parent":0,"menu_order":0,"comment_status":"closed","ping_status":"closed","template":"template-gutentor-full-width.php","meta":[],"uagb_featured_image_src":{"full":["https:\/\/szpital.hhd.pl\/wp-content\/uploads\/2021\/09\/rysunek-1.svg",50,50,false],"thumbnail":["https:\/\/szpital.hhd.pl\/wp-content\/uploads\/2021\/09\/rysunek-1.svg",150,150,true],"medium":["https:\/\/szpital.hhd.pl\/wp-content\/uploads\/2021\/09\/rysunek-1.svg",300,300,true],"medium_large":["https:\/\/szpital.hhd.pl\/wp-content\/uploads\/2021\/09\/rysunek-1.svg",768,1,true],"large":["https:\/\/szpital.hhd.pl\/wp-content\/uploads\/2021\/09\/rysunek-1.svg",1024,1024,true],"1536x1536":["https:\/\/szpital.hhd.pl\/wp-content\/uploads\/2021\/09\/rysunek-1.svg",50,50,true],"2048x2048":["https:\/\/szpital.hhd.pl\/wp-content\/uploads\/2021\/09\/rysunek-1.svg",50,50,true],"sydney-large-thumb":["https:\/\/szpital.hhd.pl\/wp-content\/uploads\/2021\/09\/rysunek-1.svg",50,50,true],"sydney-medium-thumb":["https:\/\/szpital.hhd.pl\/wp-content\/uploads\/2021\/09\/rysunek-1.svg",50,50,true],"sydney-small-thumb":["https:\/\/szpital.hhd.pl\/wp-content\/uploads\/2021\/09\/rysunek-1.svg",50,50,true],"sydney-service-thumb":["https:\/\/szpital.hhd.pl\/wp-content\/uploads\/2021\/09\/rysunek-1.svg",50,50,true],"sydney-mas-thumb":["https:\/\/szpital.hhd.pl\/wp-content\/uploads\/2021\/09\/rysunek-1.svg",50,50,true]},"uagb_author_info":{"display_name":"zandeckiw","author_link":"https:\/\/szpital.hhd.pl\/?author=1"},"uagb_comment_info":0,"uagb_excerpt":null,"_links":{"self":[{"href":"https:\/\/szpital.hhd.pl\/index.php?rest_route=\/wp\/v2\/pages\/2393"}],"collection":[{"href":"https:\/\/szpital.hhd.pl\/index.php?rest_route=\/wp\/v2\/pages"}],"about":[{"href":"https:\/\/szpital.hhd.pl\/index.php?rest_route=\/wp\/v2\/types\/page"}],"author":[{"embeddable":true,"href":"https:\/\/szpital.hhd.pl\/index.php?rest_route=\/wp\/v2\/users\/1"}],"replies":[{"embeddable":true,"href":"https:\/\/szpital.hhd.pl\/index.php?rest_route=%2Fwp%2Fv2%2Fcomments&post=2393"}],"version-history":[{"count":0,"href":"https:\/\/szpital.hhd.pl\/index.php?rest_route=\/wp\/v2\/pages\/2393\/revisions"}],"wp:featuredmedia":[{"embeddable":true,"href":"https:\/\/szpital.hhd.pl\/index.php?rest_route=\/wp\/v2\/media\/3140"}],"wp:attachment":[{"href":"https:\/\/szpital.hhd.pl\/index.php?rest_route=%2Fwp%2Fv2%2Fmedia&parent=2393"}],"curies":[{"name":"wp","href":"https:\/\/api.w.org\/{rel}","templated":true}]}}