{"id":2398,"date":"2021-06-25T11:20:58","date_gmt":"2021-06-25T09:20:58","guid":{"rendered":"https:\/\/szpital.hhd.pl\/?page_id=2398"},"modified":"2021-06-29T09:05:16","modified_gmt":"2021-06-29T07:05:16","slug":"pracownia-endoskopowa","status":"publish","type":"page","link":"https:\/\/szpital.hhd.pl\/?page_id=2398","title":{"rendered":"Pracownia Endoskopowa"},"content":{"rendered":"\n<\/div><\/div><\/div><\/div>\n<style>\n.page-wrap {\n    padding-bottom: 0px;\n}\n<\/style>\n<div class=\"everyPageHead\">\n\n\n\n<section id=\"everyPageHead\" class=\"wp-block-gutentor-m3 section-gm7047ba1 gutentor-module gutentor-container-cover has-image-bg has-custom-bg has-gutentor-block-shape-top has-gutentor-block-shape-bottom\"><div class=\"gutentor-block-shape-top\"><span><svg viewBox=\"0 0 1280 140\" preserveAspectRatio=\"none\" xmlns=\"http:\/\/www.w3.org\/2000\/svg\"><g><path d=\"M0 47.44L170 0l626.48 94.89L1110 87.11l170-39.67V140H0V47.44z\" fill-opacity=\".5\" style=\"fill-rule:evenodd; transform: rotate(180deg); transform-origin:50% 50%;\"\/><path d=\"M0 90.72l140-28.28 315.52 24.14L796.48 65.8 1140 104.89l140-14.17V140H0V90.72z\" style=\"fill-rule:evenodd; transform: rotate(180deg); transform-origin:50% 50%;\"\/><\/g><\/svg><\/span><\/div><div class=\"grid-container\">\n<div style=\"height:200px\" aria-hidden=\"true\" class=\"wp-block-spacer\"><\/div>\n\n\n\n<div id=\"section-gb1f401\" class=\"wp-block-gutentor-e1 section-gb1f401 gutentor-element gutentor-element-advanced-text text-align-center-desktop\"><div class=\"gutentor-text-wrap\"><h1 class=\"gutentor-text\"><strong>Pracownia Endoskopowa<\/strong><\/h1><\/div><\/div>\n\n\n\n<div style=\"height:200px\" aria-hidden=\"true\" class=\"wp-block-spacer\"><\/div>\n<\/div><div class=\"gutentor-block-shape-bottom\"><span><svg viewBox=\"0 0 1280 140\" preserveAspectRatio=\"none\" xmlns=\"http:\/\/www.w3.org\/2000\/svg\"><g><path d=\"M0 47.44L170 0l626.48 94.89L1110 87.11l170-39.67V140H0V47.44z\" fill-opacity=\".5\" style=\"fill-rule:evenodd; transform: rotate(180deg); transform-origin:50% 50%;\"\/><path d=\"M0 90.72l140-28.28 315.52 24.14L796.48 65.8 1140 104.89l140-14.17V140H0V90.72z\" style=\"fill-rule:evenodd; transform: rotate(180deg); transform-origin:50% 50%;\"\/><\/g><\/svg><\/span><\/div><\/section>\n\n\n\n<\/div>\n<div class=\"container content-wrapper\">\n<div class=\"row>\n<div id=\"primary\" class=\"fp-content-area\">\n<div class=\"entry-content\">\n\n\n<div id=\"srodek\">\n<div id=\"pracownia-endoskopowa\" class=\"mod_article block\">\n<div class=\"ce_text block\">\n<p>W <strong>Pracowni Endoskopowej<\/strong> wykonywany jest pe\u0142en zakres specjalistycznych bada\u0144 g\u00f3rnego i dolnego odcinka przewodu pokarmowego, m. in. gastroskopia, kolonoskopia czy rektoskopia.<\/p>\n<p>Wszystkie badania wykonuje wykwalifikowany zesp\u00f3\u0142 lekarzy i piel\u0119gniarek z wieloletnim sta\u017cem, w oparciu o nowoczesne techniki endoskopowe i wysokiej klasy sprz\u0119t.<\/p>\n<p>&#8211; gastroskopia &#8211; ambulatoryjnie wykonywana jest na podstawie skierowania od lekarza rodzinnego,<\/p>\n<p>&#8211; kolonoskopia &#8211;&nbsp; wykonuje si\u0119 w warunkach ambulatoryjnych.<\/p>\n<p>Kr\u00f3tki opis bada\u0144:<\/p>\n<p>Gastroskopia&nbsp;&#8211; jest to badanie przeprowadzane za pomoc\u0105 przyrz\u0105du przypominaj\u0105cego sond\u0119, pozwalaj\u0105ce obejrze\u0107 b\u0142ony \u015bluzowe \u017co\u0142\u0105dka i dwunastnicy. <\/p>\n<p>Przygotowanie do badania&nbsp;&#8211; w dniu badania nale\u017cy by\u0107 na czczo, tzn. nie powinno si\u0119 je\u015b\u0107, pi\u0107 p\u0142yn\u00f3w i pali\u0107 papieros\u00f3w.<br>Samo badanie jest niebolesne i trwa kilka minut. Stosuje si\u0119 miejscowe znieczulenie.<\/p>\n<p>Kolonoskopia &#8211; jest to badanie pozwalaj\u0105ce oceni\u0107 stan jelita grubego. Jest to podstawowe badanie w diagnostyce, mi\u0119dzy innymi nowotwor\u00f3w i chor\u00f3b zapalnych jelita grubego. <\/p>\n<p>Przygotowanie do badania:<br>&#8211; na 5 dni przed planowan\u0105 kolonoskopi\u0105 nie nale\u017cy spo\u017cywa\u0107 owoc\u00f3w pestkowych (np. winogron, pomidor\u00f3w, kiwi, truskawek) oraz pestek siemienia lnianego i maku,<br>&#8211; 2 dni przed badaniem obowi\u0105zuje dieta ubogo resztkowa &#8211; ry\u017c, makaron, bulion, chleb, gotowane mi\u0119so i ryby, przecedzone soki, herbata i inne niegazowane napoje,<br>&#8211; 1 dzie\u0144 przed badaniem obowi\u0105zuje dieta p\u0142ynna &#8211; woda, przecedzony bulion, przecedzone soki, herbata, niegazowane napoje orze\u017awiaj\u0105ce,<br>&#8211; dzie\u0144 przed badanie o godzinie 18.00 zale\u017cy przygotowa\u0107 roztw\u00f3r leku Eziclen, drug\u0105 dawk\u0119 leku nale\u017cy przygotowa\u0107 o godzinie 19.30. Wszystkie potrzebne informacje o leku znajduj\u0105 si\u0119 na ulotce leku.<\/p>\n<p>Je\u015bli przewlekle za\u017cywasz leki:<br>&#8211; przewlekle stosowane leki nale\u017cy przyj\u0105\u0107 co najmniej 1 godzin\u0119 przed lub po spo\u017cyciu \u015brodka przeczyszczaj\u0105cego,<br>&#8211; w dniu badania nale\u017cy przyj\u0105\u0107 porann\u0105 dawk\u0119 leku, popijaj\u0105c niewielk\u0105 ilo\u015bci\u0105 wody,<br>&#8211; osoby choruj\u0105ce na cukrzyc\u0119 powinny dodatkowo skonsultowa\u0107 z lekarzem spos\u00f3b przygotowania do badania,<br>&#8211; osoby przyjmuj\u0105ce leki obni\u017caj\u0105ce krzepliwo\u015b\u0107 krwi powinny przerwa\u0107 lub zmodyfikowa\u0107 ich dawkowanie po porozumieniu z lekarzem zalecaj\u0105cym te leki (np. kardiologiem, internist\u0105).<\/p>\n<p>Pacjenci zg\u0142aszaj\u0105cy si\u0119 do pracowni ambulatoryjnie, musz\u0105 posiada\u0107 <br>skierowanie na badanie od lekarza prowadz\u0105cego.<\/p>\n<p>Kto kwalifikuje si\u0119 na badanie endoskopowe jelita grubego: <br>&#8211; osoby z niewyja\u015bnionymi b\u00f3lami brzucha, patologicznymi wydzielinami w kale (krew, \u015bluz, smoliste stolce), z zaburzeniami rytmu wypr\u00f3\u017cnie\u0144, podejrzeniem chor\u00f3b zapalnych jelit,<br>&#8211; wszystkie osoby w wieku 50 &#8211; 65 lat,&nbsp;<br>&#8211; osoby w wieku 40 &#8211; 65 lat, kt\u00f3re mia\u0142y w rodzinie przynajmniej jednego krewnego pierwszego stopnia (rodzice, rodze\u0144stwo, dzieci) z rakiem jelita grubego,&nbsp;<br>&#8211; osoby w wieku 25 &#8211; 65 lat pochodz\u0105ce z rodziny HNPCC &#8211; dziedziczny niepolipowaty rak okr\u0119\u017cnicy, zwany inaczej zespo\u0142em Lyncha lub FAP &#8211; rodzinna polipowato\u015b\u0107 gruczolakowata.<\/p>\n<p>FAP &#8211; ang. Familal adenomatous polyposis &#8211; polipowato\u015b\u0107 rodzinna.<br>HNPCC &#8211; ang. hereditary non-polyposis colorectal cancer &#8211; dziedziczny niezwi\u0105zany z polipowato\u015bci\u0105 rak jelita grubego zwany inaczej zespo\u0142em Lyncha. <\/p>\n<p>Zapraszamy do Pracowni Endoskopowej mieszcz\u0105cej si\u0119 na parterze Szpitala.<br>Pracownia czynna jest od poniedzia\u0142ku do pi\u0105tku w godzinach od 7.00 do 14.30.<br>Bardzo prosimy o dokonanie wcze\u015bniejszej rejestracji telefonicznej lub osobistej.<\/p>\n<p>Pracownia Endoskopowa w Szpitalu Powiatowym im. Tadeusza Mali\u0144skiego w \u015aremie sp. z o.o.<br>ul. Che\u0142mo\u0144skiego 1<br>63-100 \u015arem <br>tel.: 61 281 54 00 Centrala Szpitala<br>tel.: 61 281 55 75 Pracownia Endoskopowa<\/p>\n<\/div>\n<\/div>\n<\/div>","protected":false},"excerpt":{"rendered":"","protected":false},"author":1,"featured_media":3140,"parent":0,"menu_order":0,"comment_status":"closed","ping_status":"closed","template":"template-gutentor-full-width.php","meta":[],"uagb_featured_image_src":{"full":["https:\/\/szpital.hhd.pl\/wp-content\/uploads\/2021\/09\/rysunek-1.svg",50,50,false],"thumbnail":["https:\/\/szpital.hhd.pl\/wp-content\/uploads\/2021\/09\/rysunek-1.svg",150,150,true],"medium":["https:\/\/szpital.hhd.pl\/wp-content\/uploads\/2021\/09\/rysunek-1.svg",300,300,true],"medium_large":["https:\/\/szpital.hhd.pl\/wp-content\/uploads\/2021\/09\/rysunek-1.svg",768,1,true],"large":["https:\/\/szpital.hhd.pl\/wp-content\/uploads\/2021\/09\/rysunek-1.svg",1024,1024,true],"1536x1536":["https:\/\/szpital.hhd.pl\/wp-content\/uploads\/2021\/09\/rysunek-1.svg",50,50,true],"2048x2048":["https:\/\/szpital.hhd.pl\/wp-content\/uploads\/2021\/09\/rysunek-1.svg",50,50,true],"sydney-large-thumb":["https:\/\/szpital.hhd.pl\/wp-content\/uploads\/2021\/09\/rysunek-1.svg",50,50,true],"sydney-medium-thumb":["https:\/\/szpital.hhd.pl\/wp-content\/uploads\/2021\/09\/rysunek-1.svg",50,50,true],"sydney-small-thumb":["https:\/\/szpital.hhd.pl\/wp-content\/uploads\/2021\/09\/rysunek-1.svg",50,50,true],"sydney-service-thumb":["https:\/\/szpital.hhd.pl\/wp-content\/uploads\/2021\/09\/rysunek-1.svg",50,50,true],"sydney-mas-thumb":["https:\/\/szpital.hhd.pl\/wp-content\/uploads\/2021\/09\/rysunek-1.svg",50,50,true]},"uagb_author_info":{"display_name":"zandeckiw","author_link":"https:\/\/szpital.hhd.pl\/?author=1"},"uagb_comment_info":0,"uagb_excerpt":null,"_links":{"self":[{"href":"https:\/\/szpital.hhd.pl\/index.php?rest_route=\/wp\/v2\/pages\/2398"}],"collection":[{"href":"https:\/\/szpital.hhd.pl\/index.php?rest_route=\/wp\/v2\/pages"}],"about":[{"href":"https:\/\/szpital.hhd.pl\/index.php?rest_route=\/wp\/v2\/types\/page"}],"author":[{"embeddable":true,"href":"https:\/\/szpital.hhd.pl\/index.php?rest_route=\/wp\/v2\/users\/1"}],"replies":[{"embeddable":true,"href":"https:\/\/szpital.hhd.pl\/index.php?rest_route=%2Fwp%2Fv2%2Fcomments&post=2398"}],"version-history":[{"count":0,"href":"https:\/\/szpital.hhd.pl\/index.php?rest_route=\/wp\/v2\/pages\/2398\/revisions"}],"wp:featuredmedia":[{"embeddable":true,"href":"https:\/\/szpital.hhd.pl\/index.php?rest_route=\/wp\/v2\/media\/3140"}],"wp:attachment":[{"href":"https:\/\/szpital.hhd.pl\/index.php?rest_route=%2Fwp%2Fv2%2Fmedia&parent=2398"}],"curies":[{"name":"wp","href":"https:\/\/api.w.org\/{rel}","templated":true}]}}