{"id":2406,"date":"2021-06-25T11:37:28","date_gmt":"2021-06-25T09:37:28","guid":{"rendered":"https:\/\/szpital.hhd.pl\/?page_id=2406"},"modified":"2021-06-29T09:17:26","modified_gmt":"2021-06-29T07:17:26","slug":"pracownia-eeg-i-audiometryczna","status":"publish","type":"page","link":"https:\/\/szpital.hhd.pl\/?page_id=2406","title":{"rendered":"Pracownia EEG i Audiometryczna"},"content":{"rendered":"\n<\/div><\/div><\/div><\/div>\n<style>\n.page-wrap {\n    padding-bottom: 0px;\n}\n<\/style>\n<div class=\"everyPageHead\">\n\n\n\n<section id=\"everyPageHead\" class=\"wp-block-gutentor-m3 section-gm9f3e079 gutentor-module gutentor-container-cover has-image-bg has-custom-bg has-gutentor-block-shape-top has-gutentor-block-shape-bottom\"><div class=\"gutentor-block-shape-top\"><span><svg viewBox=\"0 0 1280 140\" preserveAspectRatio=\"none\" xmlns=\"http:\/\/www.w3.org\/2000\/svg\"><g><path d=\"M0 47.44L170 0l626.48 94.89L1110 87.11l170-39.67V140H0V47.44z\" fill-opacity=\".5\" style=\"fill-rule:evenodd; transform: rotate(180deg); transform-origin:50% 50%;\"\/><path d=\"M0 90.72l140-28.28 315.52 24.14L796.48 65.8 1140 104.89l140-14.17V140H0V90.72z\" style=\"fill-rule:evenodd; transform: rotate(180deg); transform-origin:50% 50%;\"\/><\/g><\/svg><\/span><\/div><div class=\"grid-container\">\n<div style=\"height:200px\" aria-hidden=\"true\" class=\"wp-block-spacer\"><\/div>\n\n\n\n<div id=\"section-g1923fb\" class=\"wp-block-gutentor-e1 section-g1923fb gutentor-element gutentor-element-advanced-text text-align-center-desktop\"><div class=\"gutentor-text-wrap\"><h1 class=\"gutentor-text\"><strong>Pracownia EEG i Audiometryczna<\/strong><\/h1><\/div><\/div>\n\n\n\n<div style=\"height:200px\" aria-hidden=\"true\" class=\"wp-block-spacer\"><\/div>\n<\/div><div class=\"gutentor-block-shape-bottom\"><span><svg viewBox=\"0 0 1280 140\" preserveAspectRatio=\"none\" xmlns=\"http:\/\/www.w3.org\/2000\/svg\"><g><path d=\"M0 47.44L170 0l626.48 94.89L1110 87.11l170-39.67V140H0V47.44z\" fill-opacity=\".5\" style=\"fill-rule:evenodd; transform: rotate(180deg); transform-origin:50% 50%;\"\/><path d=\"M0 90.72l140-28.28 315.52 24.14L796.48 65.8 1140 104.89l140-14.17V140H0V90.72z\" style=\"fill-rule:evenodd; transform: rotate(180deg); transform-origin:50% 50%;\"\/><\/g><\/svg><\/span><\/div><\/section>\n\n\n\n<\/div>\n<div class=\"container content-wrapper\">\n<div class=\"row>\n<div id=\"primary\" class=\"fp-content-area\">\n<div class=\"entry-content\">\n\n\n\n<section id=\"gm6969645\" class=\"wp-block-gutentor-m4 section-gm6969645 gutentor-module gutentor-advanced-columns gutentor-enable-sticky-column\" data-top=\"190\" data-bottom=\"\"><div class=\"grid-container\"><div class=\"grid-row\">\n<div id=\"col-gm3227ed\" class=\"wp-block-gutentor-m4-col col-gm3227ed gutentor-single-column  grid-lg-2 grid-md-4 grid-5\"><div id=\"section-gm3227ed\" class=\"section-gm3227ed gutentor-col-wrap\">\n<section id=\"gmf75ee5f\" class=\"wp-block-gutentor-m3 section-gmf75ee5f gutentor-module gutentor-container-cover\"><div class=\"grid-container gutentor-rm-ct-space-d gutentor-rm-ct-space-t gutentor-rm-ct-space\">\n<div class=\"wp-block-uagb-advanced-heading uagb-block-64776ed1\"><h4 class=\"uagb-heading-text\">Kontakt:<\/h4><div class=\"uagb-separator-wrap\"><div class=\"uagb-separator\"><\/div><\/div><p class=\"uagb-desc-text\"><\/p><\/div>\n\n\n\n<div id=\"section-g0ea6f9\" class=\"wp-block-gutentor-e1 section-g0ea6f9 gutentor-element gutentor-element-advanced-text text-align-center-desktop\"><div class=\"gutentor-text-wrap\"><p class=\"gutentor-text\"><strong>Pracownia EEG i Audiometryczna<\/strong>:<br>61 281 54 40<\/p><\/div><\/div>\n<\/div><\/section>\n<\/div><\/div>\n\n\n\n<div id=\"col-gmbdc7a0\" class=\"wp-block-gutentor-m4-col col-gmbdc7a0 gutentor-single-column  grid-lg-10 grid-md-8 grid-7\"><div id=\"section-gmbdc7a0\" class=\"section-gmbdc7a0 gutentor-col-wrap\">\n<section id=\"gme1f7b01\" class=\"wp-block-gutentor-m4 section-gme1f7b01 gutentor-module gutentor-advanced-columns\"><div class=\"grid-container\"><div class=\"grid-row\">\n<div id=\"col-gm9521df\" class=\"wp-block-gutentor-m4-col col-gm9521df gutentor-single-column  grid-lg-4 grid-md-12 grid-12\"><div id=\"section-gm9521df\" class=\"section-gm9521df gutentor-col-wrap\">\n<div id=\"section-ga75431\" class=\"wp-block-gutentor-e1 section-ga75431 gutentor-element gutentor-element-advanced-text\"><div class=\"gutentor-text-wrap\"><h5 class=\"gutentor-text\"><strong>Pracownia<\/strong><br><strong>EEG<\/strong><\/h5><\/div><\/div>\n\n\n\n<div class=\"wp-container-2 wp-block-group\"><div class=\"wp-block-group__inner-container\">\n<div class=\"wp-container-1 wp-block-buttons is-content-justification-left\">\n<div class=\"wp-block-button\"><a class=\"wp-block-button__link has-background\" href=\"#RTG\" style=\"background-color:#008cd2\">Przejd\u017a<\/a><\/div>\n<\/div>\n<\/div><\/div>\n<\/div><\/div>\n\n\n\n<div id=\"col-gmeabe74\" class=\"wp-block-gutentor-m4-col col-gmeabe74 gutentor-single-column  grid-lg-4 grid-md-12 grid-12\"><div id=\"section-gmeabe74\" class=\"section-gmeabe74 gutentor-col-wrap\">\n<div id=\"section-g153f71\" class=\"wp-block-gutentor-e1 section-g153f71 gutentor-element gutentor-element-advanced-text\"><div class=\"gutentor-text-wrap\"><h5 class=\"gutentor-text\"><strong>Pracownia EEG &#8211; Biofeedback<\/strong><\/h5><\/div><\/div>\n\n\n\n<div class=\"wp-container-4 wp-block-group\"><div class=\"wp-block-group__inner-container\">\n<div class=\"wp-container-3 wp-block-buttons is-content-justification-left\">\n<div class=\"wp-block-button\"><a class=\"wp-block-button__link has-background\" href=\"#KT\" style=\"background-color:#008cd2\">Przejd\u017a<\/a><\/div>\n<\/div>\n<\/div><\/div>\n<\/div><\/div>\n\n\n\n<div id=\"col-gm68b504\" class=\"wp-block-gutentor-m4-col col-gm68b504 gutentor-single-column  grid-lg-4 grid-md-12 grid-12\"><div id=\"section-gm68b504\" class=\"section-gm68b504 gutentor-col-wrap\">\n<div id=\"section-g806970\" class=\"wp-block-gutentor-e1 section-g806970 gutentor-element gutentor-element-advanced-text\"><div class=\"gutentor-text-wrap\"><h5 class=\"gutentor-text\"><strong>Pracownia Badania<\/strong><br><strong>S\u0142uchu<\/strong><\/h5><\/div><\/div>\n\n\n\n<div class=\"wp-container-6 wp-block-group\"><div class=\"wp-block-group__inner-container\">\n<div class=\"wp-container-5 wp-block-buttons is-content-justification-left\">\n<div class=\"wp-block-button\"><a class=\"wp-block-button__link has-background\" href=\"#USG\" style=\"background-color:#008cd2\">Przejd\u017a<\/a><\/div>\n<\/div>\n<\/div><\/div>\n<\/div><\/div>\n<\/div><\/div><\/section>\n\n\n\n<p>Nad Pracown\u0105 czuwa Pani Ewa \u015amigielska &#8211; Technik Medyczny.<\/p>\n<p>Badania opisuj\u0105:<br \/>&#8211; lek. med. Jadwiga Krawiec &#8211; specjalista neurologii i psychiatra.<\/p>\n<p>Pracownia czynna jest od poniedzia\u0142ku do pi\u0105tku w godz. 7.00 &#8211; 14.30.<\/p>\n<p>Kontakt telefoniczny pod numerem tel. 61 281 54 40.<\/p>\n<p>Badania realizowane s\u0105 na podstawie skierowania lub bez niego.<\/p>\n<p>Pracownia mie\u015bci si\u0119 na parterze Szpitala w korytarzu diagnostycznym.<\/p>\n<p>Zapraszamy<\/p>\n\n\n\n<hr class=\"wp-block-separator\" id=\"RTG\"\/>\n\n\n\n<div style=\"height:100px\" aria-hidden=\"true\" class=\"wp-block-spacer\"><\/div>\n\n\n\n<div id=\"srodek\">\n<div id=\"pracownia-eeg\" class=\"mod_article block\">\n<div class=\"ce_text block\">\n<p>Elektroencefalografia (EEG) to metoda badania czynno\u015bci bioelektrycznej m\u00f3zgu, polegaj\u0105ca na odprowadzeniu z powierzchni czaszki za po\u015brednictwem odpowiednio ustawionych elektrod, potencja\u0142\u00f3w m\u00f3zgowych.<br \/>Dzi\u0119ki tej metodzie mo\u017cna okre\u015bli\u0107 lokalizacj\u0119 i charakter zmian chorobowych w m\u00f3zgu.<\/p>\n<p><img loading=\"lazy\" class=\"aligncenter\" title=\"tl_files\/pracownia_audiometryczna1.jpg\" src=\"http:\/\/www.szpitalwsremie.pl\/tl_files\/xpracownia_audiometryczna1.jpg.pagespeed.ic.2-fVdVYWR0.webp\" alt=\"tl_files\/pracownia_audiometryczna1.jpg\" width=\"320\" height=\"213\" data-pagespeed-url-hash=\"2217724618\" \/><\/p>\n<p>Szpital w \u015aremie Sp. z o. o. dysponuje najnowszym cyfrowym aparatem ELMIKO EEG Digi Track System.<br \/>Ka\u017cdego roku Przedsi\u0119biorstwo Informatyki Medycznej ELMIKO z Warszawy przeprowadza aktualizacj\u0119 oprogramowania, przegl\u0105d i kalibracj\u0119 aparatu EEG.<\/p>\n<p><br \/>Ka\u017cde badanie jest opisywane przez lekarza specjalist\u0119 neurologii i psychiatrii &#8211; lek. med. Jadwig\u0119 Krawiec lub specjalist\u0119 neurologia &#8211; lek. med. Jana Ilkowskiego.<br \/><br \/>Realizujemy badania refundowane przez NFZ na podstawie skierowania z poradni:<\/p>\n<ul>\n<li>Neurologicznej,<\/li>\n<li>Psychiatrycznej,<\/li>\n<li>Psychologicznej,<\/li>\n<li>\u00a0Medycyny Pracy,<\/li>\n<li>Rehabilitacyjnej (POR).<\/li>\n<\/ul>\n<p>oraz odp\u0142atnie dla pacjent\u00f3w:<\/p>\n<ul>\n<li>ze skierowaniem z prywatnych gabinet\u00f3w lekarskich.<\/li>\n<\/ul>\n<p><br \/>Serdecznie zapraszamy do Pracowni EEG, mieszcz\u0105cej si\u0119 na parterze Szpitala w korytarzu diagnostycznym.<br \/>Pracownia czynna jest od 7.00 do 14:35 od poniedzia\u0142ku do pi\u0105tku.<br \/><br \/>Pracownia EEG, Biofeedback i Audiometrii<br \/>ul. Che\u0142mo\u0144skiego 1<br \/>63-100 \u015arem<br \/>tel. 61 281 54 40 &#8211; Pracownia EEG i Audiometryczna<\/p>\n<p>tel. 61 281 54 00 &#8211; Centrala Szpitala, wew. 54 40<\/p>\n<\/div>\n<\/div>\n<\/div>\n\n\n\n<hr class=\"wp-block-separator\" id=\"KT\"\/>\n\n\n\n<div style=\"height:100px\" aria-hidden=\"true\" class=\"wp-block-spacer\"><\/div>\n\n\n\n<div id=\"srodek\">\n<div id=\"pracownia-eeg-biofeedback\" class=\"mod_article block\">\n<div class=\"ce_text block\">\n<p>Biofeedback to nowoczesna aparatura medyczna, umo\u017cliwiaj\u0105ca trening m\u00f3zgu w celu poprawienia jego efektywno\u015bci i uzyskania kontroli nad procesami fizjologicznymi, zachodz\u0105cymi w naszym organizmie. Stosuj\u0105c biofeedback, czyli biologiczne sprz\u0119\u017cenie zwrotne, mo\u017cemy polepszy\u0107 czynno\u015b\u0107 bioelektryczn\u0105 m\u00f3zgu, poprzez podawanie bezpo\u015brednich informacji zwrotnych.<\/p>\n<p><img loading=\"lazy\" class=\"aligncenter\" title=\"tl_files\/pracownia_biofeedback.jpg\" src=\"http:\/\/www.szpitalwsremie.pl\/tl_files\/xpracownia_biofeedback.jpg.pagespeed.ic.y-onoch1Uo.webp\" alt=\"tl_files\/pracownia_biofeedback.jpg\" width=\"320\" height=\"213\" data-pagespeed-url-hash=\"4250780973\" \/><\/p>\n<p>Celem trening\u00f3w EEG Biofeedback jest osi\u0105gni\u0119cie takiego stanu m\u00f3zgu, aby wytworzy\u0107 utrwalony odpowiedni wzorzec reagowania, by przy jednoczesnej relaksacji posiada\u0107 umiej\u0119tno\u015b\u0107 pe\u0142nej koncentracji.<\/p>\n<p>Komputer analizuje zapis EEG pacjenta, pod\u0142\u0105czonego przez elektrody do systemu. Pacjent kontroluje przebieg wideo &#8211; gry wy\u0142\u0105cznie przez swoje my\u015bli.<\/p>\n<p>Podczas treningu terapeuta &#8211; technik medyczny, dostraja po\u017c\u0105dane parametry fal m\u00f3zgowych pacjenta tak, by zastymulowa\u0107 powstawanie nowych korzystnych wzorc\u00f3w lub hamowa\u0107 te niew\u0142a\u015bciwe. Spektrum wskaza\u0144 do treningu EEG Biofeedback jest bardzo szerokie. Mog\u0105 z niego korzysta\u0107 zar\u00f3wno ludzie zdrowi, kt\u00f3rzy chc\u0105 poprawi\u0107 efektywno\u015b\u0107 pracy m\u00f3zgu, zmniejszy\u0107 poziom stresu, jak r\u00f3wnie\u017c osoby z r\u00f3\u017cnymi schorzeniami OUN, chorobami narz\u0105dowymi lub zaburzeniami psychosomatycznymi. Metoda EEG Biofeedback jest szczeg\u00f3lnie przydatna w neurologii, poniewa\u017c zwi\u0119ksza mo\u017cliwo\u015b\u0107 stabilizacji kory m\u00f3zgowej.<\/p>\n<p>Wskazania do stosowania treningu EEG Biofeedback:<br \/>1. Ludzie zdrowi, chc\u0105cy poprawi\u0107 efektywno\u015b\u0107 pracy m\u00f3zgu:<br \/>&#8211; uczniowie,<br \/>&#8211; studenci,<br \/>&#8211; dziennikarze,<br \/>&#8211; sportowcy,<br \/>&#8211; arty\u015bci,<br \/>&#8211; menad\u017cerowie,<br \/>&#8211; kadra kierownicza.<br \/>2. Dzieci i m\u0142odzie\u017c z problemami uczenia si\u0119 (dysleksja, dysgrafia, dysortografia, dyskalkulia).<br \/>3. Ludzie chorzy (wybrane jednostki chorobowe):<br \/>&#8211; syndrom ADD, ADHD,<br \/>&#8211; anoreksja,<br \/>&#8211; bulimia,<br \/>&#8211; bezdech,<br \/>&#8211; b\u00f3l przewlek\u0142y,<br \/>&#8211; nerwice,<br \/>&#8211; stres,<br \/>&#8211; zaburzenia snu,<br \/>&#8211; zaburzenia pami\u0119ci.<br \/><br \/>Serdecznie zapraszamy do Pracowni Biofeedback, mieszcz\u0105cej si\u0119 na parterze Szpitala w korytarzu diagnostycznym.<\/p>\n<p>Pracownia czynna jest od 7.00 do 14.35 od poniedzia\u0142ku do pi\u0105tku.<\/p>\n<address>Bardzo prosimy o dokonanie wcze\u015bniej rejestracji telefonicznej.<br \/><br \/>Pracownia EEG, Biofeedback i Audiometrii<br \/>ul. Che\u0142mo\u0144skiego 1<br \/>63-100 \u015arem<br \/>tel. 61 281 54 40 &#8211; Pracownia EEG i Audiometryczna<\/address><address>tel. 61 281 54 00 &#8211; Centrala Szpitala<\/address><\/div>\n<\/div>\n<\/div>\n\n\n\n<hr class=\"wp-block-separator\" id=\"USG\"\/>\n\n\n\n<div style=\"height:100px\" aria-hidden=\"true\" class=\"wp-block-spacer\"><\/div>\n\n\n\n<div id=\"srodek\">\n<div id=\"proby-wysilkowe\" class=\"mod_article block\">\n<div class=\"ce_text block\">\n<div id=\"srodek\">\n<div id=\"pracownia-badania-sluchu\" class=\"mod_article block\">\n<div class=\"ce_text block\">\n<p>Audiometria (badanie s\u0142uchu) &#8211; celem audiometrii przewodnictwa powietrznego jest okre\u015blenie zdolno\u015bci s\u0142yszenia dla r\u00f3\u017cnych cz\u0119stotliwo\u015bci. Badanie mo\u017ce ujawni\u0107 utrat\u0119 s\u0142uchu. Badanie przewodnictwa kostnego, to podanie tonu testowego bezpo\u015brednio do ucha wewn\u0119trznego w okolicach ucha \u015brodkowego za po\u015brednictwem ko\u015bci czaszkowych w celu okre\u015blenia progu s\u0142yszenia dla ucha wewn\u0119trznego.<\/p>\n<p><img loading=\"lazy\" class=\"aligncenter\" title=\"tl_files\/pracownia_audiometryczna2.jpg\" src=\"http:\/\/www.szpitalwsremie.pl\/tl_files\/xpracownia_audiometryczna2.jpg.pagespeed.ic.amPiVP4kRz.webp\" alt=\"tl_files\/pracownia_audiometryczna2.jpg\" width=\"320\" height=\"213\" data-pagespeed-url-hash=\"2512224539\" \/><\/p>\n<p>Szpital \u00a0dysponuje audiometrem klinicznym AC 33. Ka\u017cdego roku Okr\u0119gowy Urz\u0105d Miar w \u0141odzi &#8211; Pracownia Akustyki i Drga\u0144 Mechanicznych Wydzia\u0142u Metrologii Elektrycznej, Akustyki i Fizykochemii w \u0141odzi dokonuje pomiaru poziomu s\u0142yszenia przewodnictwa powietrznego i kostnego i na ich podstawie wydaje \u015awiadectwo Wzorcowania.<\/p>\n<p>Realizujemy badania refundowane przez NFZ na podstawie skierowania z:<br \/>&#8211; Poradni Laryngologicznej,<br \/>&#8211; Poradni Medycyny Pracy,<br \/>&#8211; Lekarza Podstawowej Opieki Zdrowotnej,<br \/>oraz odp\u0142atnie dla pacjent\u00f3w:<br \/>&#8211; bez skierowania,<br \/>&#8211; ze skierowaniem z prywatnych gabinet\u00f3w lekarskich.<br \/><br \/>Serdecznie zapraszamy do Pracowni Audiometrycznej, mieszcz\u0105cej si\u0119 na parterze szpitala w korytarzu diagnostycznym.<br \/><br \/>Pracownia czynna jest od 7.00 do 14.35 od poniedzia\u0142ku do pi\u0105tku.<br \/><br \/>Pracownia EEG, Biofeedback i Audiometrii<br \/>ul. Che\u0142mo\u0144skiego 1<br \/>63-100 \u015arem<br \/>tel. 61 281 54 40 &#8211; Pracownia EEG i Audiometryczna<br \/>tel. 61 281 54 00 &#8211; Centrala Szpitala<\/p>\n<\/div>\n<\/div>\n<\/div>\n<\/div>\n<\/div>\n<\/div>\n<\/div><\/div>\n<\/div><\/div><\/section>\n","protected":false},"excerpt":{"rendered":"","protected":false},"author":1,"featured_media":3140,"parent":0,"menu_order":0,"comment_status":"closed","ping_status":"closed","template":"template-gutentor-full-width.php","meta":[],"uagb_featured_image_src":{"full":["https:\/\/szpital.hhd.pl\/wp-content\/uploads\/2021\/09\/rysunek-1.svg",50,50,false],"thumbnail":["https:\/\/szpital.hhd.pl\/wp-content\/uploads\/2021\/09\/rysunek-1.svg",150,150,true],"medium":["https:\/\/szpital.hhd.pl\/wp-content\/uploads\/2021\/09\/rysunek-1.svg",300,300,true],"medium_large":["https:\/\/szpital.hhd.pl\/wp-content\/uploads\/2021\/09\/rysunek-1.svg",768,1,true],"large":["https:\/\/szpital.hhd.pl\/wp-content\/uploads\/2021\/09\/rysunek-1.svg",1024,1024,true],"1536x1536":["https:\/\/szpital.hhd.pl\/wp-content\/uploads\/2021\/09\/rysunek-1.svg",50,50,true],"2048x2048":["https:\/\/szpital.hhd.pl\/wp-content\/uploads\/2021\/09\/rysunek-1.svg",50,50,true],"sydney-large-thumb":["https:\/\/szpital.hhd.pl\/wp-content\/uploads\/2021\/09\/rysunek-1.svg",50,50,true],"sydney-medium-thumb":["https:\/\/szpital.hhd.pl\/wp-content\/uploads\/2021\/09\/rysunek-1.svg",50,50,true],"sydney-small-thumb":["https:\/\/szpital.hhd.pl\/wp-content\/uploads\/2021\/09\/rysunek-1.svg",50,50,true],"sydney-service-thumb":["https:\/\/szpital.hhd.pl\/wp-content\/uploads\/2021\/09\/rysunek-1.svg",50,50,true],"sydney-mas-thumb":["https:\/\/szpital.hhd.pl\/wp-content\/uploads\/2021\/09\/rysunek-1.svg",50,50,true]},"uagb_author_info":{"display_name":"zandeckiw","author_link":"https:\/\/szpital.hhd.pl\/?author=1"},"uagb_comment_info":0,"uagb_excerpt":null,"_links":{"self":[{"href":"https:\/\/szpital.hhd.pl\/index.php?rest_route=\/wp\/v2\/pages\/2406"}],"collection":[{"href":"https:\/\/szpital.hhd.pl\/index.php?rest_route=\/wp\/v2\/pages"}],"about":[{"href":"https:\/\/szpital.hhd.pl\/index.php?rest_route=\/wp\/v2\/types\/page"}],"author":[{"embeddable":true,"href":"https:\/\/szpital.hhd.pl\/index.php?rest_route=\/wp\/v2\/users\/1"}],"replies":[{"embeddable":true,"href":"https:\/\/szpital.hhd.pl\/index.php?rest_route=%2Fwp%2Fv2%2Fcomments&post=2406"}],"version-history":[{"count":0,"href":"https:\/\/szpital.hhd.pl\/index.php?rest_route=\/wp\/v2\/pages\/2406\/revisions"}],"wp:featuredmedia":[{"embeddable":true,"href":"https:\/\/szpital.hhd.pl\/index.php?rest_route=\/wp\/v2\/media\/3140"}],"wp:attachment":[{"href":"https:\/\/szpital.hhd.pl\/index.php?rest_route=%2Fwp%2Fv2%2Fmedia&parent=2406"}],"curies":[{"name":"wp","href":"https:\/\/api.w.org\/{rel}","templated":true}]}}