{"id":2454,"date":"2021-06-29T07:17:10","date_gmt":"2021-06-29T05:17:10","guid":{"rendered":"https:\/\/szpital.hhd.pl\/?page_id=2454"},"modified":"2021-06-29T07:41:28","modified_gmt":"2021-06-29T05:41:28","slug":"pracownia-badan-czynnosciowych-ukladu-krazenia","status":"publish","type":"page","link":"https:\/\/szpital.hhd.pl\/?page_id=2454","title":{"rendered":"Pracownia Bada\u0144 Czynno\u015bciowych Uk\u0142adu Kr\u0105\u017cenia"},"content":{"rendered":"\n<\/div><\/div><\/div><\/div>\n<style>\n.page-wrap {\n    padding-bottom: 0px;\n}\n<\/style>\n<div class=\"everyPageHead\">\n\n\n\n<section id=\"everyPageHead\" class=\"wp-block-gutentor-m3 section-gmae4d818 gutentor-module gutentor-container-cover has-image-bg has-custom-bg has-gutentor-block-shape-top has-gutentor-block-shape-bottom\"><div class=\"gutentor-block-shape-top\"><span><svg viewBox=\"0 0 1280 140\" preserveAspectRatio=\"none\" xmlns=\"http:\/\/www.w3.org\/2000\/svg\"><g><path d=\"M0 47.44L170 0l626.48 94.89L1110 87.11l170-39.67V140H0V47.44z\" fill-opacity=\".5\" style=\"fill-rule:evenodd; transform: rotate(180deg); transform-origin:50% 50%;\"\/><path d=\"M0 90.72l140-28.28 315.52 24.14L796.48 65.8 1140 104.89l140-14.17V140H0V90.72z\" style=\"fill-rule:evenodd; transform: rotate(180deg); transform-origin:50% 50%;\"\/><\/g><\/svg><\/span><\/div><div class=\"grid-container\">\n<div style=\"height:200px\" aria-hidden=\"true\" class=\"wp-block-spacer\"><\/div>\n\n\n\n<div id=\"section-g858864\" class=\"wp-block-gutentor-e1 section-g858864 gutentor-element gutentor-element-advanced-text text-align-center-desktop\"><div class=\"gutentor-text-wrap\"><h1 class=\"gutentor-text\"><strong>Pracownia Bada\u0144 Czynno\u015bciowych Uk\u0142adu Kr\u0105\u017cenia<\/strong><\/h1><\/div><\/div>\n\n\n\n<div style=\"height:200px\" aria-hidden=\"true\" class=\"wp-block-spacer\"><\/div>\n<\/div><div class=\"gutentor-block-shape-bottom\"><span><svg viewBox=\"0 0 1280 140\" preserveAspectRatio=\"none\" xmlns=\"http:\/\/www.w3.org\/2000\/svg\"><g><path d=\"M0 47.44L170 0l626.48 94.89L1110 87.11l170-39.67V140H0V47.44z\" fill-opacity=\".5\" style=\"fill-rule:evenodd; transform: rotate(180deg); transform-origin:50% 50%;\"\/><path d=\"M0 90.72l140-28.28 315.52 24.14L796.48 65.8 1140 104.89l140-14.17V140H0V90.72z\" style=\"fill-rule:evenodd; transform: rotate(180deg); transform-origin:50% 50%;\"\/><\/g><\/svg><\/span><\/div><\/section>\n\n\n\n<\/div>\n<div class=\"container content-wrapper\">\n<div class=\"row>\n<div id=\"primary\" class=\"fp-content-area\">\n<div class=\"entry-content\">\n\n\n\n<section id=\"gm0c2260d\" class=\"wp-block-gutentor-m3 section-gm0c2260d gutentor-module gutentor-container-cover\"><div class=\"grid-container\">\n<section id=\"gma260977\" class=\"wp-block-gutentor-m4 section-gma260977 gutentor-module gutentor-advanced-columns gutentor-enable-sticky-column\" data-top=\"190\" data-bottom=\"\"><div class=\"grid-container\"><div class=\"grid-row\">\n<div id=\"col-gme6b862\" class=\"wp-block-gutentor-m4-col col-gme6b862 gutentor-single-column  grid-lg-2 grid-md-4 grid-5\"><div id=\"section-gme6b862\" class=\"section-gme6b862 gutentor-col-wrap\">\n<section id=\"gm8236fd3\" class=\"wp-block-gutentor-m3 section-gm8236fd3 gutentor-module gutentor-container-cover\"><div class=\"grid-container gutentor-rm-ct-space-d gutentor-rm-ct-space-t gutentor-rm-ct-space\">\n<div class=\"wp-block-uagb-advanced-heading uagb-block-68fb8962\"><h4 class=\"uagb-heading-text\">Kierownik:<\/h4><div class=\"uagb-separator-wrap\"><div class=\"uagb-separator\"><\/div><\/div><p class=\"uagb-desc-text\">S\u0142awomir Rybka<\/p><\/div>\n\n\n\n<div id=\"section-g606ecd\" class=\"wp-block-gutentor-e6 section-g606ecd gutentor-element gutentor-element-image gutentor-enabled-width text-align-center-desktop\"><div class=\"gutentor-element-image-box\"><div class=\"gutentor-image-thumb\"><img class=\"normal-image\" src=\"https:\/\/szpital.hhd.pl\/wp-content\/uploads\/2021\/05\/unknown.jpg\"\/><\/div><\/div><\/div>\n\n\n\n<div style=\"height:35px\" aria-hidden=\"true\" class=\"wp-block-spacer\"><\/div>\n\n\n\n<div class=\"wp-block-uagb-advanced-heading uagb-block-0f809210\"><h4 class=\"uagb-heading-text\">Kontakt:<\/h4><div class=\"uagb-separator-wrap\"><div class=\"uagb-separator\"><\/div><\/div><p class=\"uagb-desc-text\"><\/p><\/div>\n\n\n\n<div id=\"section-g4334c8\" class=\"wp-block-gutentor-e1 section-g4334c8 gutentor-element gutentor-element-advanced-text text-align-center-desktop\"><div class=\"gutentor-text-wrap\"><p class=\"gutentor-text\"><strong>Pracownia Bada\u0144 Czynno\u015bciowych Uk\u0142adu Kr\u0105\u017cenia<\/strong>:<br>61 281 54 97<\/p><\/div><\/div>\n<\/div><\/section>\n<\/div><\/div>\n\n\n\n<div id=\"col-gm35423b\" class=\"wp-block-gutentor-m4-col col-gm35423b gutentor-single-column  grid-lg-10 grid-md-8 grid-7\"><div id=\"section-gm35423b\" class=\"section-gm35423b gutentor-col-wrap\">\n<div id=\"section-ga4a785\" class=\"wp-block-gutentor-e1 section-ga4a785 gutentor-element gutentor-element-advanced-text\"><div class=\"gutentor-text-wrap\"><h4 class=\"gutentor-text\"><strong>Pracownia Bada\u0144 Czynno\u015bciowych Uk\u0142adu Kr\u0105\u017cenia<\/strong> \u015bwiadczy us\u0142ugi w zakresie wykonywania bada\u0144:<\/h4><\/div><\/div>\n\n\n\n<section id=\"gmfc40022\" class=\"wp-block-gutentor-m4 section-gmfc40022 gutentor-module gutentor-advanced-columns\"><div class=\"grid-container\"><div class=\"grid-row\">\n<div id=\"col-gm28415c\" class=\"wp-block-gutentor-m4-col col-gm28415c gutentor-single-column  grid-lg-4 grid-md-12 grid-12\"><div id=\"section-gm28415c\" class=\"section-gm28415c gutentor-col-wrap\">\n<div id=\"section-g86899f\" class=\"wp-block-gutentor-e1 section-g86899f gutentor-element gutentor-element-advanced-text\"><div class=\"gutentor-text-wrap\"><h5 class=\"gutentor-text\"><strong>Echo Serca (Echokardiografia)<\/strong><\/h5><\/div><\/div>\n\n\n\n<div class=\"wp-container-2 wp-block-group\"><div class=\"wp-block-group__inner-container\">\n<div class=\"wp-container-1 wp-block-buttons is-content-justification-left\">\n<div class=\"wp-block-button\"><a class=\"wp-block-button__link has-background\" href=\"#probyWysilkowe\" style=\"background-color:#008cd2\">Przejd\u017a<\/a><\/div>\n<\/div>\n<\/div><\/div>\n<\/div><\/div>\n\n\n\n<div id=\"col-gm51abe8\" class=\"wp-block-gutentor-m4-col col-gm51abe8 gutentor-single-column  grid-lg-4 grid-md-12 grid-12\"><div id=\"section-gm51abe8\" class=\"section-gm51abe8 gutentor-col-wrap\">\n<div id=\"section-g7bbfaf\" class=\"wp-block-gutentor-e1 section-g7bbfaf gutentor-element gutentor-element-advanced-text\"><div class=\"gutentor-text-wrap\"><h5 class=\"gutentor-text\"><strong>Holter EKG i Holter ci\u015bnieniowy<\/strong><\/h5><\/div><\/div>\n\n\n\n<div class=\"wp-container-4 wp-block-group\"><div class=\"wp-block-group__inner-container\">\n<div class=\"wp-container-3 wp-block-buttons is-content-justification-left\">\n<div class=\"wp-block-button\"><a class=\"wp-block-button__link has-background\" href=\"#EKG\" style=\"background-color:#008cd2\">Przejd\u017a<\/a><\/div>\n<\/div>\n<\/div><\/div>\n<\/div><\/div>\n\n\n\n<div id=\"col-gmc97b3a\" class=\"wp-block-gutentor-m4-col col-gmc97b3a gutentor-single-column  grid-lg-4 grid-md-12 grid-12\"><div id=\"section-gmc97b3a\" class=\"section-gmc97b3a gutentor-col-wrap\">\n<div id=\"section-g11bd38\" class=\"wp-block-gutentor-e1 section-g11bd38 gutentor-element gutentor-element-advanced-text\"><div class=\"gutentor-text-wrap\"><h5 class=\"gutentor-text\"><strong>Pr\u00f3by<\/strong><br><strong>wysi\u0142kowe<\/strong><\/h5><\/div><\/div>\n\n\n\n<div class=\"wp-container-6 wp-block-group\"><div class=\"wp-block-group__inner-container\">\n<div class=\"wp-container-5 wp-block-buttons is-content-justification-left\">\n<div class=\"wp-block-button\"><a class=\"wp-block-button__link has-background\" href=\"#echoSerca\" style=\"background-color:#008cd2\">Przejd\u017a<\/a><\/div>\n<\/div>\n<\/div><\/div>\n<\/div><\/div>\n<\/div><\/div><\/section>\n\n\n\n<div id=\"section-g7ac31e\" class=\"wp-block-gutentor-e1 section-g7ac31e gutentor-element gutentor-element-advanced-text\"><div class=\"gutentor-text-wrap\"><p class=\"gutentor-text\">Pracownia jest wpisana do Rejestru Pracowni Ambulatoryjnego Monitorowania EKG, akredytowanych przy Polskim Towarzystwie Kardiologicznym.<br><br>Rejestracja do bada\u0144 odbywa si\u0119 telefonicznie pod numerem tel. 61 281 54 97 lub osobi\u015bcie od poniedzia\u0142ku do pi\u0105tku w godz. 9.00 &#8211; 10.00, natomiast Pracownia czynna jest w godz. 7.00 &#8211; 14.30.<br><br>Zesp\u00f3\u0142 Pracowni tworz\u0105:<br>&#8211; lek. med. S\u0142awomir Rybka &#8211; Kierownik Pracowni<br>&#8211; lek. med. Rados\u0142aw Siwak<br>&#8211; lek. med. Sylwia Dziurda &#8211; Bielawska<br>&#8211; lek. med. Andrzej Grzelka<br>&#8211; lek. med. Danuta Zdrojowa &#8211; Gawe\u0142<br>&#8211; dr n. med. Ewa Ciesi\u00f3\u0142ka<br>&#8211; lek. med. Maciej Bartz<br>&#8211; piel\u0119gniarka koordynuj\u0105ca &#8211; El\u017cbieta Michalak<br>&#8211; piel\u0119gniarka &#8211; Gra\u017cyna Skrzypczak<br>&#8211; piel\u0119gniarka &#8211; Ewa \u015amigielska<br><br>Badania wykonywane s\u0105 nieodp\u0142atnie, na podstawie skierowania lekarskiego z Poradni Kardiologicznej Szpitala w \u015aremie w Likwidacji oraz odp\u0142atnie na podstawie skierowania, gdy badanie wykonywane jest na \u017cyczenie pacjenta.<br><br>Wyniki wydawane s\u0105 w godzinach pracy Pracowni. Wynik odbiera pacjent osobi\u015bcie, b\u0105d\u017a osoba przez niego upowa\u017cniona.<\/p><\/div><\/div>\n\n\n\n<hr class=\"wp-block-separator\" id=\"echoSerca\"\/>\n\n\n\n<div id=\"srodek\">\n<div id=\"echo-serca-echokardiografia\" class=\"mod_article block\">\n<div class=\"ce_text block\">\n<p><strong>Badanie Echo Serca<\/strong>, czyli inaczej echokardiografia jest to obrazowa metoda badania serca i naczy\u0144 krwiono\u015bnych za pomoc\u0105 ultrad\u017awi\u0119k\u00f3w. <br>Badanie to umo\u017cliwia w spos\u00f3b nieinwazyjny ocen\u0119 struktur anatomicznych serca. Pozwala oceni\u0107 ruch mi\u0119\u015bnia sercowego i zastawek wewn\u0105trzsercowych, a tak\u017ce przep\u0142yw krwi w obr\u0119bie przedsionk\u00f3w i kom\u00f3r serca, du\u017cych naczy\u0144 krwiono\u015bnych (aorta, \u017cy\u0142y g\u0142\u00f3wne, t\u0119tnica i \u017cy\u0142y p\u0142ucne) oraz naczy\u0144 wie\u0144cowych.<\/p>\n<p><img loading=\"lazy\" class=\"aligncenter\" title=\"tl_files\/echo_serca.jpg\" src=\"http:\/\/www.szpitalwsremie.pl\/tl_files\/xecho_serca.jpg.pagespeed.ic.IqnvxktzKt.webp\" alt=\"tl_files\/echo_serca.jpg\" data-pagespeed-url-hash=\"3939862153\" width=\"320\" height=\"213\"><\/p>\n<p>Szpital dysponuje nowoczesnym aparatem Simens Acuson CV70.<\/p>\n<p><strong>Wskazaniami do wykonywania badania s\u0105:<\/strong><br>&#8211; choroba niedokrwienna serca (choroba wie\u0144cowa, zawa\u0142 mi\u0119\u015bnia sercowego),<br>&#8211; wady serca wrodzone i nabyte,<br>&#8211; zapalenie mi\u0119\u015bnia sercowego,<br>&#8211; bakteryjne zapalenie wsierdzia,<br>&#8211; choroby mi\u0119\u015bnia sercowego (kardiomiopatie),<br>&#8211; nadci\u015bnienie t\u0119tnicze,<br>&#8211; choroba zakrzepowo &#8211; zatorowa,<br>&#8211; zaburzenia rytmu serca,<br>&#8211; choroby osierdzia (np. p\u0142yn w jamie osierdzia, tamponada serca),<br>&#8211; choroby naczy\u0144 (np. t\u0119tniak aorty),<br>&#8211; choroby sercowo &#8211; p\u0142ucne (nadci\u015bnienie p\u0142ucne, zatorowo\u015b\u0107 p\u0142ucna),<br>&#8211; zaburzenia czynno\u015bciowe i anatomiczne serca p\u0142odu &#8211; echokardiografia p\u0142odowa,<br>&#8211; inne (urazy serca, nowotwory serca).<\/p>\n<p>Badanie wykonywane jest nieodp\u0142atnie na zlecenie lekarza z Poradni Kardiologicznej Szpitala w \u015aremie Sp. z o. o. lub odp\u0142atnie na podstawie skierowania, gdy pacjent wykonuje badanie na w\u0142asne \u017cyczenie.<\/p>\n<p><strong>Uwagi:<\/strong><br>&#8211; pacjent powinien by\u0107 poddany wst\u0119pnej ocenie kardiologicznej, obejmuj\u0105cej badania: EKG i RTG klatki piersiowej &#8211; wyniki tych bada\u0144 nale\u017cy przedstawi\u0107 wykonuj\u0105cemu echokardiografi\u0119,<br>&#8211; nie ma specjalnych zalece\u0144, co do sposobu przygotowania si\u0119 do badania.<\/p>\n<p>Serdecznie zapraszamy do Pracowni Bada\u0144 Czynno\u015bciowych Uk\u0142adu Kr\u0105\u017cenia, mieszcz\u0105cej si\u0119 na parterze Szpitala w \u015aremie w korytarzu diagnostycznym.<br>Pracownia czynna jest od poniedzia\u0142ku do pi\u0105tku w godz. 7.00 &#8211; 14.30.<\/p>\n<p>Pracownia Bada\u0144 Czynno\u015bciowych Uk\u0142adu Kr\u0105\u017cenia<br>ul. Che\u0142mi\u0144skiego 1<br>63-100 \u015arem<br>tel. 61 281 54 97<br>tel. 61 281 54 00 &#8211; Centrala Szpitala<\/p>\n<\/div>\n<\/div>\n<\/div>\n\n\n\n<hr class=\"wp-block-separator\" id=\"EKG\"\/>\n\n\n\n<div id=\"srodek\">\n<div id=\"holter-ekg-i-holter-cisnieniowy\" class=\"mod_article block\">\n<div class=\"ce_text block\">\n<p><strong>Badanie Holter EKG,<\/strong> czyli inaczej 24\/48 &#8211; godzinna rejestracja EKG metod\u0105 Holtera, pozwala na wielogodzinn\u0105 rejestracj\u0119 EKG w warunkach nieskr\u0119powanej, ca\u0142odobowej aktywno\u015bci badanego.<br>Badanie to s\u0142u\u017cy ocenie czynno\u015bci elektrycznej serca. Umo\u017cliwia rejestracj\u0119 zaburze\u0144 rytmu i przewodnictwa, ocen\u0119 pracy rozrusznika serca oraz nieprawid\u0142owo\u015bci w ukrwieniu mi\u0119\u015bnia sercowego.<\/p>\n<p>Pracownia dysponuje systemem holterowskim firmy Delmar Reynolds.<\/p>\n<p><img loading=\"lazy\" class=\"aligncenter\" title=\"tl_files\/holter_ekg.jpg\" src=\"http:\/\/www.szpitalwsremie.pl\/tl_files\/xholter_ekg.jpg.pagespeed.ic.ZKnLPFiJPi.webp\" alt=\"tl_files\/holter_ekg.jpg\" data-pagespeed-url-hash=\"3595616495\" width=\"320\" height=\"240\"><\/p>\n<p><strong>Wskazaniami do wykonania badania s\u0105:<\/strong><br>&#8211; diagnostyka zaburze\u0144 rytmu serca,<br>&#8211; ocena skuteczno\u015bci leczenia antyarytmicznego,<br>&#8211; ocena czynno\u015bci sztucznego rozrusznika,<br>&#8211; ocena niedokrwienia mi\u0119\u015bnia sercowego.<\/p>\n<p>Badanie wykonywane jest na zlecenie lekarza.<\/p>\n<p>Nie ma specjalnych zalece\u0144, co do sposobu przygotowania si\u0119 do badania.<\/p>\n<p>Badanie Holter ci\u015bnieniowy, czyli inaczej 24 &#8211; godzinna rejestracja ci\u015bnienia t\u0119tniczego, polega na ca\u0142odobowym monitorowaniu ci\u015bnienia t\u0119tniczego. Pomiary wykonywane s\u0105 co 30 minut podczas dnia oraz co godzin\u0119 w nocy &#8211; niezale\u017cnie od pacjenta. <br>Badanie to s\u0142u\u017cy do wykrywania nadci\u015bnienia, pozwala r\u00f3wnie\u017c rozpozna\u0107, tzw. nadci\u015bnienie bia\u0142ego fartucha, czyli wzrost warto\u015bci ci\u015bnienia jedynie podczas pomiaru w gabinecie lekarskim, ocenia te\u017c skuteczno\u015b\u0107 leczenia nadci\u015bnienia. <br>Badanie to jest przydatne szczeg\u00f3lnie u os\u00f3b, u kt\u00f3rych stwierdzane s\u0105 znaczne r\u00f3\u017cnice w pomiarach w czasie kolejnych wizyt, pomi\u0119dzy pomiarami w domu i w gabinecie.<\/p>\n<p>Przez ca\u0142y czas na jednym ramieniu za\u0142o\u017cony jest mankiet do pomiaru ci\u015bnienia, po\u0142\u0105czony z rejestratorem, kt\u00f3ry automatycznie dokonuje pomiaru. <\/p>\n<p>Poniewa\u017c badanie ma na celu zarejestrowa\u0107 stan faktyczny, w trakcie pomiar\u00f3w zaleca si\u0119 wykonywa\u0107 wszystkie czynno\u015bci jak zwykle &#8211; praca, wysi\u0142ek fizyczny, codzienne czynno\u015bci domowe, sen.<br>Po ok. 24 godzinach aparat jest zdejmowany, a zapisane dane s\u0105 analizowane i interpretowane przez lekarza.<\/p>\n<p>Serdecznie zapraszamy do Pracowni Bada\u0144 Czynno\u015bciowych Uk\u0142adu Kr\u0105\u017cenia, mieszcz\u0105cej si\u0119 na parterze Szpitala w \u015aremie w korytarzu diagnostycznym.<br>Pracownia czynna jest od poniedzia\u0142ku do pi\u0105tku w godz. 7.00 &#8211; 14.30.<\/p>\n<p>Pracownia Bada\u0144 Czynno\u015bciowych Uk\u0142adu Kr\u0105\u017cenia<br>ul. Che\u0142mi\u0144skiego 1<br>63-100 \u015arem<br>tel. 61 281 54 97<br>tel. 61 281 54 00 &#8211; Centrala Szpitala.<\/p>\n<\/div>\n<\/div>\n<\/div>\n\n\n\n<hr class=\"wp-block-separator\" id=\"probyWysilkowe\"\/>\n\n\n\n<div id=\"srodek\">\n<div id=\"proby-wysilkowe\" class=\"mod_article block\">\n<div class=\"ce_text block\">\n<p>Test wysi\u0142kowy polega na ocenie pracy serca w trakcie wysi\u0142ku i wzrastaj\u0105cego zapotrzebowania na tlen. Test jest przeprowadzany na ruchomej bie\u017cni. W trakcie badania, powoli podnoszony jest k\u0105t nachylenia bie\u017cni, co powoduje wzrost pracy serca. Przez ca\u0142y czas kontrolowany jest zapis EKG, a pomiar ci\u015bnienia t\u0119tniczego wykonywany jest &nbsp;wielokrotnie w trakcie i po te\u015bcie wysi\u0142kowym.<\/p>\n<p><img loading=\"lazy\" class=\"aligncenter\" title=\"tl_files\/proby_wysilkowe.jpg\" src=\"http:\/\/www.szpitalwsremie.pl\/tl_files\/xproby_wysilkowe.jpg.pagespeed.ic.CvDYsPBwQ0.webp\" alt=\"tl_files\/proby_wysilkowe.jpg\" data-pagespeed-url-hash=\"1591238104\" width=\"320\" height=\"213\"><\/p>\n<p>Badania te wykonywane s\u0105:<br>&#8211; w diagnostyce leczenia choroby niedokrwiennej serca,<br>&#8211; w ocenie stopnia upo\u015bledzenia sprawno\u015bci fizycznej oraz ocenie leczenia farmakologicznego u chorych z wadami serca,<br>&#8211; w ocenie bezpiecze\u0144stwa treningu fizycznego u os\u00f3b zdrowych,<br>&#8211; w ocenie sprawno\u015bci serca u os\u00f3b z czynnikami ryzyka choroby wie\u0144cowej,<br>&#8211; w kwalifikacji kardiologicznej do operacji poza sercowych.<\/p>\n<p>Uwagi:<br>&#8211; zaleca si\u0119 powstrzymanie od palenia papieros\u00f3w, jedzenia, picia na oko\u0142o 4 godziny przed testem,<br>&#8211; zalecane jest r\u00f3wnie\u017c, aby za\u0142o\u017cy\u0107 wygodne buty i str\u00f3j. W trakcie testu bardzo wa\u017cne jest, \u017ceby informowa\u0107 o wszelkich objawach zwi\u0105zanych z jego przebiegiem. Test b\u0119dzie zatrzymany, gdy wyst\u0105pi kt\u00f3rykolwiek z objaw\u00f3w: b\u00f3l w klatce piersiowej, zawroty g\u0142owy, duszno\u015b\u0107 albo du\u017ce zm\u0119czenie,<br>&#8211; u m\u0119\u017cczyzn z obfitym ow\u0142osieniem okolicy klatki piersiowej wskazane jest, aby wcze\u015bniej&nbsp;przygotowa\u0107 poprzez ogolenie miejsca, w kt\u00f3rych umieszczone b\u0119d\u0105 elektrody (jak na poni\u017cszym rysunku).<\/p>\n<\/div>\n<\/div>\n<\/div>\n\n\n\n<div id=\"section-gc48b9e\" class=\"wp-block-gutentor-e6 section-gc48b9e gutentor-element gutentor-element-image text-align-center-desktop\"><div class=\"gutentor-element-image-box\"><div class=\"gutentor-image-thumb\"><img class=\"normal-image\" src=\"https:\/\/szpital.hhd.pl\/wp-content\/uploads\/2021\/06\/xrozmieszczenie_elektrod.gif.pagespeed.ic_.VS5vI30nZ0.png\"\/><\/div><\/div><\/div>\n\n\n\n<div id=\"section-g18c9f5\" class=\"wp-block-gutentor-e1 section-g18c9f5 gutentor-element gutentor-element-advanced-text\"><div class=\"gutentor-text-wrap\"><p class=\"gutentor-text\">Serdecznie zapraszamy do Pracowni Bada\u0144 Czynno\u015bciowych Uk\u0142adu Kr\u0105\u017cenia, mieszcz\u0105cej si\u0119 na parterze Szpitala w \u015aremie w korytarzu diagnostycznym.<br>Pracownia czynna jest od poniedzia\u0142ku do pi\u0105tku w godz. 7.00 &#8211; 14.30.<br>Pracownia Bada\u0144 Czynno\u015bciowych Uk\u0142adu Kr\u0105\u017cenia<br>ul. Che\u0142mo\u0144skiego 1<br>63-100 \u015arem<br>tel. 61 281 54 97<br>tel. 61 281 54 00 &#8211; Centrala Szpitala.<\/p><\/div><\/div>\n<\/div><\/div>\n<\/div><\/div><\/section>\n<\/div><\/section>\n","protected":false},"excerpt":{"rendered":"","protected":false},"author":1,"featured_media":3140,"parent":0,"menu_order":0,"comment_status":"closed","ping_status":"closed","template":"template-gutentor-full-width.php","meta":[],"uagb_featured_image_src":{"full":["https:\/\/szpital.hhd.pl\/wp-content\/uploads\/2021\/09\/rysunek-1.svg",50,50,false],"thumbnail":["https:\/\/szpital.hhd.pl\/wp-content\/uploads\/2021\/09\/rysunek-1.svg",150,150,true],"medium":["https:\/\/szpital.hhd.pl\/wp-content\/uploads\/2021\/09\/rysunek-1.svg",300,300,true],"medium_large":["https:\/\/szpital.hhd.pl\/wp-content\/uploads\/2021\/09\/rysunek-1.svg",768,1,true],"large":["https:\/\/szpital.hhd.pl\/wp-content\/uploads\/2021\/09\/rysunek-1.svg",1024,1024,true],"1536x1536":["https:\/\/szpital.hhd.pl\/wp-content\/uploads\/2021\/09\/rysunek-1.svg",50,50,true],"2048x2048":["https:\/\/szpital.hhd.pl\/wp-content\/uploads\/2021\/09\/rysunek-1.svg",50,50,true],"sydney-large-thumb":["https:\/\/szpital.hhd.pl\/wp-content\/uploads\/2021\/09\/rysunek-1.svg",50,50,true],"sydney-medium-thumb":["https:\/\/szpital.hhd.pl\/wp-content\/uploads\/2021\/09\/rysunek-1.svg",50,50,true],"sydney-small-thumb":["https:\/\/szpital.hhd.pl\/wp-content\/uploads\/2021\/09\/rysunek-1.svg",50,50,true],"sydney-service-thumb":["https:\/\/szpital.hhd.pl\/wp-content\/uploads\/2021\/09\/rysunek-1.svg",50,50,true],"sydney-mas-thumb":["https:\/\/szpital.hhd.pl\/wp-content\/uploads\/2021\/09\/rysunek-1.svg",50,50,true]},"uagb_author_info":{"display_name":"zandeckiw","author_link":"https:\/\/szpital.hhd.pl\/?author=1"},"uagb_comment_info":0,"uagb_excerpt":null,"_links":{"self":[{"href":"https:\/\/szpital.hhd.pl\/index.php?rest_route=\/wp\/v2\/pages\/2454"}],"collection":[{"href":"https:\/\/szpital.hhd.pl\/index.php?rest_route=\/wp\/v2\/pages"}],"about":[{"href":"https:\/\/szpital.hhd.pl\/index.php?rest_route=\/wp\/v2\/types\/page"}],"author":[{"embeddable":true,"href":"https:\/\/szpital.hhd.pl\/index.php?rest_route=\/wp\/v2\/users\/1"}],"replies":[{"embeddable":true,"href":"https:\/\/szpital.hhd.pl\/index.php?rest_route=%2Fwp%2Fv2%2Fcomments&post=2454"}],"version-history":[{"count":0,"href":"https:\/\/szpital.hhd.pl\/index.php?rest_route=\/wp\/v2\/pages\/2454\/revisions"}],"wp:featuredmedia":[{"embeddable":true,"href":"https:\/\/szpital.hhd.pl\/index.php?rest_route=\/wp\/v2\/media\/3140"}],"wp:attachment":[{"href":"https:\/\/szpital.hhd.pl\/index.php?rest_route=%2Fwp%2Fv2%2Fmedia&parent=2454"}],"curies":[{"name":"wp","href":"https:\/\/api.w.org\/{rel}","templated":true}]}}