{"id":2467,"date":"2021-06-29T08:22:28","date_gmt":"2021-06-29T06:22:28","guid":{"rendered":"https:\/\/szpital.hhd.pl\/?page_id=2467"},"modified":"2021-06-29T08:26:31","modified_gmt":"2021-06-29T06:26:31","slug":"pracownie-diagnostyki-obrazowej","status":"publish","type":"page","link":"https:\/\/szpital.hhd.pl\/?page_id=2467","title":{"rendered":"Pracownie Diagnostyki Obrazowej"},"content":{"rendered":"\n<\/div><\/div><\/div><\/div>\n<style>\n.page-wrap {\n    padding-bottom: 0px;\n}\n<\/style>\n<div class=\"everyPageHead\">\n\n\n\n<section id=\"everyPageHead\" class=\"wp-block-gutentor-m3 section-gmf298181 gutentor-module gutentor-container-cover has-image-bg has-custom-bg has-gutentor-block-shape-top has-gutentor-block-shape-bottom\"><div class=\"gutentor-block-shape-top\"><span><svg viewBox=\"0 0 1280 140\" preserveAspectRatio=\"none\" xmlns=\"http:\/\/www.w3.org\/2000\/svg\"><g><path d=\"M0 47.44L170 0l626.48 94.89L1110 87.11l170-39.67V140H0V47.44z\" fill-opacity=\".5\" style=\"fill-rule:evenodd; transform: rotate(180deg); transform-origin:50% 50%;\"\/><path d=\"M0 90.72l140-28.28 315.52 24.14L796.48 65.8 1140 104.89l140-14.17V140H0V90.72z\" style=\"fill-rule:evenodd; transform: rotate(180deg); transform-origin:50% 50%;\"\/><\/g><\/svg><\/span><\/div><div class=\"grid-container\">\n<div style=\"height:200px\" aria-hidden=\"true\" class=\"wp-block-spacer\"><\/div>\n\n\n\n<div id=\"section-gb5cb08\" class=\"wp-block-gutentor-e1 section-gb5cb08 gutentor-element gutentor-element-advanced-text text-align-center-desktop\"><div class=\"gutentor-text-wrap\"><h1 class=\"gutentor-text\"><strong><strong>Pracownie Diagnostyki Obrazowej<\/strong><\/strong><\/h1><\/div><\/div>\n\n\n\n<div style=\"height:200px\" aria-hidden=\"true\" class=\"wp-block-spacer\"><\/div>\n<\/div><div class=\"gutentor-block-shape-bottom\"><span><svg viewBox=\"0 0 1280 140\" preserveAspectRatio=\"none\" xmlns=\"http:\/\/www.w3.org\/2000\/svg\"><g><path d=\"M0 47.44L170 0l626.48 94.89L1110 87.11l170-39.67V140H0V47.44z\" fill-opacity=\".5\" style=\"fill-rule:evenodd; transform: rotate(180deg); transform-origin:50% 50%;\"\/><path d=\"M0 90.72l140-28.28 315.52 24.14L796.48 65.8 1140 104.89l140-14.17V140H0V90.72z\" style=\"fill-rule:evenodd; transform: rotate(180deg); transform-origin:50% 50%;\"\/><\/g><\/svg><\/span><\/div><\/section>\n\n\n\n<\/div>\n<div class=\"container content-wrapper\">\n<div class=\"row>\n<div id=\"primary\" class=\"fp-content-area\">\n<div class=\"entry-content\">\n\n\n\n<section id=\"gmb502bec\" class=\"wp-block-gutentor-m3 section-gmb502bec gutentor-module gutentor-container-cover\"><div class=\"grid-container\">\n<section id=\"gmf3235bb\" class=\"wp-block-gutentor-m4 section-gmf3235bb gutentor-module gutentor-advanced-columns gutentor-enable-sticky-column\" data-top=\"190\" data-bottom=\"\"><div class=\"grid-container\"><div class=\"grid-row\">\n<div id=\"col-gmc1072f\" class=\"wp-block-gutentor-m4-col col-gmc1072f gutentor-single-column  grid-lg-2 grid-md-4 grid-5\"><div id=\"section-gmc1072f\" class=\"section-gmc1072f gutentor-col-wrap\">\n<section id=\"gmef9b36e\" class=\"wp-block-gutentor-m3 section-gmef9b36e gutentor-module gutentor-container-cover\"><div class=\"grid-container gutentor-rm-ct-space-d gutentor-rm-ct-space-t gutentor-rm-ct-space\">\n<div class=\"wp-block-uagb-advanced-heading uagb-block-c08a5456\"><h4 class=\"uagb-heading-text\">Kierownik:<\/h4><div class=\"uagb-separator-wrap\"><div class=\"uagb-separator\"><\/div><\/div><p class=\"uagb-desc-text\">Marta Kawalec<\/p><\/div>\n\n\n\n<div id=\"section-gce4595\" class=\"wp-block-gutentor-e6 section-gce4595 gutentor-element gutentor-element-image gutentor-enabled-width text-align-center-desktop\"><div class=\"gutentor-element-image-box\"><div class=\"gutentor-image-thumb\"><img class=\"normal-image\" src=\"https:\/\/szpital.hhd.pl\/wp-content\/uploads\/2021\/05\/unknown.jpg\"\/><\/div><\/div><\/div>\n\n\n\n<div style=\"height:35px\" aria-hidden=\"true\" class=\"wp-block-spacer\"><\/div>\n\n\n\n<div class=\"wp-block-uagb-advanced-heading uagb-block-5dd5758e\"><h4 class=\"uagb-heading-text\">Kontakt:<\/h4><div class=\"uagb-separator-wrap\"><div class=\"uagb-separator\"><\/div><\/div><p class=\"uagb-desc-text\"><\/p><\/div>\n\n\n\n<div id=\"section-g461c7e\" class=\"wp-block-gutentor-e1 section-g461c7e gutentor-element gutentor-element-advanced-text text-align-center-desktop\"><div class=\"gutentor-text-wrap\"><p class=\"gutentor-text\"><strong>Pracownie Diagnostyki Obrazowej<\/strong>:<br>61 281 55 03<\/p><\/div><\/div>\n<\/div><\/section>\n<\/div><\/div>\n\n\n\n<div id=\"col-gma2895a\" class=\"wp-block-gutentor-m4-col col-gma2895a gutentor-single-column  grid-lg-10 grid-md-8 grid-7\"><div id=\"section-gma2895a\" class=\"section-gma2895a gutentor-col-wrap\">\n<section id=\"gm58a0488\" class=\"wp-block-gutentor-m4 section-gm58a0488 gutentor-module gutentor-advanced-columns\"><div class=\"grid-container\"><div class=\"grid-row\">\n<div id=\"col-gmafa88c\" class=\"wp-block-gutentor-m4-col col-gmafa88c gutentor-single-column  grid-lg-4 grid-md-12 grid-12\"><div id=\"section-gmafa88c\" class=\"section-gmafa88c gutentor-col-wrap\">\n<div id=\"section-g067048\" class=\"wp-block-gutentor-e1 section-g067048 gutentor-element gutentor-element-advanced-text\"><div class=\"gutentor-text-wrap\"><h5 class=\"gutentor-text\"><strong>Pracownia<\/strong><br><strong>rentgenodiagnostyki<\/strong><br><strong>og\u00f3lnej (RTG)<\/strong><\/h5><\/div><\/div>\n\n\n\n<div class=\"wp-container-2 wp-block-group\"><div class=\"wp-block-group__inner-container\">\n<div class=\"wp-container-1 wp-block-buttons is-content-justification-left\">\n<div class=\"wp-block-button\"><a class=\"wp-block-button__link has-background\" href=\"#RTG\" style=\"background-color:#008cd2\">Przejd\u017a<\/a><\/div>\n<\/div>\n<\/div><\/div>\n<\/div><\/div>\n\n\n\n<div id=\"col-gm837fe0\" class=\"wp-block-gutentor-m4-col col-gm837fe0 gutentor-single-column  grid-lg-4 grid-md-12 grid-12\"><div id=\"section-gm837fe0\" class=\"section-gm837fe0 gutentor-col-wrap\">\n<div id=\"section-g636cf3\" class=\"wp-block-gutentor-e1 section-g636cf3 gutentor-element gutentor-element-advanced-text\"><div class=\"gutentor-text-wrap\"><h5 class=\"gutentor-text\"><strong>Pracownia <\/strong><br><strong>tomografii komputerowej (KT)<\/strong><\/h5><\/div><\/div>\n\n\n\n<div class=\"wp-container-4 wp-block-group\"><div class=\"wp-block-group__inner-container\">\n<div class=\"wp-container-3 wp-block-buttons is-content-justification-left\">\n<div class=\"wp-block-button\"><a class=\"wp-block-button__link has-background\" href=\"#KT\" style=\"background-color:#008cd2\">Przejd\u017a<\/a><\/div>\n<\/div>\n<\/div><\/div>\n<\/div><\/div>\n\n\n\n<div id=\"col-gme6611b\" class=\"wp-block-gutentor-m4-col col-gme6611b gutentor-single-column  grid-lg-4 grid-md-12 grid-12\"><div id=\"section-gme6611b\" class=\"section-gme6611b gutentor-col-wrap\">\n<div id=\"section-gb6c986\" class=\"wp-block-gutentor-e1 section-gb6c986 gutentor-element gutentor-element-advanced-text\"><div class=\"gutentor-text-wrap\"><h5 class=\"gutentor-text\"><strong>Pracownia<\/strong><br><strong>ultrasonografie <\/strong><br><strong>(USG)<\/strong><\/h5><\/div><\/div>\n\n\n\n<div class=\"wp-container-6 wp-block-group\"><div class=\"wp-block-group__inner-container\">\n<div class=\"wp-container-5 wp-block-buttons is-content-justification-left\">\n<div class=\"wp-block-button\"><a class=\"wp-block-button__link has-background\" href=\"#USG\" style=\"background-color:#008cd2\">Przejd\u017a<\/a><\/div>\n<\/div>\n<\/div><\/div>\n<\/div><\/div>\n<\/div><\/div><\/section>\n\n\n\n<p>Kierownik Pracowni Diagnostyki Obrazowej &#8211; lek. med. Marta Kawalec<br \/>Koordynator &#8211; mgr Piotr Klak<br \/><br \/>Zesp\u00f3\u0142 lekarski to:<br \/>&#8211; lek. med. Andrzej \u017berdzi\u0144ski<br \/>&#8211; lek. med. Ma\u0142gorzata Spara\u017cy\u0144ska<br \/>&#8211; lek. med. Justyna Zawisna-Wojciechowska<br \/>&#8211; dr n. med. Mateusz Wykr\u0119towicz<br \/>&#8211; dr n. med. Adrian D\u0105browski<br \/>&#8211; lek.med. Mateusz Lorenz<\/p>\n<p><br \/>Rejestracja<br \/>&#8211; bada\u0144 USG i kontrastowych bada\u0144 RTG<br \/>od poniedzia\u0142ku do pi\u0105tku w godz. 7.15 &#8211; 14.00 pod numerem 61 281 55 03<br \/>&#8211; bada\u0144 KT (tomografia komputerowa) OSOBI\u015aCIE od poniedzia\u0142ku do pi\u0105tku w godz. 7.15 &#8211; 14.00<\/p>\n<p><br \/>W przypadku wszystkich powy\u017cszych bada\u0144 <strong>wymagane jest skierowanie lekarskie.<\/strong><\/p>\n<p><strong>Wydawanie wynik\u00f3w:<\/strong><br \/>&#8211; wyniki mo\u017cna odbiera\u0107 : w rejestracji od poniedzia\u0142ku do pi\u0105tku w godz. 7.30 &#8211; 14.00 w wyj\u0105tkowej sytuacji po godzinie 14 wynik wyda osoba pe\u0142ni\u0105ca dy\u017cur w Pracowni <br \/>&#8211; wynik mo\u017ce odebra\u0107 tylko pacjent na podstawie dowodu to\u017csamo\u015bci lub osoba przez niego pisemnie upowa\u017cniona,<br \/>&#8211; wyniki bada\u0144 obrazowych rejestruje si\u0119 na p\u0142ytach CD<br \/>&#8211; mo\u017cna r\u00f3wnie\u017c wykona\u0107 kopi\u0119 pisemnych wynik\u00f3w bada\u0144 za dodatkow\u0105 odp\u0142atno\u015bci\u0105.<\/p>\n<p>Pracownie mieszcz\u0105 si\u0119 na parterze Szpitala w korytarzu pracowni diagnostycznych.<\/p>\n\n\n\n<hr class=\"wp-block-separator\" id=\"RTG\"\/>\n\n\n\n<div style=\"height:100px\" aria-hidden=\"true\" class=\"wp-block-spacer\"><\/div>\n\n\n\n<div id=\"srodek\">\n<div id=\"pracownia-rentgenodiagnostyki-rtg\" class=\"mod_article block\">\n<div class=\"ce_text block\">\n<p><strong>Pracownia RTG<\/strong> czynna jest 24 godziny na dob\u0119.<br \/><br \/>Wykonywany jest pe\u0142en zakres standardowych zdj\u0119\u0107 RTG, za wyj\u0105tkiem zdj\u0119\u0107 z\u0119bowych i pantomograficznych.<\/p>\n<p><img loading=\"lazy\" title=\"tl_files\/pracownia rtg.jpg\" src=\"http:\/\/www.szpitalwsremie.pl\/tl_files\/xpracownia,P20rtg.jpg.pagespeed.ic.Xc7KtX-h2N.webp\" alt=\"tl_files\/pracownia rtg.jpg\" width=\"320\" height=\"213\" data-pagespeed-url-hash=\"210855101\" \/><\/p>\n<p>Do bada\u0144 wymagaj\u0105cych wcze\u015bniejszego ustalenia w rejestracji terminu badania i ewentualnego wcze\u015bniejszego przygotowania si\u0119 pacjenta zaliczamy:<br \/>a) badanie kontrastowe g\u00f3rnego odcinka przewodu pokarmowego,<br \/>b) wlew kontrastowy jelita grubego,<br \/>c) pasa\u017c jelitowy,<br \/>d) cholangiografia,<br \/>e) urografia,<br \/>f) cystografia,<br \/>g) pielografia,<br \/>h) CUM,<br \/>i) HSG,<br \/>j) biopsja jelita cienkiego, <br \/>k) skopia p\u0142uc.<br \/><br \/>W trybie ambulatoryjnym wykonujemy tylko badania kontrastowe g\u00f3rnego odcinka przewodu pokarmowego i skopie p\u0142uc.<br \/><br \/>Badania pe\u0142nop\u0142atne przez pacjenta (odp\u0142atno\u015b\u0107 zgodnie z cennikiem) r\u00f3wnie\u017c wymagaj\u0105 skierowania od lekarza.<br \/><br \/>Rejestracja od poniedzia\u0142ku do pi\u0105tku w godz. 7.15 do 14.00 pod numerem tel. 61 281 55 03.<br \/><br \/>Wydawanie wynik\u00f3w:<br \/>&#8211; wyniki mo\u017cna odbiera\u0107 w rejestracji od poniedzia\u0142ku do pi\u0105tku w godz. 7.30 &#8211; 14.00, w wyj\u0105tkowych sytuacjach po godzinie 14.00 wynik wyda osoba pe\u0142ni\u0105ca dy\u017cur w Pracowni<br \/>&#8211; wynik mo\u017ce odebra\u0107 tylko pacjent na podstawie dowodu to\u017csamo\u015bci lub osoba przez niego pisemnie upowa\u017cniona<br \/>&#8211; wyniki bada\u0144 obrazowych rejestruje si\u0119 na p\u0142ytach CD<br \/>&#8211; mo\u017cna r\u00f3wnie\u017c wykona\u0107 kopi\u0119 pisemnych wynik\u00f3w bada\u0144 za dodatkow\u0105 odp\u0142atno\u015bci\u0105\u00a0<br \/><br \/>Pracownia mie\u015bci si\u0119 na parterze Szpitala w korytarzu pracowni diagnostycznych.<\/p>\n<\/div>\n<\/div>\n<\/div>\n\n\n\n<hr class=\"wp-block-separator\" id=\"KT\"\/>\n\n\n\n<div style=\"height:100px\" aria-hidden=\"true\" class=\"wp-block-spacer\"><\/div>\n\n\n\n<div id=\"srodek\">\n<div id=\"holter-ekg-i-holter-cisnieniowy\" class=\"mod_article block\">\n<div class=\"ce_text block\">\n<p><strong>Badanie Holter EKG,<\/strong> czyli inaczej 24\/48 &#8211; godzinna rejestracja EKG metod\u0105 Holtera, pozwala na wielogodzinn\u0105 rejestracj\u0119 EKG w warunkach nieskr\u0119powanej, ca\u0142odobowej aktywno\u015bci badanego.<br \/>Badanie to s\u0142u\u017cy ocenie czynno\u015bci elektrycznej serca. Umo\u017cliwia rejestracj\u0119 zaburze\u0144 rytmu i przewodnictwa, ocen\u0119 pracy rozrusznika serca oraz nieprawid\u0142owo\u015bci w ukrwieniu mi\u0119\u015bnia sercowego.<\/p>\n<p>Pracownia dysponuje systemem holterowskim firmy Delmar Reynolds.<\/p>\n<div id=\"srodek\">\n<div id=\"pracownia-tomografii-komputerowej-tk\" class=\"mod_article block\">\n<div class=\"ce_text block\">\n<p>Badania tomograficzne pozwalaj\u0105 na wykonywanie zdj\u0119\u0107 przekrojowych. Szpital dysponuje nowym, bardzo nowoczesnym 16 &#8211; rz\u0119dowym tomografem komputerowym Brigh + Sped Elite, kt\u00f3ry posiada pe\u0142ne oprzyrz\u0105dowanie i oprogramowanie, umo\u017cliwiaj\u0105ce przeprowadzanie badania z projekcjami tr\u00f3jwymiarowymi, pozwala na wykonanie bada\u0144 angiograficznych czy bada\u0144 ca\u0142ego cia\u0142a z wykorzystaniem kontrastu lub bez. Aparat umo\u017cliwia wykonania szeregu, tzw. protoko\u0142\u00f3w medycznych, kt\u00f3re spe\u0142niaj\u0105 oczekiwania diagnost\u00f3w r\u00f3\u017cnych specjalno\u015bci.<\/p>\n<p><img loading=\"lazy\" title=\"tl_files\/somatom_spirit.jpg\" src=\"http:\/\/www.szpitalwsremie.pl\/tl_files\/xsomatom_spirit.jpg.pagespeed.ic.dt0kb4eghr.webp\" alt=\"tl_files\/somatom_spirit.jpg\" width=\"400\" height=\"204\" data-pagespeed-url-hash=\"137021843\" \/><\/p>\n<p>W pracowni wykonywane s\u0105 nast\u0119puj\u0105ce badania:<\/p>\n<p>&#8211; KT g\u0142owy,<br \/>&#8211; KT piramid ko\u015bci skroniowych (uszy),<br \/>&#8211; KT zatok obocznych nosa,<br \/>&#8211; KT krtani (szyi),<br \/>&#8211; KT klatki piersiowej,<br \/>&#8211; KT jamy brzusznej,<br \/>&#8211; KT miednicy mniejszej,<br \/>&#8211; KT kr\u0119gos\u0142upa,<br \/>&#8211; KT pozosta\u0142ych ko\u015bci i staw\u00f3w.<\/p>\n<p>Dzi\u0119ki zasosowaniu teleradiologii, istnieje zawsze mozliwo\u015b\u0107 natychmastowego opisania badania przez lekarza &#8211; specjalist\u0119.<\/p>\n<p>Do wszystkich bada\u0144 (r\u00f3wnie\u017c tych pe\u0142nop\u0142atnych przez pacjenta zgodnie z cennikiem) wymagane jest skierowanie od lekarza.<br \/><br \/>Nie wykonujemy bada\u0144 dzieciom poni\u017cej 6 roku \u017cycia.<br \/><br \/>Uwagi:<br \/>&#8211; pacjent do badania zg\u0142asza si\u0119 na czczo (min. 4 godz. przed badaniem),<br \/>&#8211; pacjenci z nadci\u015bnieniem, leki pobieraj\u0105 normalnie,<br \/>&#8211; do badania nale\u017cy zabra\u0107 wyniki bada\u0144 wcze\u015bniejszych (zdj\u0119cia i ich opisy) a do bada\u0144 KT kr\u0119gos\u0142upa zdj\u0119cia RTG badanego odcinka kr\u0119gos\u0142upa.<br \/><br \/><\/p>\n<h4 style=\"text-align: center;\"><span style=\"color: #0000ff;\">Terminy bada\u0144 planowych prosimy ustala\u0107 <span style=\"color: #ff0000;\">OSOBI\u015aCIE<\/span> w rejestracji <\/span><\/h4>\n<h4 style=\"text-align: center;\"><span style=\"color: #0000ff;\">od poniedzia\u0142ku do pi\u0105tku w godz. 7.15 &#8211; 14.00.<\/span><\/h4>\n<p>Badania planowe wykonywane s\u0105:<br \/>&#8211; w poniedzia\u0142ki w godz. 14.00 &#8211; 18.00<br \/>&#8211; \u015brody, pi\u0105tki w godz. 9.00 &#8211; 13.00<br \/><br \/>Badania w trybie pilnym ca\u0142odobowo wykonywane s\u0105 wy\u0142\u0105cznie na podstawie zlecenia z oddzia\u0142u Szpitala w \u015aremie. <br \/><br \/>Wydawanie wynik\u00f3w:<br \/>&#8211; wyniki mo\u017cna odbiera\u0107: w rejestracji od poniedzia\u0142ku do pi\u0105tku w godz. 7.30 &#8211; 14.00, a w pozosta\u0142ych godzinach w wyj\u0105tkowej sytuacji wynik wyda osoba dy\u017curuj\u0105ca w Pracowni<br \/>&#8211; wynik mo\u017ce odebra\u0107 tylko pacjent na podstawie dowodu to\u017csamo\u015bci lub osoba przez niego pisemnie upowa\u017cniona,<br \/>&#8211; wyniki bada\u0144 obrazowych rejestruje si\u0119 na p\u0142ytach CD<br \/>&#8211; mo\u017cna r\u00f3wnie\u017c wykona\u0107 kopi\u0119 pisemnych wynik\u00f3w bada\u0144 za dodatkow\u0105 odp\u0142atno\u015bci\u0105.<br \/><br \/>Pracownia mie\u015bci si\u0119 na parterze Szpitala w korytarzu pracowni diagnostycznych.<\/p>\n<\/div>\n<\/div>\n<\/div>\n<\/div>\n<\/div>\n<\/div>\n\n\n\n<hr class=\"wp-block-separator\" id=\"USG\"\/>\n\n\n\n<div style=\"height:100px\" aria-hidden=\"true\" class=\"wp-block-spacer\"><\/div>\n\n\n\n<figure class=\"wp-block-image\"><img src=\"http:\/\/www.szpitalwsremie.pl\/tl_files\/xusg,P20sonoline.jpg.pagespeed.ic.ONFMmw91LE.webp\" alt=\"tl_files\/usg sonoline.jpg\" title=\"tl_files\/usg sonoline.jpg\"\/><\/figure>\n\n\n\n<div id=\"srodek\">\n<div id=\"proby-wysilkowe\" class=\"mod_article block\">\n<div class=\"ce_text block\">\n<p>Aparat do wykonywania bada\u0144 USG, kt\u00f3rym dysponuje Pracownia, \u0142\u0105czy mo\u017cliwo\u015bci klasycznych, ma\u0142ych przewo\u017anych aparat\u00f3w z zaletami obrazowania metod\u0105 Doplera kolorowego i pulsacyjnego, zwi\u0119kszaj\u0105c przez to zakres zastosowa\u0144 standardowego aparatu ultrasonograficznego. System obrazowania tego urz\u0105dzenia, oparty jest na ca\u0142kowicie cyfrowej technologii przetwarzania sygna\u0142u, pozwalaj\u0105cej uzyskiwa\u0107 najlepszy w tej klasie aparat\u00f3w obraz diagnostyczny. <br \/>Dzi\u0119ki niemu mo\u017cliwe jest przeprowadzanie bada\u0144 urologicznych, ginekologicznych, prenatalnych, kardiologicznych, naczyniowych (badania naczy\u0144 obwodowych i \u017cy\u0142), badania jamy brzusznej, badania ma\u0142ych narz\u0105d\u00f3w (piersi, j\u0105dra, tarczyca), ortopedyczne i endokawitarne. <br \/><br \/>W pracowni wykonywane s\u0105 nast\u0119puj\u0105ce badania u dzieci i doros\u0142ych:<br \/>&#8211; USG jamy brzusznej,<br \/>&#8211; USG tarczycy,<br \/>&#8211; USG szyi,<br \/>&#8211; USG j\u0105der,<br \/>&#8211; USG jam op\u0142ucnej,<br \/><br \/>Do wszystkich bada\u0144 wymagane jest skierowanie lekarskie.<br \/><br \/>Badania ambulatoryjne wykonywane s\u0105 po uprzednim zarejestrowaniu si\u0119 pod numerem 61 281 55 03<br \/>&#8211; we wtorki w godz. 8.00 &#8211; 10.00<br \/>&#8211; w pi\u0105tki w godz. 10.00 &#8211; 11.30<br \/><br \/>Uwaga:<br \/>Badania USG jamy brzusznej wymagaj\u0105 od pacjenta przygotowania &#8211; informacja, w jaki spos\u00f3b nale\u017cy si\u0119 przygotowa\u0107 dost\u0119pna jest w rejestracji. <br \/><br \/>Wydawanie wynik\u00f3w:<br \/>&#8211; wyniki mo\u017cna odbiera\u0107 w rejestracji od poniedzia\u0142ku do pi\u0105tku w godz. 7.30 &#8211; 14.00, a po godzinie 14.00 w wyj\u0105tkowych sytuacjach wyniki wyda osoba pe\u0142ni\u0105ca dy\u017cur w Pracowni,<br \/>&#8211; wynik mo\u017ce odebra\u0107 tylko pacjent na podstawie dowodu to\u017csamo\u015bci lub osoba przez niego pisemnie upowa\u017cniona,<br \/>&#8211; wyniki bada\u0144 obrazowych rejestruje si\u0119 na p\u0142ytach CD,<br \/>&#8211; mo\u017cna r\u00f3wnie\u017c wykona\u0107 kopi\u0119 pisemnych wynik\u00f3w bada\u0144 za dodatkow\u0105 odp\u0142atno\u015bci\u0105.<br \/><br \/>Pracownia mie\u015bci si\u0119 na parterze Szpitala w korytarzu pracowni diagnostycznych.<\/p>\n<p>\u00a0<\/p>\n<\/div>\n<\/div>\n<\/div>\n<\/div><\/div>\n<\/div><\/div><\/section>\n<\/div><\/section>\n\n\n\n<p><\/p>\n","protected":false},"excerpt":{"rendered":"","protected":false},"author":1,"featured_media":3140,"parent":0,"menu_order":0,"comment_status":"closed","ping_status":"closed","template":"template-gutentor-full-width.php","meta":[],"uagb_featured_image_src":{"full":["https:\/\/szpital.hhd.pl\/wp-content\/uploads\/2021\/09\/rysunek-1.svg",50,50,false],"thumbnail":["https:\/\/szpital.hhd.pl\/wp-content\/uploads\/2021\/09\/rysunek-1.svg",150,150,true],"medium":["https:\/\/szpital.hhd.pl\/wp-content\/uploads\/2021\/09\/rysunek-1.svg",300,300,true],"medium_large":["https:\/\/szpital.hhd.pl\/wp-content\/uploads\/2021\/09\/rysunek-1.svg",768,1,true],"large":["https:\/\/szpital.hhd.pl\/wp-content\/uploads\/2021\/09\/rysunek-1.svg",1024,1024,true],"1536x1536":["https:\/\/szpital.hhd.pl\/wp-content\/uploads\/2021\/09\/rysunek-1.svg",50,50,true],"2048x2048":["https:\/\/szpital.hhd.pl\/wp-content\/uploads\/2021\/09\/rysunek-1.svg",50,50,true],"sydney-large-thumb":["https:\/\/szpital.hhd.pl\/wp-content\/uploads\/2021\/09\/rysunek-1.svg",50,50,true],"sydney-medium-thumb":["https:\/\/szpital.hhd.pl\/wp-content\/uploads\/2021\/09\/rysunek-1.svg",50,50,true],"sydney-small-thumb":["https:\/\/szpital.hhd.pl\/wp-content\/uploads\/2021\/09\/rysunek-1.svg",50,50,true],"sydney-service-thumb":["https:\/\/szpital.hhd.pl\/wp-content\/uploads\/2021\/09\/rysunek-1.svg",50,50,true],"sydney-mas-thumb":["https:\/\/szpital.hhd.pl\/wp-content\/uploads\/2021\/09\/rysunek-1.svg",50,50,true]},"uagb_author_info":{"display_name":"zandeckiw","author_link":"https:\/\/szpital.hhd.pl\/?author=1"},"uagb_comment_info":0,"uagb_excerpt":null,"_links":{"self":[{"href":"https:\/\/szpital.hhd.pl\/index.php?rest_route=\/wp\/v2\/pages\/2467"}],"collection":[{"href":"https:\/\/szpital.hhd.pl\/index.php?rest_route=\/wp\/v2\/pages"}],"about":[{"href":"https:\/\/szpital.hhd.pl\/index.php?rest_route=\/wp\/v2\/types\/page"}],"author":[{"embeddable":true,"href":"https:\/\/szpital.hhd.pl\/index.php?rest_route=\/wp\/v2\/users\/1"}],"replies":[{"embeddable":true,"href":"https:\/\/szpital.hhd.pl\/index.php?rest_route=%2Fwp%2Fv2%2Fcomments&post=2467"}],"version-history":[{"count":0,"href":"https:\/\/szpital.hhd.pl\/index.php?rest_route=\/wp\/v2\/pages\/2467\/revisions"}],"wp:featuredmedia":[{"embeddable":true,"href":"https:\/\/szpital.hhd.pl\/index.php?rest_route=\/wp\/v2\/media\/3140"}],"wp:attachment":[{"href":"https:\/\/szpital.hhd.pl\/index.php?rest_route=%2Fwp%2Fv2%2Fmedia&parent=2467"}],"curies":[{"name":"wp","href":"https:\/\/api.w.org\/{rel}","templated":true}]}}