{"id":2481,"date":"2021-06-29T09:41:23","date_gmt":"2021-06-29T07:41:23","guid":{"rendered":"https:\/\/szpital.hhd.pl\/?page_id=2481"},"modified":"2021-06-29T09:41:23","modified_gmt":"2021-06-29T07:41:23","slug":"centralna-sterylizatornia","status":"publish","type":"page","link":"https:\/\/szpital.hhd.pl\/?page_id=2481","title":{"rendered":"Centralna Sterylizatornia"},"content":{"rendered":"\n<\/div><\/div><\/div><\/div>\n<style>\n.page-wrap {\n    padding-bottom: 0px;\n}\n<\/style>\n<div class=\"everyPageHead\">\n\n\n\n<section id=\"everyPageHead\" class=\"wp-block-gutentor-m3 section-gm5860c6a gutentor-module gutentor-container-cover has-image-bg has-custom-bg has-gutentor-block-shape-top has-gutentor-block-shape-bottom\"><div class=\"gutentor-block-shape-top\"><span><svg viewBox=\"0 0 1280 140\" preserveAspectRatio=\"none\" xmlns=\"http:\/\/www.w3.org\/2000\/svg\"><g><path d=\"M0 47.44L170 0l626.48 94.89L1110 87.11l170-39.67V140H0V47.44z\" fill-opacity=\".5\" style=\"fill-rule:evenodd; transform: rotate(180deg); transform-origin:50% 50%;\"\/><path d=\"M0 90.72l140-28.28 315.52 24.14L796.48 65.8 1140 104.89l140-14.17V140H0V90.72z\" style=\"fill-rule:evenodd; transform: rotate(180deg); transform-origin:50% 50%;\"\/><\/g><\/svg><\/span><\/div><div class=\"grid-container\">\n<div style=\"height:200px\" aria-hidden=\"true\" class=\"wp-block-spacer\"><\/div>\n\n\n\n<div id=\"section-g5cf37c\" class=\"wp-block-gutentor-e1 section-g5cf37c gutentor-element gutentor-element-advanced-text text-align-center-desktop\"><div class=\"gutentor-text-wrap\"><h1 class=\"gutentor-text\"><strong>Centralna Sterylizatornia<\/strong><\/h1><\/div><\/div>\n\n\n\n<div style=\"height:200px\" aria-hidden=\"true\" class=\"wp-block-spacer\"><\/div>\n<\/div><div class=\"gutentor-block-shape-bottom\"><span><svg viewBox=\"0 0 1280 140\" preserveAspectRatio=\"none\" xmlns=\"http:\/\/www.w3.org\/2000\/svg\"><g><path d=\"M0 47.44L170 0l626.48 94.89L1110 87.11l170-39.67V140H0V47.44z\" fill-opacity=\".5\" style=\"fill-rule:evenodd; transform: rotate(180deg); transform-origin:50% 50%;\"\/><path d=\"M0 90.72l140-28.28 315.52 24.14L796.48 65.8 1140 104.89l140-14.17V140H0V90.72z\" style=\"fill-rule:evenodd; transform: rotate(180deg); transform-origin:50% 50%;\"\/><\/g><\/svg><\/span><\/div><\/section>\n\n\n\n<\/div>\n<div class=\"container content-wrapper\">\n<div class=\"row>\n<div id=\"primary\" class=\"fp-content-area\">\n<div class=\"entry-content\">\n\n\n<p>W szpitalu \u00a0dzia\u0142a nowoczesna <strong>Centralna Sterylizatornia<\/strong> wyposa\u017cona w najnowocze\u015bniejszy sprz\u0119t do dezynfekcji i sterylizacji: myjnie-dezynfektory, myjni\u0119 ultrad\u017awi\u0119kow\u0105 oraz sterylizatory.<\/p>\n<p><img loading=\"lazy\" title=\"tl_files\/sterylizatornia1.jpg\" src=\"http:\/\/www.szpitalwsremie.pl\/tl_files\/xsterylizatornia1.jpg.pagespeed.ic.i1Gdxbpgb8.webp\" alt=\"tl_files\/sterylizatornia1.jpg\" width=\"320\" height=\"239\" data-pagespeed-url-hash=\"1156279308\" \/><\/p>\n<p>Sterylizacja jest technologi\u0105 niezb\u0119dn\u0105 dla bezpiecze\u0144stwa sanitarnego pacjenta. W wyniku sterylizacji otrzymywany jest materia\u0142 sterylny, teoretycznie ca\u0142kowicie wolny od zdolnych do \u017cycia drobnoustroj\u00f3w. W praktyce, materia\u0142 sterylny definiowany jest jako taki, dla kt\u00f3rego prawdopodobie\u0144stwo niesterylno\u015bci wynosi 1 : 1 000 000.<\/p>\n<p><img loading=\"lazy\" title=\"tl_files\/sterylizatornia4.jpg\" src=\"http:\/\/www.szpitalwsremie.pl\/tl_files\/xsterylizatornia4.jpg.pagespeed.ic.iTjJDruTCb.webp\" alt=\"tl_files\/sterylizatornia4.jpg\" width=\"320\" height=\"239\" data-pagespeed-url-hash=\"2039779071\" \/><\/p>\n<p>W \u015bremskim szpitalu Centralna Sterylizatornia wykonana zosta\u0142a wg najwy\u017cszych standard\u00f3w. <br \/>Podzielona jest na stref\u0119 brudn\u0105, czyst\u0105 oraz steryln\u0105. Fizyczny rozdzia\u0142 stref sanitarnych Centralnej Sterylizatorni jest warunkiem koniecznym do unikni\u0119cia mo\u017cliwo\u015bci kontaminacji materia\u0142u sterylnego. <br \/>Nieodzownym elementem pomieszcze\u0144 pracowni jest ich wentylacja, kt\u00f3ra gwarantuje przep\u0142yw powietrza od strefy sterylnej do strefy brudnej oraz utrzymanie wilgotno\u015bci powietrza na odpowiednim poziomie, powinna ona by\u0107 niska, w celu zapobie\u017cenia powstawania warunk\u00f3w korzystnych dla rozwoju mikroorganizm\u00f3w. W tym celu wydzielona zosta\u0142a wentylatornia. Pracownia wyposa\u017cona jest r\u00f3wnie\u017c w stacj\u0119 uzdatniania wody.<\/p>\n<p><img loading=\"lazy\" title=\"tl_files\/sterylizatornia2.jpg\" src=\"http:\/\/www.szpitalwsremie.pl\/tl_files\/xsterylizatornia2.jpg.pagespeed.ic.HtRU0Y-kjW.webp\" alt=\"tl_files\/sterylizatornia2.jpg\" width=\"320\" height=\"239\" data-pagespeed-url-hash=\"1450779229\" \/><\/p>\n<p>Pracuj\u0105cy w Centralnej Sterylizatorni personel jest przeszkolony w zakresie zasad aseptyki i antyseptyki, obs\u0142ugi urz\u0105dze\u0144 i w post\u0119powaniu ze sprz\u0119tem i materia\u0142ami przekazywanymi do Sterylizatorni.<br \/><br \/><\/p>\n<h3>Centralna Sterylizatornia \u015bwiadczy us\u0142ugi bezp\u0142atnie na potrzeby Szpitala oraz odp\u0142atnie dla niepublicznych zak\u0142ad\u00f3w opieki zdrowotnej, gabinet\u00f3w prywatnych, sp\u00f3\u0142ek lekarskich i piel\u0119gniarskich.<\/h3>\n<p><br \/>Zapewniamy, \u017ce us\u0142ugi \u015bwiadczone przez Centraln\u0105 Sterylizatorni\u0119 s\u0105 na najwy\u017cszym poziomie jako\u015bciowym, odpowiadaj\u0105 normom i przepisom, kt\u00f3rym towarzyszy pe\u0142en monitoring i dokumentacja procesu sterylizacji.<br \/><br \/>By dowiedzie\u0107 si\u0119 wi\u0119cej prosimy o kontakt z pracownikiem Centralnej Steryzlizatorni tel.61 281 55 19.<br \/>Godziny pracy: poniedzia\u0142ek &#8211; pi\u0105tek w godz. 6.00 &#8211; 18.00<\/p>\n<p><img loading=\"lazy\" title=\"tl_files\/sterylizatornia3.jpg\" src=\"http:\/\/www.szpitalwsremie.pl\/tl_files\/xsterylizatornia3.jpg.pagespeed.ic.41eX3oyW16.webp\" alt=\"tl_files\/sterylizatornia3.jpg\" width=\"320\" height=\"239\" data-pagespeed-url-hash=\"1745279150\" \/><\/p>\n<p>Centralna Sterylizatornia mie\u015bci si\u0119 na II pi\u0119trze Szpitala. Wej\u015bcie naprzeciw Szatni Szpitala.<\/p>\n<p><img loading=\"lazy\" title=\"tl_files\/sterylizatornia5.jpg\" src=\"http:\/\/www.szpitalwsremie.pl\/tl_files\/xsterylizatornia5.jpg.pagespeed.ic.39diPiT9Jf.webp\" alt=\"tl_files\/sterylizatornia5.jpg\" width=\"320\" height=\"239\" data-pagespeed-url-hash=\"2334278992\" \/><\/p>\n<p>Serdecznie zapraszamy.<\/p>","protected":false},"excerpt":{"rendered":"","protected":false},"author":1,"featured_media":3140,"parent":0,"menu_order":0,"comment_status":"closed","ping_status":"closed","template":"template-gutentor-full-width.php","meta":[],"uagb_featured_image_src":{"full":["https:\/\/szpital.hhd.pl\/wp-content\/uploads\/2021\/09\/rysunek-1.svg",50,50,false],"thumbnail":["https:\/\/szpital.hhd.pl\/wp-content\/uploads\/2021\/09\/rysunek-1.svg",150,150,true],"medium":["https:\/\/szpital.hhd.pl\/wp-content\/uploads\/2021\/09\/rysunek-1.svg",300,300,true],"medium_large":["https:\/\/szpital.hhd.pl\/wp-content\/uploads\/2021\/09\/rysunek-1.svg",768,1,true],"large":["https:\/\/szpital.hhd.pl\/wp-content\/uploads\/2021\/09\/rysunek-1.svg",1024,1024,true],"1536x1536":["https:\/\/szpital.hhd.pl\/wp-content\/uploads\/2021\/09\/rysunek-1.svg",50,50,true],"2048x2048":["https:\/\/szpital.hhd.pl\/wp-content\/uploads\/2021\/09\/rysunek-1.svg",50,50,true],"sydney-large-thumb":["https:\/\/szpital.hhd.pl\/wp-content\/uploads\/2021\/09\/rysunek-1.svg",50,50,true],"sydney-medium-thumb":["https:\/\/szpital.hhd.pl\/wp-content\/uploads\/2021\/09\/rysunek-1.svg",50,50,true],"sydney-small-thumb":["https:\/\/szpital.hhd.pl\/wp-content\/uploads\/2021\/09\/rysunek-1.svg",50,50,true],"sydney-service-thumb":["https:\/\/szpital.hhd.pl\/wp-content\/uploads\/2021\/09\/rysunek-1.svg",50,50,true],"sydney-mas-thumb":["https:\/\/szpital.hhd.pl\/wp-content\/uploads\/2021\/09\/rysunek-1.svg",50,50,true]},"uagb_author_info":{"display_name":"zandeckiw","author_link":"https:\/\/szpital.hhd.pl\/?author=1"},"uagb_comment_info":0,"uagb_excerpt":null,"_links":{"self":[{"href":"https:\/\/szpital.hhd.pl\/index.php?rest_route=\/wp\/v2\/pages\/2481"}],"collection":[{"href":"https:\/\/szpital.hhd.pl\/index.php?rest_route=\/wp\/v2\/pages"}],"about":[{"href":"https:\/\/szpital.hhd.pl\/index.php?rest_route=\/wp\/v2\/types\/page"}],"author":[{"embeddable":true,"href":"https:\/\/szpital.hhd.pl\/index.php?rest_route=\/wp\/v2\/users\/1"}],"replies":[{"embeddable":true,"href":"https:\/\/szpital.hhd.pl\/index.php?rest_route=%2Fwp%2Fv2%2Fcomments&post=2481"}],"version-history":[{"count":0,"href":"https:\/\/szpital.hhd.pl\/index.php?rest_route=\/wp\/v2\/pages\/2481\/revisions"}],"wp:featuredmedia":[{"embeddable":true,"href":"https:\/\/szpital.hhd.pl\/index.php?rest_route=\/wp\/v2\/media\/3140"}],"wp:attachment":[{"href":"https:\/\/szpital.hhd.pl\/index.php?rest_route=%2Fwp%2Fv2%2Fmedia&parent=2481"}],"curies":[{"name":"wp","href":"https:\/\/api.w.org\/{rel}","templated":true}]}}