{"id":2487,"date":"2021-06-29T09:57:36","date_gmt":"2021-06-29T07:57:36","guid":{"rendered":"https:\/\/szpital.hhd.pl\/?page_id=2487"},"modified":"2021-06-29T09:57:36","modified_gmt":"2021-06-29T07:57:36","slug":"pracownia-rezonansu-magnetycznego-nzoz-nestor-medical","status":"publish","type":"page","link":"https:\/\/szpital.hhd.pl\/?page_id=2487","title":{"rendered":"Pracownia Rezonansu Magnetycznego &#8211; NZOZ &#8222;Nestor Medical&#8221;"},"content":{"rendered":"\n<\/div><\/div><\/div><\/div>\n<style>\n.page-wrap {\n    padding-bottom: 0px;\n}\n<\/style>\n<div class=\"everyPageHead\">\n\n\n\n<section id=\"everyPageHead\" class=\"wp-block-gutentor-m3 section-gm4889803 gutentor-module gutentor-container-cover has-image-bg has-custom-bg has-gutentor-block-shape-top has-gutentor-block-shape-bottom\"><div class=\"gutentor-block-shape-top\"><span><svg viewBox=\"0 0 1280 140\" preserveAspectRatio=\"none\" xmlns=\"http:\/\/www.w3.org\/2000\/svg\"><g><path d=\"M0 47.44L170 0l626.48 94.89L1110 87.11l170-39.67V140H0V47.44z\" fill-opacity=\".5\" style=\"fill-rule:evenodd; transform: rotate(180deg); transform-origin:50% 50%;\"\/><path d=\"M0 90.72l140-28.28 315.52 24.14L796.48 65.8 1140 104.89l140-14.17V140H0V90.72z\" style=\"fill-rule:evenodd; transform: rotate(180deg); transform-origin:50% 50%;\"\/><\/g><\/svg><\/span><\/div><div class=\"grid-container\">\n<div style=\"height:200px\" aria-hidden=\"true\" class=\"wp-block-spacer\"><\/div>\n\n\n\n<div id=\"section-g195c55\" class=\"wp-block-gutentor-e1 section-g195c55 gutentor-element gutentor-element-advanced-text text-align-center-desktop\"><div class=\"gutentor-text-wrap\"><h1 class=\"gutentor-text\"><strong>Pracownia Rezonansu Magnetycznego &#8211; NZOZ &#8222;Nestor Medical&#8221;<\/strong><\/h1><\/div><\/div>\n\n\n\n<div style=\"height:200px\" aria-hidden=\"true\" class=\"wp-block-spacer\"><\/div>\n<\/div><div class=\"gutentor-block-shape-bottom\"><span><svg viewBox=\"0 0 1280 140\" preserveAspectRatio=\"none\" xmlns=\"http:\/\/www.w3.org\/2000\/svg\"><g><path d=\"M0 47.44L170 0l626.48 94.89L1110 87.11l170-39.67V140H0V47.44z\" fill-opacity=\".5\" style=\"fill-rule:evenodd; transform: rotate(180deg); transform-origin:50% 50%;\"\/><path d=\"M0 90.72l140-28.28 315.52 24.14L796.48 65.8 1140 104.89l140-14.17V140H0V90.72z\" style=\"fill-rule:evenodd; transform: rotate(180deg); transform-origin:50% 50%;\"\/><\/g><\/svg><\/span><\/div><\/section>\n\n\n\n<\/div>\n<div class=\"container content-wrapper\">\n<div class=\"row>\n<div id=\"primary\" class=\"fp-content-area\">\n<div class=\"entry-content\">\n\n\n<div>\n<p>&#8222;Nestor Medical&#8221; Us\u0142ugi Medyczne Trepka i Wsp\u00f3lnicy Sp.J. zarz\u0105dza pracowni\u0105 rezonansu magnetycznego przy Szpitalu Powiatowym im. Tadeusza Mali\u0144skiego w \u015aremie sp. z o.o.<\/p>\n<p>Wykonywane s\u0105 tu badania dla pacjent\u00f3w ambulatoryjnych w ramach \u015bwiadcze\u0144 Narodowego Funduszu Zdrowia, pacjent\u00f3w szpitalnych oraz odp\u0142atnie.<\/p>\n<p><br \/>Pracownia zosta\u0142a wyposa\u017cona w dwa wysokiej klasy urz\u0105dzenia: 1,5T Rezonans Magnetyczny Signa Creator firmy GE oraz 0,2 T system otwarty Airis Mate firmy Hitachi.<br \/><br \/>W Pracowni wykonywany jest szeroki zakres bada\u0144:<\/p>\n<\/div>\n<p>&#8211; g\u0142owy, przysadki, zatok,<br \/>&#8211; jamy brzusznej,<br \/>&#8211; miednicy,- kr\u0119gos\u0142upa szyjnego, piersiowego, l\u0119d\u017awiowo-krzy\u017cowego,<br \/>&#8211; badania staw\u00f3w ko\u0144czyn g\u00f3rnych: barkowego, \u0142okciowego, nadgarstka,<br \/>&#8211; badania staw\u00f3w ko\u0144czyn dolnych: biodrowego, kolanowego, skokowego, stopy.<\/p>\n<p><br \/>Przeciwwskazaniem wzgl\u0119dnym do badania s\u0105:<br \/>&#8211; endoproteza lub inne wszczepione metale (informacje o tym, jaki rodzaj metalu zosta\u0142 wszczepiony lub u\u017cyty w trakcie leczenia, nale\u017cy uzyska\u0107 w o\u015brodku lecz\u0105cym).<br \/><br \/>Przeciwwskazaniem bezwzgl\u0119dnym do badania s\u0105:<br \/>&#8211; rozrusznik serca, defibrylator-kardiowerter, sztuczna zastawka serca,<\/p>\n<p>&#8211; elektroniczne implanty, neurostymulatory, metalowe elementy stabilizuj\u0105ce stawy i ko\u015bci<br \/><br \/>&#8211; metalowe gwo\u017adzie ortopedyczne, szwy chirurgiczne z drutu<br \/><br \/>&#8211; ci\u0105\u017ca<br \/><br \/>&#8211; waga pacjenta przekraczaj\u0105ca 130kg<br \/><br \/>Przygotowanie do badania NMR<\/p>\n<p><strong>Nale\u017cy:<\/strong><\/p>\n<p>&#8211; zabra\u0107 na zmian\u0119 odzie\u017c wierzchni\u0105 nieposiadaj\u0105c\u0105 element\u00f3w metalowych \u2013 leginsy, spodnie na gumce, t-shirt -zabra\u0107 dokumentacj\u0119 medyczn\u0105 zwi\u0105zan\u0105 z obszarem badania<\/p>\n<p>&#8211; zwa\u017cy\u0107 si\u0119<br \/>&#8211; je\u015bli pacjent przyjmuje na sta\u0142e leki, w dniu badania powinien przyj\u0105\u0107 je zgodnie z zaleceniami lekarza prowadz\u0105cego<\/p>\n<p>Do badania z kontrastem pacjent powinien posiada\u0107<strong> wynik kreatyniny wykonany w laboratorium nie p\u00f3\u017aniej jak 7 dni<\/strong> przed wyznaczonym terminem badania.<\/p>\n<p>O podaniu \u015brodka kontrastowego decyduje lekarz radiolog w oparciu o wskazania diagnostyczne, histori\u0119 chorobow\u0105 pacjenta oraz wyniki laboratoryjne.<\/p>\n<p>Do badania z kontrastem pacjent powinien by\u0107 na czczo do czterech godzin, ale nale\u017cy nawadnia\u0107 organizm.<\/p>\n<p>W przypadku badania miednicy pacjent powinien mie\u0107 pe\u0142ny p\u0119cherz moczowy.<\/p>\n<p>Wi\u0119cej szczeg\u00f3\u0142\u00f3w dost\u0119pne s\u0105 na stronie plac\u00f3wki<a href=\"http:\/\/www.nestormedical.pl\/\"> www.nestormedical.pl<\/a><\/p>\n<p>w zak\u0142adce<\/p>\n<p><strong>JAK PRZYGOTOWA\u0106 SI\u0118 NA BADANIE REZONANSEM MAGNETYCZNYM<\/strong><\/p>\n<p>oraz w rejestracji plac\u00f3wki<\/p>\n<p>od poniedzia\u0142ku do pi\u0105tku, pod numerem: 612 815 650 lub 795 566 66.<\/p>\n<p><strong>Jeste\u015bmy na facebooku i grouponie!<\/strong><\/p>\n\n\n<div id=\"section-g22f259\" class=\"wp-block-gutentor-e6 section-g22f259 gutentor-element gutentor-element-image\"><div class=\"gutentor-element-image-box\"><div class=\"gutentor-image-thumb\"><img class=\"normal-image\" src=\"https:\/\/szpital.hhd.pl\/wp-content\/uploads\/2021\/06\/403x580xPrac.P20Rez.P20Madn..jpg.pagespeed.ic_.dLLdyKhwO9.jpg\"\/><\/div><\/div><\/div>\n","protected":false},"excerpt":{"rendered":"","protected":false},"author":1,"featured_media":3140,"parent":0,"menu_order":0,"comment_status":"closed","ping_status":"closed","template":"template-gutentor-full-width.php","meta":[],"uagb_featured_image_src":{"full":["https:\/\/szpital.hhd.pl\/wp-content\/uploads\/2021\/09\/rysunek-1.svg",50,50,false],"thumbnail":["https:\/\/szpital.hhd.pl\/wp-content\/uploads\/2021\/09\/rysunek-1.svg",150,150,true],"medium":["https:\/\/szpital.hhd.pl\/wp-content\/uploads\/2021\/09\/rysunek-1.svg",300,300,true],"medium_large":["https:\/\/szpital.hhd.pl\/wp-content\/uploads\/2021\/09\/rysunek-1.svg",768,1,true],"large":["https:\/\/szpital.hhd.pl\/wp-content\/uploads\/2021\/09\/rysunek-1.svg",1024,1024,true],"1536x1536":["https:\/\/szpital.hhd.pl\/wp-content\/uploads\/2021\/09\/rysunek-1.svg",50,50,true],"2048x2048":["https:\/\/szpital.hhd.pl\/wp-content\/uploads\/2021\/09\/rysunek-1.svg",50,50,true],"sydney-large-thumb":["https:\/\/szpital.hhd.pl\/wp-content\/uploads\/2021\/09\/rysunek-1.svg",50,50,true],"sydney-medium-thumb":["https:\/\/szpital.hhd.pl\/wp-content\/uploads\/2021\/09\/rysunek-1.svg",50,50,true],"sydney-small-thumb":["https:\/\/szpital.hhd.pl\/wp-content\/uploads\/2021\/09\/rysunek-1.svg",50,50,true],"sydney-service-thumb":["https:\/\/szpital.hhd.pl\/wp-content\/uploads\/2021\/09\/rysunek-1.svg",50,50,true],"sydney-mas-thumb":["https:\/\/szpital.hhd.pl\/wp-content\/uploads\/2021\/09\/rysunek-1.svg",50,50,true]},"uagb_author_info":{"display_name":"zandeckiw","author_link":"https:\/\/szpital.hhd.pl\/?author=1"},"uagb_comment_info":0,"uagb_excerpt":null,"_links":{"self":[{"href":"https:\/\/szpital.hhd.pl\/index.php?rest_route=\/wp\/v2\/pages\/2487"}],"collection":[{"href":"https:\/\/szpital.hhd.pl\/index.php?rest_route=\/wp\/v2\/pages"}],"about":[{"href":"https:\/\/szpital.hhd.pl\/index.php?rest_route=\/wp\/v2\/types\/page"}],"author":[{"embeddable":true,"href":"https:\/\/szpital.hhd.pl\/index.php?rest_route=\/wp\/v2\/users\/1"}],"replies":[{"embeddable":true,"href":"https:\/\/szpital.hhd.pl\/index.php?rest_route=%2Fwp%2Fv2%2Fcomments&post=2487"}],"version-history":[{"count":0,"href":"https:\/\/szpital.hhd.pl\/index.php?rest_route=\/wp\/v2\/pages\/2487\/revisions"}],"wp:featuredmedia":[{"embeddable":true,"href":"https:\/\/szpital.hhd.pl\/index.php?rest_route=\/wp\/v2\/media\/3140"}],"wp:attachment":[{"href":"https:\/\/szpital.hhd.pl\/index.php?rest_route=%2Fwp%2Fv2%2Fmedia&parent=2487"}],"curies":[{"name":"wp","href":"https:\/\/api.w.org\/{rel}","templated":true}]}}