{"id":998,"date":"2021-05-06T08:13:03","date_gmt":"2021-05-06T06:13:03","guid":{"rendered":"https:\/\/szpital.hhd.pl\/?page_id=998"},"modified":"2021-09-10T14:30:45","modified_gmt":"2021-09-10T12:30:45","slug":"aktualnosci","status":"publish","type":"page","link":"https:\/\/szpital.hhd.pl\/?page_id=998","title":{"rendered":"Aktualno\u015bci"},"content":{"rendered":"\n<\/div><\/div><\/div><\/div>\n<style>\n.page-wrap {\n    padding-bottom: 0px;\n}\n<\/style>\n<div class=\"everyPageHead\">\n\n\n\n<section id=\"everyPageHead\" class=\"wp-block-gutentor-m3 section-gm783aafa gutentor-module gutentor-container-cover has-image-bg has-custom-bg has-gutentor-block-shape-top has-gutentor-block-shape-bottom\"><div class=\"gutentor-block-shape-top\"><span><svg viewBox=\"0 0 1280 140\" preserveAspectRatio=\"none\" xmlns=\"http:\/\/www.w3.org\/2000\/svg\"><g><path d=\"M0 47.44L170 0l626.48 94.89L1110 87.11l170-39.67V140H0V47.44z\" fill-opacity=\".5\" style=\"fill-rule:evenodd; transform: rotate(180deg); transform-origin:50% 50%;\"\/><path d=\"M0 90.72l140-28.28 315.52 24.14L796.48 65.8 1140 104.89l140-14.17V140H0V90.72z\" style=\"fill-rule:evenodd; transform: rotate(180deg); transform-origin:50% 50%;\"\/><\/g><\/svg><\/span><\/div><div class=\"grid-container\">\n<div id=\"section-g1bbae7\" class=\"wp-block-gutentor-e1 section-g1bbae7 gutentor-element gutentor-element-advanced-text text-align-center-desktop\"><div class=\"gutentor-text-wrap\"><h1 class=\"gutentor-text\"><strong>Aktualno\u015bci<\/strong><\/h1><\/div><\/div>\n<\/div><div class=\"gutentor-block-shape-bottom\"><span><svg viewBox=\"0 0 1280 140\" preserveAspectRatio=\"none\" xmlns=\"http:\/\/www.w3.org\/2000\/svg\"><g><path d=\"M0 47.44L170 0l626.48 94.89L1110 87.11l170-39.67V140H0V47.44z\" fill-opacity=\".5\" style=\"fill-rule:evenodd; transform: rotate(180deg); transform-origin:50% 50%;\"\/><path d=\"M0 90.72l140-28.28 315.52 24.14L796.48 65.8 1140 104.89l140-14.17V140H0V90.72z\" style=\"fill-rule:evenodd; transform: rotate(180deg); transform-origin:50% 50%;\"\/><\/g><\/svg><\/span><\/div><\/section>\n\n\n\n<\/div>\n<div class=\"container content-wrapper\">\n<div class=\"row>\n<div id=\"primary\" class=\"fp-content-area\">\n<div class=\"entry-content\">\n\n\n\n<section id=\"g6affbc\" class=\"wp-block-gutentor-p4 section-g6affbc gutentor-post-module gutentor-advanced-post-module\" data-gpid=\"998\" data-l-ani=\"gp4-animation-1\" data-i-b=\"gutentor\/p1\" data-maxnumpages=\"15\">\n<div id=\"section-g2eb5ef\" class=\"wp-block-gutentor-e16 section-g2eb5ef gutentor-element gutentor-post-header\"><div class=\"grid-container\"><div class=\"grid-row\">\n<div id=\"col-gmab334b\" class=\"wp-block-gutentor-e15 gutentor-single-column  grid-lg-6 grid-md-6 grid-6\"><div id=\"section-gmab334b\" class=\"section-gmab334b gutentor-col-wrap\">\n<div id=\"section-gdb1c63\" class=\"wp-block-gutentor-e14 section-gdb1c63 gutentor-element gutentor-element-term-filter text-align-left-mobile\"><div class=\"gutentor-filter-navigation\" data-gtax=\"\" data-gpost=\"aktualnosci\"><div class=\"gutentor-filter-wrap\"><ul class=\"gutentor-filter-list g-responsive-menu\"><li class=\"gutentor-filter-item\"><a href=\"#\" class=\"g-active\" data-gterm=\"gAll\" data-all-opt=\"all\">Poka\u017c wszystkie&#8230;<\/a><\/li><\/ul><\/div><\/div><\/div>\n<\/div><\/div>\n\n\n\n<div id=\"col-gmcc3730\" class=\"wp-block-gutentor-e15 gutentor-single-column  grid-lg-6 grid-md-6 grid-6\"><div id=\"section-gmcc3730\" class=\"section-gmcc3730 gutentor-col-wrap\">\n<div id=\"section-g4deba2\" class=\"wp-block-gutentor-e21 section-g4deba2 gutentor-element g-e-search g-has-icon\"><input type=\"text\" class=\"g-fm-search\" placeholder=\"\"\/><button class=\"g-search-icon fas fa-search\" type=\"submit\"><\/button><\/div>\n<\/div><\/div>\n<\/div><\/div><\/div>\n\n\n<section class=\"gutentor-post-module section-74ce2ec5-a03e-44e8-be50-197251a3c6f4 gutentor-post-module-p1 gutentor_p1_template1 wp-block-gutentor-p1  gutentor-enabled-width gutentor-blog-list\" id=\"74ce2ec5-a03e-44e8-be50-197251a3c6f4\" data-gbid=\"74ce2ec5-a03e-44e8-be50-197251a3c6f4\" >\n<div class='grid-container'><div class='grid-row' ><article class='gutentor-post  grid-lg-12 grid-md-12 grid-12'><div class=\"gutentor-post-item\"><div class='gutentor-post-image-box'><a class=\"gutentor-post-image-link \" href=\"https:\/\/szpital.hhd.pl\/?aktualnosci=testowa-aktualnosc\"  rel=\"noopener noreferrer\"><div class=\"gutentor-image-thumb\"><img width=\"150\" height=\"84\" src=\"https:\/\/szpital.hhd.pl\/wp-content\/uploads\/2021\/09\/Bez-tytulu-150x84.png\" class=\"attachment-thumbnail size-thumbnail wp-post-image\" alt=\"\" loading=\"lazy\" srcset=\"https:\/\/szpital.hhd.pl\/wp-content\/uploads\/2021\/09\/Bez-tytulu-150x84.png 150w, https:\/\/szpital.hhd.pl\/wp-content\/uploads\/2021\/09\/Bez-tytulu-300x169.png 300w, https:\/\/szpital.hhd.pl\/wp-content\/uploads\/2021\/09\/Bez-tytulu-1024x576.png 1024w, https:\/\/szpital.hhd.pl\/wp-content\/uploads\/2021\/09\/Bez-tytulu-768x432.png 768w, https:\/\/szpital.hhd.pl\/wp-content\/uploads\/2021\/09\/Bez-tytulu-830x467.png 830w, https:\/\/szpital.hhd.pl\/wp-content\/uploads\/2021\/09\/Bez-tytulu-230x129.png 230w, https:\/\/szpital.hhd.pl\/wp-content\/uploads\/2021\/09\/Bez-tytulu-350x197.png 350w, https:\/\/szpital.hhd.pl\/wp-content\/uploads\/2021\/09\/Bez-tytulu-480x270.png 480w, https:\/\/szpital.hhd.pl\/wp-content\/uploads\/2021\/09\/Bez-tytulu.png 1152w\" sizes=\"(max-width: 150px) 100vw, 150px\" \/><\/div><\/a><\/div><div class=\"gutentor-post-content\"><div class=\"gutentor-post-title-data-wrap\"><h3 class=\"gutentor-post-title\"><a href=\"https:\/\/szpital.hhd.pl\/?aktualnosci=testowa-aktualnosc\" rel=\"bookmark\">testowa aktualnosc<\/a><\/h3><\/div><div class=\"gutentor-entry-meta gutentor-entry-meta-primary\"><div class=\"author vcard\"><i class=\"far fa-user\"><\/i><a href=\"https:\/\/szpital.hhd.pl\/?aktualnosci=testowa-aktualnosc\" rel=\"bookmark\">Test User<\/a><\/div><div class=\"posted-on\"><i class=\"far fa-calendar-alt\"><\/i><a href=\"https:\/\/szpital.hhd.pl\/?aktualnosci=testowa-aktualnosc\" rel=\"bookmark\">2021-09-30<\/a><\/div><\/div><div class=\"gutentor-post-desc\">test123\r\n\r\nyutyutyyutyutyu\r\nsdasd&hellip;<\/div><\/div><\/div><\/article><article class='gutentor-post  grid-lg-12 grid-md-12 grid-12'><div class=\"gutentor-post-item\"><div class='gutentor-post-image-box'><a class=\"gutentor-post-image-link \" href=\"https:\/\/szpital.hhd.pl\/?aktualnosci=festyn-w-ramach-narodowego-programu-szczepien\"  rel=\"noopener noreferrer\"><div class=\"gutentor-image-thumb\"><img width=\"150\" height=\"150\" src=\"https:\/\/szpital.hhd.pl\/wp-content\/uploads\/2021\/09\/rysunek-1.svg\" class=\"attachment-thumbnail default-featured-img\" alt=\"\" loading=\"lazy\" srcset=\"https:\/\/szpital.hhd.pl\/wp-content\/uploads\/\/2021\/09\/rysunek-1.svg 150w, https:\/\/szpital.hhd.pl\/wp-content\/uploads\/\/2021\/09\/rysunek-1.svg 300w, https:\/\/szpital.hhd.pl\/wp-content\/uploads\/\/2021\/09\/rysunek-1.svg 1024w, https:\/\/szpital.hhd.pl\/wp-content\/uploads\/\/2021\/09\/rysunek-1.svg 50w\" sizes=\"(max-width: 150px) 100vw, 150px\" \/><\/div><\/a><\/div><div class=\"gutentor-post-content\"><div class=\"gutentor-post-title-data-wrap\"><h3 class=\"gutentor-post-title\"><a href=\"https:\/\/szpital.hhd.pl\/?aktualnosci=festyn-w-ramach-narodowego-programu-szczepien\" rel=\"bookmark\">Festyn w ramach Narodowego Programu Szczepie\u0144<\/a><\/h3><\/div><div class=\"gutentor-entry-meta gutentor-entry-meta-primary\"><div class=\"author vcard\"><i class=\"far fa-user\"><\/i><a href=\"https:\/\/szpital.hhd.pl\/?aktualnosci=festyn-w-ramach-narodowego-programu-szczepien\" rel=\"bookmark\">zandeckiw<\/a><\/div><div class=\"posted-on\"><i class=\"far fa-calendar-alt\"><\/i><a href=\"https:\/\/szpital.hhd.pl\/?aktualnosci=festyn-w-ramach-narodowego-programu-szczepien\" rel=\"bookmark\">2021-09-08<\/a><\/div><\/div><div class=\"gutentor-post-desc\"><\/div><\/div><\/div><\/article><article class='gutentor-post  grid-lg-12 grid-md-12 grid-12'><div class=\"gutentor-post-item\"><div class='gutentor-post-image-box'><a class=\"gutentor-post-image-link \" href=\"https:\/\/szpital.hhd.pl\/?aktualnosci=decyzja-wojewody-wielkopolskiego-o-dopuszczeniu-odwiedzin-pacjentow\"  rel=\"noopener noreferrer\"><div class=\"gutentor-image-thumb\"><img width=\"150\" height=\"150\" src=\"https:\/\/szpital.hhd.pl\/wp-content\/uploads\/2021\/09\/rysunek-1.svg\" class=\"attachment-thumbnail default-featured-img\" alt=\"\" loading=\"lazy\" srcset=\"https:\/\/szpital.hhd.pl\/wp-content\/uploads\/\/2021\/09\/rysunek-1.svg 150w, https:\/\/szpital.hhd.pl\/wp-content\/uploads\/\/2021\/09\/rysunek-1.svg 300w, https:\/\/szpital.hhd.pl\/wp-content\/uploads\/\/2021\/09\/rysunek-1.svg 1024w, https:\/\/szpital.hhd.pl\/wp-content\/uploads\/\/2021\/09\/rysunek-1.svg 50w\" sizes=\"(max-width: 150px) 100vw, 150px\" \/><\/div><\/a><\/div><div class=\"gutentor-post-content\"><div class=\"gutentor-post-title-data-wrap\"><h3 class=\"gutentor-post-title\"><a href=\"https:\/\/szpital.hhd.pl\/?aktualnosci=decyzja-wojewody-wielkopolskiego-o-dopuszczeniu-odwiedzin-pacjentow\" rel=\"bookmark\">Decyzja Wojewody Wielkopolskiego o dopuszczeniu odwiedzin pacjent\u00f3w<\/a><\/h3><\/div><div class=\"gutentor-entry-meta gutentor-entry-meta-primary\"><div class=\"author vcard\"><i class=\"far fa-user\"><\/i><a href=\"https:\/\/szpital.hhd.pl\/?aktualnosci=decyzja-wojewody-wielkopolskiego-o-dopuszczeniu-odwiedzin-pacjentow\" rel=\"bookmark\">Test User<\/a><\/div><div class=\"posted-on\"><i class=\"far fa-calendar-alt\"><\/i><a href=\"https:\/\/szpital.hhd.pl\/?aktualnosci=decyzja-wojewody-wielkopolskiego-o-dopuszczeniu-odwiedzin-pacjentow\" rel=\"bookmark\">2021-08-25<\/a><\/div><\/div><div class=\"gutentor-post-desc\">Wykonuj\u0105c Decyzj\u0119 Wojewody Wielkopolskiego z dnia 19 sierpnia 2021, w oparciu o Rekomendacje Ministe&hellip;<\/div><\/div><\/div><\/article><article class='gutentor-post  grid-lg-12 grid-md-12 grid-12'><div class=\"gutentor-post-item\"><div class='gutentor-post-image-box'><a class=\"gutentor-post-image-link \" href=\"https:\/\/szpital.hhd.pl\/?aktualnosci=wolne-miejsca-na-szczepienia-2\"  rel=\"noopener noreferrer\"><div class=\"gutentor-image-thumb\"><img width=\"150\" height=\"150\" src=\"https:\/\/szpital.hhd.pl\/wp-content\/uploads\/2021\/09\/rysunek-1.svg\" class=\"attachment-thumbnail default-featured-img\" alt=\"\" loading=\"lazy\" srcset=\"https:\/\/szpital.hhd.pl\/wp-content\/uploads\/\/2021\/09\/rysunek-1.svg 150w, https:\/\/szpital.hhd.pl\/wp-content\/uploads\/\/2021\/09\/rysunek-1.svg 300w, https:\/\/szpital.hhd.pl\/wp-content\/uploads\/\/2021\/09\/rysunek-1.svg 1024w, https:\/\/szpital.hhd.pl\/wp-content\/uploads\/\/2021\/09\/rysunek-1.svg 50w\" sizes=\"(max-width: 150px) 100vw, 150px\" \/><\/div><\/a><\/div><div class=\"gutentor-post-content\"><div class=\"gutentor-post-title-data-wrap\"><h3 class=\"gutentor-post-title\"><a href=\"https:\/\/szpital.hhd.pl\/?aktualnosci=wolne-miejsca-na-szczepienia-2\" rel=\"bookmark\">Wolne miejsca na szczepienia<\/a><\/h3><\/div><div class=\"gutentor-entry-meta gutentor-entry-meta-primary\"><div class=\"author vcard\"><i class=\"far fa-user\"><\/i><a href=\"https:\/\/szpital.hhd.pl\/?aktualnosci=wolne-miejsca-na-szczepienia-2\" rel=\"bookmark\">zandeckiw<\/a><\/div><div class=\"posted-on\"><i class=\"far fa-calendar-alt\"><\/i><a href=\"https:\/\/szpital.hhd.pl\/?aktualnosci=wolne-miejsca-na-szczepienia-2\" rel=\"bookmark\">2021-07-05<\/a><\/div><\/div><div class=\"gutentor-post-desc\">Punkt Szczepie\u0144 Populacyjnych informuje, \u017ce w tym tygodniu s\u0105 wolne dawki szczepionki Pfizer, Johnso&hellip;<\/div><\/div><\/div><\/article><article class='gutentor-post  grid-lg-12 grid-md-12 grid-12'><div class=\"gutentor-post-item\"><div class='gutentor-post-image-box'><a class=\"gutentor-post-image-link \" href=\"https:\/\/szpital.hhd.pl\/?aktualnosci=przekazywanie-paczek-dla-pacjentow\"  rel=\"noopener noreferrer\"><div class=\"gutentor-image-thumb\"><img width=\"150\" height=\"150\" src=\"https:\/\/szpital.hhd.pl\/wp-content\/uploads\/2021\/09\/rysunek-1.svg\" class=\"attachment-thumbnail default-featured-img\" alt=\"\" loading=\"lazy\" srcset=\"https:\/\/szpital.hhd.pl\/wp-content\/uploads\/\/2021\/09\/rysunek-1.svg 150w, https:\/\/szpital.hhd.pl\/wp-content\/uploads\/\/2021\/09\/rysunek-1.svg 300w, https:\/\/szpital.hhd.pl\/wp-content\/uploads\/\/2021\/09\/rysunek-1.svg 1024w, https:\/\/szpital.hhd.pl\/wp-content\/uploads\/\/2021\/09\/rysunek-1.svg 50w\" sizes=\"(max-width: 150px) 100vw, 150px\" \/><\/div><\/a><\/div><div class=\"gutentor-post-content\"><div class=\"gutentor-post-title-data-wrap\"><h3 class=\"gutentor-post-title\"><a href=\"https:\/\/szpital.hhd.pl\/?aktualnosci=przekazywanie-paczek-dla-pacjentow\" rel=\"bookmark\">Przekazywanie paczek dla Pacjent\u00f3w<\/a><\/h3><\/div><div class=\"gutentor-entry-meta gutentor-entry-meta-primary\"><div class=\"author vcard\"><i class=\"far fa-user\"><\/i><a href=\"https:\/\/szpital.hhd.pl\/?aktualnosci=przekazywanie-paczek-dla-pacjentow\" rel=\"bookmark\">zandeckiw<\/a><\/div><div class=\"posted-on\"><i class=\"far fa-calendar-alt\"><\/i><a href=\"https:\/\/szpital.hhd.pl\/?aktualnosci=przekazywanie-paczek-dla-pacjentow\" rel=\"bookmark\">2021-06-22<\/a><\/div><\/div><div class=\"gutentor-post-desc\">Szanowni Pa\u0144stwo,\r\nod jutra, tj. 23.06.2021r. paczki przekazywane dla Pacjent\u00f3w nale\u017cy zostawia\u0107 bez&hellip;<\/div><\/div><\/div><\/article><article class='gutentor-post  grid-lg-12 grid-md-12 grid-12'><div class=\"gutentor-post-item\"><div class='gutentor-post-image-box'><a class=\"gutentor-post-image-link \" href=\"https:\/\/szpital.hhd.pl\/?aktualnosci=krotki-czas-oczekiwania-na-zabiegi-endoprotezoplastyki-stawu-kolanowego-biodrowego\"  rel=\"noopener noreferrer\"><div class=\"gutentor-image-thumb\"><img width=\"150\" height=\"150\" src=\"https:\/\/szpital.hhd.pl\/wp-content\/uploads\/2021\/09\/rysunek-1.svg\" class=\"attachment-thumbnail default-featured-img\" alt=\"\" loading=\"lazy\" srcset=\"https:\/\/szpital.hhd.pl\/wp-content\/uploads\/\/2021\/09\/rysunek-1.svg 150w, https:\/\/szpital.hhd.pl\/wp-content\/uploads\/\/2021\/09\/rysunek-1.svg 300w, https:\/\/szpital.hhd.pl\/wp-content\/uploads\/\/2021\/09\/rysunek-1.svg 1024w, https:\/\/szpital.hhd.pl\/wp-content\/uploads\/\/2021\/09\/rysunek-1.svg 50w\" sizes=\"(max-width: 150px) 100vw, 150px\" \/><\/div><\/a><\/div><div class=\"gutentor-post-content\"><div class=\"gutentor-post-title-data-wrap\"><h3 class=\"gutentor-post-title\"><a href=\"https:\/\/szpital.hhd.pl\/?aktualnosci=krotki-czas-oczekiwania-na-zabiegi-endoprotezoplastyki-stawu-kolanowego-biodrowego\" rel=\"bookmark\">Kr\u00f3tki czas oczekiwania na zabiegi endoprotezoplastyki stawu kolanowego\/biodrowego<\/a><\/h3><\/div><div class=\"gutentor-entry-meta gutentor-entry-meta-primary\"><div class=\"author vcard\"><i class=\"far fa-user\"><\/i><a href=\"https:\/\/szpital.hhd.pl\/?aktualnosci=krotki-czas-oczekiwania-na-zabiegi-endoprotezoplastyki-stawu-kolanowego-biodrowego\" rel=\"bookmark\">zandeckiw<\/a><\/div><div class=\"posted-on\"><i class=\"far fa-calendar-alt\"><\/i><a href=\"https:\/\/szpital.hhd.pl\/?aktualnosci=krotki-czas-oczekiwania-na-zabiegi-endoprotezoplastyki-stawu-kolanowego-biodrowego\" rel=\"bookmark\">2021-06-18<\/a><\/div><\/div><div class=\"gutentor-post-desc\">Oddzia\u0142 Ortopedii i Traumatologii Narz\u0105du Ruchu zaprasza chorych wymagaj\u0105cych zabiegu endoprotezopla&hellip;<\/div><\/div><\/div><\/article><\/div><\/div><\/section>\n\n\n<div id=\"section-g3567b3\" class=\"wp-block-gutentor-e17 section-g3567b3 gutentor-element gutentor-post-footer\"><div class=\"grid-container\"><div class=\"grid-row\">\n<div id=\"col-gm691d98\" class=\"wp-block-gutentor-e15 gutentor-single-column  grid-lg-12 grid-md-12 grid-12\"><div id=\"section-gm691d98\" class=\"section-gm691d98 gutentor-col-wrap\">\n<div id=\"section-ge199ca\" class=\"wp-block-gutentor-e12 section-ge199ca gutentor-element gutentor-element-pagination text-align-center-mobile\"><div class=\"gutentor-pagination-wrap\" data-maxnumpages=\"15\"><ul class=\"gutentor-pagination\"><li class=\"gutentor-pagination-item gutentor-pagination-prev\"><a class=\"gutentor-pagination-link gutentor-disabled\" href=\"#\"><i class=\"fas fa-chevron-left\"><\/i><\/a><\/li><li class=\"gutentor-pagination-item gutentor-pagination-active\" data-gpage=\"1\"><a class=\"gutentor-pagination-link\" href=\"#\">1<\/a><\/li><li class=\"gutentor-pagination-item\"><a class=\"gutentor-pagination-link\" href=\"#\" data-gpage=\"2\">2<\/a><\/li><li class=\"gutentor-pagination-item\"><a class=\"gutentor-pagination-link\" href=\"#\" data-gpage=\"3\">3<\/a><\/li><li class=\"gutentor-pagination-item\"><a class=\"gutentor-pagination-link\" href=\"#\" data-gpage=\"4\">4<\/a><\/li><li class=\"gutentor-pagination-item gutentor-pagination-dots\"><a class=\"gutentor-pagination-link\" href=\"#\">&#8230;<\/a><\/li><li class=\"gutentor-pagination-item\"><a class=\"gutentor-pagination-link\" href=\"#\" data-gpage=\"15\">15<\/a><\/li><li class=\"gutentor-pagination-item gutentor-pagination-next\"><a class=\"gutentor-pagination-link\" href=\"#\" data-gpage=\"2\"><i class=\"fas fa-chevron-right\"><\/i><\/a><\/li><\/ul><\/div><\/div>\n<\/div><\/div>\n<\/div><\/div><\/div>\n<\/section>\n","protected":false},"excerpt":{"rendered":"","protected":false},"author":1,"featured_media":3140,"parent":0,"menu_order":0,"comment_status":"closed","ping_status":"closed","template":"template-gutentor-full-width.php","meta":[],"uagb_featured_image_src":{"full":["https:\/\/szpital.hhd.pl\/wp-content\/uploads\/2021\/09\/rysunek-1.svg",50,50,false],"thumbnail":["https:\/\/szpital.hhd.pl\/wp-content\/uploads\/2021\/09\/rysunek-1.svg",150,150,true],"medium":["https:\/\/szpital.hhd.pl\/wp-content\/uploads\/2021\/09\/rysunek-1.svg",300,300,true],"medium_large":["https:\/\/szpital.hhd.pl\/wp-content\/uploads\/2021\/09\/rysunek-1.svg",768,1,true],"large":["https:\/\/szpital.hhd.pl\/wp-content\/uploads\/2021\/09\/rysunek-1.svg",1024,1024,true],"1536x1536":["https:\/\/szpital.hhd.pl\/wp-content\/uploads\/2021\/09\/rysunek-1.svg",50,50,true],"2048x2048":["https:\/\/szpital.hhd.pl\/wp-content\/uploads\/2021\/09\/rysunek-1.svg",50,50,true],"sydney-large-thumb":["https:\/\/szpital.hhd.pl\/wp-content\/uploads\/2021\/09\/rysunek-1.svg",50,50,true],"sydney-medium-thumb":["https:\/\/szpital.hhd.pl\/wp-content\/uploads\/2021\/09\/rysunek-1.svg",50,50,true],"sydney-small-thumb":["https:\/\/szpital.hhd.pl\/wp-content\/uploads\/2021\/09\/rysunek-1.svg",50,50,true],"sydney-service-thumb":["https:\/\/szpital.hhd.pl\/wp-content\/uploads\/2021\/09\/rysunek-1.svg",50,50,true],"sydney-mas-thumb":["https:\/\/szpital.hhd.pl\/wp-content\/uploads\/2021\/09\/rysunek-1.svg",50,50,true]},"uagb_author_info":{"display_name":"zandeckiw","author_link":"https:\/\/szpital.hhd.pl\/?author=1"},"uagb_comment_info":0,"uagb_excerpt":null,"_links":{"self":[{"href":"https:\/\/szpital.hhd.pl\/index.php?rest_route=\/wp\/v2\/pages\/998"}],"collection":[{"href":"https:\/\/szpital.hhd.pl\/index.php?rest_route=\/wp\/v2\/pages"}],"about":[{"href":"https:\/\/szpital.hhd.pl\/index.php?rest_route=\/wp\/v2\/types\/page"}],"author":[{"embeddable":true,"href":"https:\/\/szpital.hhd.pl\/index.php?rest_route=\/wp\/v2\/users\/1"}],"replies":[{"embeddable":true,"href":"https:\/\/szpital.hhd.pl\/index.php?rest_route=%2Fwp%2Fv2%2Fcomments&post=998"}],"version-history":[{"count":0,"href":"https:\/\/szpital.hhd.pl\/index.php?rest_route=\/wp\/v2\/pages\/998\/revisions"}],"wp:featuredmedia":[{"embeddable":true,"href":"https:\/\/szpital.hhd.pl\/index.php?rest_route=\/wp\/v2\/media\/3140"}],"wp:attachment":[{"href":"https:\/\/szpital.hhd.pl\/index.php?rest_route=%2Fwp%2Fv2%2Fmedia&parent=998"}],"curies":[{"name":"wp","href":"https:\/\/api.w.org\/{rel}","templated":true}]}}